{"id":46087,"date":"2026-03-10T14:27:11","date_gmt":"2026-03-10T12:27:11","guid":{"rendered":"https:\/\/www.vempele.fi\/?post_type=product&#038;p=46087"},"modified":"2026-04-09T15:23:05","modified_gmt":"2026-04-09T12:23:05","slug":"kiveniskuteippi-5cm-tai-10cm-x-100cm","status":"publish","type":"product","link":"https:\/\/www.vempele.fi\/fi\/tuote\/kiveniskuteippi-5cm-tai-10cm-x-100cm\/","title":{"rendered":"Kiveniskuteippi &#8211; 5cm tai 10cm x 100cm"},"content":{"rendered":"<p data-start=\"104\" data-end=\"149\"><strong data-start=\"104\" data-end=\"149\">Suojakalvo auton maalipinnan suojaamiseen<\/strong><\/p>\n<p data-start=\"151\" data-end=\"319\">Suojausteippi\u00e4 k\u00e4ytet\u00e4\u00e4n yleisimmin auton herkimpiin kohtiin, kuten takaluukun reunoihin, lokasuojien kaariin, kynnyslistoihin, etupuskuriin sek\u00e4 konepellin etureunaan.<\/p>\n<p data-start=\"321\" data-end=\"711\">Asennuksessa voidaan k\u00e4ytt\u00e4\u00e4 apuna puhdasta vett\u00e4 tai saippuavett\u00e4. Saippuaveden k\u00e4yt\u00f6ss\u00e4 on t\u00e4rke\u00e4\u00e4, ett\u00e4 saippuan pH-arvo on neutraali (pH 7). Suositeltu sekoitussuhde on 3\u201315 osaa saippuaa 100 osaan vett\u00e4 (3\u201315:100). Saippuavesi helpottaa kalvon liikuttelua asennuksen aikana, mutta kuivuu hitaammin kuin pelkk\u00e4 vesi. Pieniss\u00e4 ja nopeissa asennuksissa voidaan k\u00e4ytt\u00e4\u00e4 my\u00f6s pelkk\u00e4\u00e4 vett\u00e4.<\/p>\n<p data-start=\"713\" data-end=\"1069\">Kaareville pinnoille asennettaessa kuumailmapuhallin helpottaa teipin muotoilua. Asennuksen j\u00e4lkeen teipin reunat kannattaa l\u00e4mmitt\u00e4\u00e4 huolellisesti, kuitenkin enint\u00e4\u00e4n 80 \u00b0C l\u00e4mp\u00f6tilaan, jotta kiinnittyminen varmistuu. K\u00e4yt\u00e4 lastaa teipin p\u00e4\u00e4lt\u00e4, jotta kalvon alle j\u00e4\u00e4nyt vesi ja mahdolliset ilmakuplat poistuvat. Lopuksi kuivaa pinta ja irrota suojakalvo.<\/p>\n<p data-start=\"1071\" data-end=\"1375\">Huolellinen esivalmistelu on t\u00e4rke\u00e4\u00e4 onnistuneen lopputuloksen kannalta. Teipattavan pinnan tulee olla t\u00e4ysin puhdas. Suositeltavaa on pest\u00e4 alue silikoninpoistoaineella ja viimeistell\u00e4 puhdistus p\u00f6lyliinalla. Ty\u00f6skentely\u00e4 helpottaa, jos leikkaat sopivan kokoisen palan teippi\u00e4 valmiiksi ennen asennusta.<\/p>\n<p data-start=\"1377\" data-end=\"1396\"><strong data-start=\"1377\" data-end=\"1396\">Tekniset tiedot<\/strong><\/p>\n<ul data-start=\"1397\" data-end=\"1525\">\n<li data-section-id=\"1lj6gyc\" data-start=\"1444\" data-end=\"1481\">Pituus: Leikataan rullasta, 1kpl tuotetta 1 metri.<\/li>\n<li>Asennustapa: Vesi tai saippuavesi<\/li>\n<li>Maksimil\u00e4mmitys: 80 \u00b0C<\/li>\n<li>Paksuus: 120 \u00b5m<\/li>\n<li data-section-id=\"1lj6gyc\" data-start=\"1444\" data-end=\"1481\">Leveys: 5 tai 10cm<\/li>\n<\/ul>\n","protected":false},"excerpt":{"rendered":"<p><strong data-start=\"104\" data-end=\"149\">Suojakalvo auton maalipinnan suojaamiseen<\/strong><\/p>\n<p>Leikataan rullasta kokomittaisena. 1kpl tuotetta on 1 metri.<\/p>\n","protected":false},"featured_media":46094,"comment_status":"open","ping_status":"closed","template":"","meta":[],"product_brand":[],"product_cat":[151,152,153,154,452,453,454,455,481,484,486,483,128],"product_tag":[],"class_list":{"0":"post-46087","1":"product","2":"type-product","3":"status-publish","4":"has-post-thumbnail","6":"product_cat-model-3","7":"product_cat-model-s","8":"product_cat-model-x","9":"product_cat-model-y","10":"product_cat-m3-tarvikkeet","11":"product_cat-ms-tarvikkeet","12":"product_cat-mx-tarvikkeet","13":"product_cat-my-tarvikkeet","14":"product_cat-tarvikkeet-ulkopuolelle-model-3","15":"product_cat-tarvikkeet-ulkopuolelle-model-s","16":"product_cat-tarvikkeet-ulkopuolelle-model-x","17":"product_cat-tarvikkeet-ulkopuolelle-model-y","18":"product_cat-tesla-tuotteet","20":"first","21":"instock","22":"taxable","23":"shipping-taxable","24":"purchasable","25":"product-type-variable"},"jetpack_sharing_enabled":true,"_links":{"self":[{"href":"https:\/\/www.vempele.fi\/fi\/wp-json\/wp\/v2\/product\/46087","targetHints":{"allow":["GET"]}}],"collection":[{"href":"https:\/\/www.vempele.fi\/fi\/wp-json\/wp\/v2\/product"}],"about":[{"href":"https:\/\/www.vempele.fi\/fi\/wp-json\/wp\/v2\/types\/product"}],"replies":[{"embeddable":true,"href":"https:\/\/www.vempele.fi\/fi\/wp-json\/wp\/v2\/comments?post=46087"}],"wp:featuredmedia":[{"embeddable":true,"href":"https:\/\/www.vempele.fi\/fi\/wp-json\/wp\/v2\/media\/46094"}],"wp:attachment":[{"href":"https:\/\/www.vempele.fi\/fi\/wp-json\/wp\/v2\/media?parent=46087"}],"wp:term":[{"taxonomy":"product_brand","embeddable":true,"href":"https:\/\/www.vempele.fi\/fi\/wp-json\/wp\/v2\/product_brand?post=46087"},{"taxonomy":"product_cat","embeddable":true,"href":"https:\/\/www.vempele.fi\/fi\/wp-json\/wp\/v2\/product_cat?post=46087"},{"taxonomy":"product_tag","embeddable":true,"href":"https:\/\/www.vempele.fi\/fi\/wp-json\/wp\/v2\/product_tag?post=46087"}],"curies":[{"name":"wp","href":"https:\/\/api.w.org\/{rel}","templated":true}]}}