{"id":46430,"date":"2025-03-01T00:00:00","date_gmt":"2025-02-28T22:00:00","guid":{"rendered":"https:\/\/www.vempele.fi\/fi\/tuote\/it-wheels-gina-dull-anthracite-19x85-et37-model-3-y\/"},"modified":"2026-04-17T18:51:18","modified_gmt":"2026-04-17T15:51:18","slug":"it-wheels-gina-dull-anthracite-19x85-et37-model-3-y","status":"publish","type":"product","link":"https:\/\/www.vempele.fi\/fi\/tuote\/it-wheels-gina-dull-anthracite-19x85-et37-model-3-y\/","title":{"rendered":"IT WHEELS GINA Dull Anthracite 19&#215;8,5 ET37 &#8211; Model 3 \/ Y"},"content":{"rendered":"<p>IT WHEELS GINA Dull Anthracite 19&#215;8,5 ET37<\/p>\n<ul>\n<li>Leveys: 8,5&#8243;<\/li>\n<li>Vanteen halkaisija: 19&#8243;<\/li>\n<li>Suorasovitteinen: Kyll\u00e4<\/li>\n<li>Keskireik\u00e4: 64,1 mm<\/li>\n<li>Alkuper\u00e4inen keskikuppi sopii: Kyll\u00e4<\/li>\n<li>Pulttijako 5&#215;114.3<\/li>\n<li>Kartio: X<\/li>\n<li>Paino: 13,100 kg<\/li>\n<li>Kantavuusindeksi: 0900 kg<\/li>\n<li>T\u00dcV: Kyll\u00e4<\/li>\n<li>Suositeltu talvik\u00e4ytt\u00f6: Kyll\u00e4<\/li>\n<\/ul>\n<p>Ei sovi Model 3 Performanceen! <br \/>Sopii Model Y Performanceen <\/p>\n","protected":false},"excerpt":{"rendered":"<p>IT WHEELS GINA Dull Anthracite 19&#215;8,5 ET37 <\/p>\n<p> Hinta on yhdelle vanteelle <\/p>\n<p> Vanteet toimitetaan suoraan yhteisty\u00f6kumppanin varastosta &#8211; Toimitusaika noin 1 viikko. <\/p>\n<p><a href=\"#tab-description\">Lue lis\u00e4\u00e4&#8230;<\/a><\/p>\n","protected":false},"featured_media":46431,"comment_status":"open","ping_status":"open","template":"","meta":[],"product_brand":[],"product_cat":[372],"product_tag":[775,121,363],"class_list":{"0":"post-46430","1":"product","2":"type-product","3":"status-publish","4":"has-post-thumbnail","6":"product_cat-vanteet","7":"product_tag-it-wheels","8":"product_tag-tesla","9":"product_tag-vanne","11":"first","12":"instock","13":"taxable","14":"shipping-taxable","15":"purchasable","16":"product-type-simple"},"jetpack_sharing_enabled":true,"_links":{"self":[{"href":"https:\/\/www.vempele.fi\/fi\/wp-json\/wp\/v2\/product\/46430","targetHints":{"allow":["GET"]}}],"collection":[{"href":"https:\/\/www.vempele.fi\/fi\/wp-json\/wp\/v2\/product"}],"about":[{"href":"https:\/\/www.vempele.fi\/fi\/wp-json\/wp\/v2\/types\/product"}],"replies":[{"embeddable":true,"href":"https:\/\/www.vempele.fi\/fi\/wp-json\/wp\/v2\/comments?post=46430"}],"wp:featuredmedia":[{"embeddable":true,"href":"https:\/\/www.vempele.fi\/fi\/wp-json\/wp\/v2\/media\/46431"}],"wp:attachment":[{"href":"https:\/\/www.vempele.fi\/fi\/wp-json\/wp\/v2\/media?parent=46430"}],"wp:term":[{"taxonomy":"product_brand","embeddable":true,"href":"https:\/\/www.vempele.fi\/fi\/wp-json\/wp\/v2\/product_brand?post=46430"},{"taxonomy":"product_cat","embeddable":true,"href":"https:\/\/www.vempele.fi\/fi\/wp-json\/wp\/v2\/product_cat?post=46430"},{"taxonomy":"product_tag","embeddable":true,"href":"https:\/\/www.vempele.fi\/fi\/wp-json\/wp\/v2\/product_tag?post=46430"}],"curies":[{"name":"wp","href":"https:\/\/api.w.org\/{rel}","templated":true}]}}