{"id":47432,"date":"2026-04-23T12:12:05","date_gmt":"2026-04-23T09:12:05","guid":{"rendered":"https:\/\/www.vempele.fi\/?post_type=product&#038;p=47432"},"modified":"2026-04-23T14:33:40","modified_gmt":"2026-04-23T11:33:40","slug":"oven-lukon-suojat-model-3-y","status":"publish","type":"product","link":"https:\/\/www.vempele.fi\/fi\/tuote\/oven-lukon-suojat-model-3-y\/","title":{"rendered":"Oven lukon suojat &#8211; Model 3 \/ Y"},"content":{"rendered":"<p>Oven lukon suojat &#8211; Model 3 \/ Y<\/p>\n<ul>\n<li>\u00a0Sopivuus:\n<ul>\n<li>Model 3 2017 -&gt;<\/li>\n<li>Model Y 2020 -&gt;<\/li>\n<\/ul>\n<\/li>\n<li>Materiaali: Silikoni<\/li>\n<li>V\u00e4ri: Musta<\/li>\n<li>Pakkauksessa mukana:\n<ul>\n<li>4 x Lukon suoja<\/li>\n<\/ul>\n<\/li>\n<\/ul>\n","protected":false},"excerpt":{"rendered":"<p>T\u00e4ll\u00e4 saat koristeluta oven v\u00e4liss\u00e4 olevan oven lukon hieman siistimm\u00e4n n\u00e4k\u00f6iseksi. Materiaali on taipuisaa silikonia.<\/p>\n<p>Sis\u00e4lt\u00e4\u00e4 4kpl suojia.<\/p>\n<p>Helppo asentaa. Tuotteessa valmiina kaksipuoleinen teippi. Kiinnitett\u00e4v\u00e4n pinnan tulee olla puhdas ja siin\u00e4 ei saa olla rasvaa \/ silikonia jne.<\/p>\n","protected":false},"featured_media":47433,"comment_status":"open","ping_status":"closed","template":"","meta":[],"product_brand":[],"product_cat":[151,154,452,455,480,482],"product_tag":[891,874,156,271,893,892],"class_list":{"0":"post-47432","1":"product","2":"type-product","3":"status-publish","4":"has-post-thumbnail","6":"product_cat-model-3","7":"product_cat-model-y","8":"product_cat-m3-tarvikkeet","9":"product_cat-my-tarvikkeet","10":"product_cat-tarvikkeet-sisapuolelle-model-3","11":"product_cat-tarvikkeet-sisapuolelle-model-y","12":"product_tag-koriste","13":"product_tag-lukko","14":"product_tag-model-3","15":"product_tag-model-y","16":"product_tag-silikoni","17":"product_tag-tarvike","19":"first","20":"instock","21":"taxable","22":"shipping-taxable","23":"purchasable","24":"product-type-simple"},"jetpack_sharing_enabled":true,"_links":{"self":[{"href":"https:\/\/www.vempele.fi\/fi\/wp-json\/wp\/v2\/product\/47432","targetHints":{"allow":["GET"]}}],"collection":[{"href":"https:\/\/www.vempele.fi\/fi\/wp-json\/wp\/v2\/product"}],"about":[{"href":"https:\/\/www.vempele.fi\/fi\/wp-json\/wp\/v2\/types\/product"}],"replies":[{"embeddable":true,"href":"https:\/\/www.vempele.fi\/fi\/wp-json\/wp\/v2\/comments?post=47432"}],"wp:featuredmedia":[{"embeddable":true,"href":"https:\/\/www.vempele.fi\/fi\/wp-json\/wp\/v2\/media\/47433"}],"wp:attachment":[{"href":"https:\/\/www.vempele.fi\/fi\/wp-json\/wp\/v2\/media?parent=47432"}],"wp:term":[{"taxonomy":"product_brand","embeddable":true,"href":"https:\/\/www.vempele.fi\/fi\/wp-json\/wp\/v2\/product_brand?post=47432"},{"taxonomy":"product_cat","embeddable":true,"href":"https:\/\/www.vempele.fi\/fi\/wp-json\/wp\/v2\/product_cat?post=47432"},{"taxonomy":"product_tag","embeddable":true,"href":"https:\/\/www.vempele.fi\/fi\/wp-json\/wp\/v2\/product_tag?post=47432"}],"curies":[{"name":"wp","href":"https:\/\/api.w.org\/{rel}","templated":true}]}}