{"id":5195,"date":"2020-03-26T16:51:17","date_gmt":"2020-03-26T14:51:17","guid":{"rendered":"https:\/\/www.vempele.fi\/?post_type=product&#038;p=5195"},"modified":"2026-04-08T17:11:17","modified_gmt":"2026-04-08T14:11:17","slug":"jack-pad-nostotyyny-tesla-3","status":"publish","type":"product","link":"https:\/\/www.vempele.fi\/fi\/tuote\/jack-pad-nostotyyny-tesla-3\/","title":{"rendered":"Jack Pad nostotyyny Tesla Model S 3 X Y"},"content":{"rendered":"<div>Tuotteen tiedot:<\/div>\n<ul>\n<li>Yhteensopivuus: Tesla Model 3, Y, S ja X\n<ul>\n<li>Poislukien Takavetoinen Berliiniss\u00e4 valmistettu Model Y uuden mallisella akulla (XP7xxxxx). Kyseisen mallin nostotyynyn l\u00f6yd\u00e4t <a href=\"https:\/\/www.vempele.fi\/tuote\/jack-pad-nostotyyny-tesla-model-y-byd-akku\/\">t\u00e4\u00e4lt\u00e4.<\/a><\/li>\n<\/ul>\n<\/li>\n<li>V\u00e4ri: musta<\/li>\n<li>Materiaali: Muovi<\/li>\n<li>Pituus: 75 mm<\/li>\n<li>Leveys: 75 mm<\/li>\n<li>Korkeus: 45 mm<\/li>\n<\/ul>\n<div><span data-spm-anchor-id=\"a2g0o.detail.1000023.i1.4c0084e2SLVXwM\">Pakkaus sis\u00e4lt\u00e4\u00e4 yhden (1 kpl) nostotyynyn.<\/span><\/div>\n","protected":false},"excerpt":{"rendered":"<p>Jack pad eli nostotyyny hallitunkkiin. Suunniteltu Teslan malleihin S, 3, X &amp; Y.<\/p>\n<p>Jack pad suojaa akkua ja koria autoa nostettaessa. Nostotyynyn tappi asettuu tarkalleen tunkkauskohtaan.<\/p>\n<p><strong>Huom!<\/strong><br \/>\nT\u00e4m\u00e4 tuote ei sovellu k\u00e4ytett\u00e4v\u00e4ksi uuden takavetoisen, Berliiniss\u00e4 valmistetun Model Y:n kanssa jossa on uuden mallinen akku.<br \/>\nKyseisen mallin nostotyynyn l\u00f6yd\u00e4t <a href=\"https:\/\/www.vempele.fi\/tuote\/jack-pad-nostotyyny-tesla-model-y-byd-akku\/\">t\u00e4\u00e4lt\u00e4.<\/a><\/p>\n","protected":false},"featured_media":31202,"comment_status":"open","ping_status":"closed","template":"","meta":[],"product_brand":[],"product_cat":[151,152,153,154,452,453,454,455,481,484,486,483,128,456],"product_tag":[83,524,156,172,173,271,525,121],"class_list":{"0":"post-5195","1":"product","2":"type-product","3":"status-publish","4":"has-post-thumbnail","6":"product_cat-model-3","7":"product_cat-model-s","8":"product_cat-model-x","9":"product_cat-model-y","10":"product_cat-m3-tarvikkeet","11":"product_cat-ms-tarvikkeet","12":"product_cat-mx-tarvikkeet","13":"product_cat-my-tarvikkeet","14":"product_cat-tarvikkeet-ulkopuolelle-model-3","15":"product_cat-tarvikkeet-ulkopuolelle-model-s","16":"product_cat-tarvikkeet-ulkopuolelle-model-x","17":"product_cat-tarvikkeet-ulkopuolelle-model-y","18":"product_cat-tesla-tuotteet","19":"product_cat-vannetarvikkeet","20":"product_tag-autotarvikkeet","21":"product_tag-jack-pad","22":"product_tag-model-3","23":"product_tag-model-s","24":"product_tag-model-x","25":"product_tag-model-y","26":"product_tag-nostotyyny","27":"product_tag-tesla","29":"first","30":"instock","31":"taxable","32":"shipping-taxable","33":"purchasable","34":"product-type-simple"},"jetpack_sharing_enabled":true,"_links":{"self":[{"href":"https:\/\/www.vempele.fi\/fi\/wp-json\/wp\/v2\/product\/5195","targetHints":{"allow":["GET"]}}],"collection":[{"href":"https:\/\/www.vempele.fi\/fi\/wp-json\/wp\/v2\/product"}],"about":[{"href":"https:\/\/www.vempele.fi\/fi\/wp-json\/wp\/v2\/types\/product"}],"replies":[{"embeddable":true,"href":"https:\/\/www.vempele.fi\/fi\/wp-json\/wp\/v2\/comments?post=5195"}],"wp:featuredmedia":[{"embeddable":true,"href":"https:\/\/www.vempele.fi\/fi\/wp-json\/wp\/v2\/media\/31202"}],"wp:attachment":[{"href":"https:\/\/www.vempele.fi\/fi\/wp-json\/wp\/v2\/media?parent=5195"}],"wp:term":[{"taxonomy":"product_brand","embeddable":true,"href":"https:\/\/www.vempele.fi\/fi\/wp-json\/wp\/v2\/product_brand?post=5195"},{"taxonomy":"product_cat","embeddable":true,"href":"https:\/\/www.vempele.fi\/fi\/wp-json\/wp\/v2\/product_cat?post=5195"},{"taxonomy":"product_tag","embeddable":true,"href":"https:\/\/www.vempele.fi\/fi\/wp-json\/wp\/v2\/product_tag?post=5195"}],"curies":[{"name":"wp","href":"https:\/\/api.w.org\/{rel}","templated":true}]}}