{"id":5966,"date":"2020-08-18T14:47:41","date_gmt":"2020-08-18T11:47:41","guid":{"rendered":"https:\/\/www.vempele.fi\/?post_type=product&#038;p=5966"},"modified":"2026-03-27T15:56:20","modified_gmt":"2026-03-27T13:56:20","slug":"tesla-model-3-kuralapat","status":"publish","type":"product","link":"https:\/\/www.vempele.fi\/fi\/tuote\/tesla-model-3-kuralapat\/","title":{"rendered":"Kural\u00e4p\u00e4t &#8211; Tesla Model 3"},"content":{"rendered":"<p>Tesla Model 3 muotoillut kurasuojat. Pakkaus sis\u00e4lt\u00e4\u00e4 4 kpl suojia (molemmin puolin eteen ja taakse) sek\u00e4 tarvittavat kiinnitysniitit nastalla.<\/p>\n<p><strong>Tarkemmat tiedot<\/strong><\/p>\n<ul>\n<li>Sopivuus:\n<ul>\n<li>Model 3 Pre-Refresh vm. 2019 \u2013 2021<\/li>\n<li>Model 3 Refresh vm. 2021 \u2013 2023<\/li>\n<\/ul>\n<\/li>\n<li>Materiaali: ABS muovi<\/li>\n<li>V\u00e4ri: Musta<\/li>\n<li>Pakkauksessa mukana:\n<ul>\n<li>4 x kural\u00e4p\u00e4t, koko setti<\/li>\n<li>9 x kiinnitysniitit nastalla<\/li>\n<li>8 x metallisia ruuveja<\/li>\n<\/ul>\n<\/li>\n<\/ul>\n","protected":false},"excerpt":{"rendered":"<p>Pakkauksessa mukana 4 kappaletta Tesla Model 3:een muotoiltuja kurasuojia, eteen ja taakse omat.<\/p>\n<p>Asennuksessa voi k\u00e4ytt\u00e4\u00e4 olemassa olevia sis\u00e4lokasuojan muoviniittej\u00e4 tai pakkauksen mukana tulevia kiinnitysniittej\u00e4.\u00a0T\u00e4t\u00e4 mallia ei tarvitse erikseen porata sis\u00e4lokasuojaan kiinni, vaan k\u00e4ytet\u00e4\u00e4n ainoastaan olemassa olevia reiki\u00e4.<\/p>\n<p>Suosittelemme <a href=\"https:\/\/www.vempele.fi\/tuote\/kiveniskuteippi-5cm-tai-10cm-x-100cm\/\">PPF-suikaleiden<\/a> k\u00e4ytt\u00f6\u00e4 suojaamaan auton maalipintaa ja kaksipuoleista teippi\u00e4 auttamaan l\u00e4ppien kiinnityksess\u00e4 (ei mukana pakkauksessa).<\/p>\n","protected":false},"featured_media":44812,"comment_status":"open","ping_status":"closed","template":"","meta":[],"product_brand":[],"product_cat":[151,452,481,128],"product_tag":[83,270,121,120],"class_list":{"0":"post-5966","1":"product","2":"type-product","3":"status-publish","4":"has-post-thumbnail","6":"product_cat-model-3","7":"product_cat-m3-tarvikkeet","8":"product_cat-tarvikkeet-ulkopuolelle-model-3","9":"product_cat-tesla-tuotteet","10":"product_tag-autotarvikkeet","11":"product_tag-kuralapat","12":"product_tag-tesla","13":"product_tag-tesla-model-3","15":"first","16":"outofstock","17":"taxable","18":"shipping-taxable","19":"purchasable","20":"product-type-simple"},"jetpack_sharing_enabled":true,"_links":{"self":[{"href":"https:\/\/www.vempele.fi\/fi\/wp-json\/wp\/v2\/product\/5966","targetHints":{"allow":["GET"]}}],"collection":[{"href":"https:\/\/www.vempele.fi\/fi\/wp-json\/wp\/v2\/product"}],"about":[{"href":"https:\/\/www.vempele.fi\/fi\/wp-json\/wp\/v2\/types\/product"}],"replies":[{"embeddable":true,"href":"https:\/\/www.vempele.fi\/fi\/wp-json\/wp\/v2\/comments?post=5966"}],"wp:featuredmedia":[{"embeddable":true,"href":"https:\/\/www.vempele.fi\/fi\/wp-json\/wp\/v2\/media\/44812"}],"wp:attachment":[{"href":"https:\/\/www.vempele.fi\/fi\/wp-json\/wp\/v2\/media?parent=5966"}],"wp:term":[{"taxonomy":"product_brand","embeddable":true,"href":"https:\/\/www.vempele.fi\/fi\/wp-json\/wp\/v2\/product_brand?post=5966"},{"taxonomy":"product_cat","embeddable":true,"href":"https:\/\/www.vempele.fi\/fi\/wp-json\/wp\/v2\/product_cat?post=5966"},{"taxonomy":"product_tag","embeddable":true,"href":"https:\/\/www.vempele.fi\/fi\/wp-json\/wp\/v2\/product_tag?post=5966"}],"curies":[{"name":"wp","href":"https:\/\/api.w.org\/{rel}","templated":true}]}}