{"id":6039,"date":"2020-09-29T14:49:46","date_gmt":"2020-09-29T11:49:46","guid":{"rendered":"https:\/\/www.vempele.fi\/?post_type=product&#038;p=6039"},"modified":"2025-12-16T20:38:57","modified_gmt":"2025-12-16T18:38:57","slug":"tesla-model-3-takakontin-vaimennusmatto","status":"publish","type":"product","link":"https:\/\/www.vempele.fi\/fi\/tuote\/tesla-model-3-takakontin-vaimennusmatto\/","title":{"rendered":"Takakontin vaimennusmatto &#8211; Tesla Model 3"},"content":{"rendered":"<p><strong>Asennusohjeet<\/strong><\/p>\n<p>Helppo asentaa. Puhdista alueet joille teippaukset tulevat, irroita punaiset tarrasuojat ja paina mattoa tasaisesti jokapuolelta. Pitk\u00e4 liimapinta ja maton reuna on tarkoitus asettaa takaluukun tiivisteen reunan alle. T\u00e4ss\u00e4 kannattaa olla huolellinen jotta liima tarttuu hyvin. Oman auton kanssa olin liian h\u00e4t\u00e4inen ja jouduin laittamaan toisen kerroksen kaksipuoleista teippi\u00e4 kun maton reuna ei pysynyt liimasta huolimatta tiivisteen alla ensimm\u00e4isell\u00e4 yritt\u00e4m\u00e4ll\u00e4.<\/p>\n<p><b>Tarkemmat tiedot<\/b><\/p>\n<ul>\n<li>Sopivuus:\n<ul>\n<li>Model 3 Pre-Refresh vm. 2019 \u2013 2021<\/li>\n<li>Model 3 Refresh vm. 2021 \u2013 2023<\/li>\n<\/ul>\n<\/li>\n<li>Sijoituspaikka ajoneuvossa: Takakontti<\/li>\n<li>Materiaali: PVC<\/li>\n<li>V\u00e4ri: Musta<\/li>\n<li>Pakkauksessa mukana:\n<ul>\n<li>1 x Vaimennusmatto takakonttiin<\/li>\n<li>6 x Kiinnitysruuvit ja tarvikkeet<\/li>\n<\/ul>\n<\/li>\n<li>Mitat: Leveys alareunasta (kuvissa kapeampi osa) 96cm, leveys yl\u00e4reunasta 108,5 cm (leveimm\u00e4st\u00e4 kohtaa) ja syvyys 76 cm.<\/li>\n<li>Paino kiinnitystarvikkeiden kanssa 0.640 Kg<\/li>\n<\/ul>\n","protected":false},"excerpt":{"rendered":"<p>Tesla Model 3 takakontin vaimennusmatto. Tuotteessa mukana liimakaistaleet joilla maton saa kiinnitetty\u00e4 tukevasti. Tuotteen tarkoituksena on v\u00e4hent\u00e4\u00e4 ulkopuolelta tulevia \u00e4\u00e4ni\u00e4 korkeissa ajonopeuksissa. Mit\u00e4\u00e4n ihmeit\u00e4 vaimennukselta ei kannata odottaa &#8211; ainakaan Tesla Bj\u00f6rnin testien mukaan mitattavaa vaikutusta ei ole, mutta onhan se mukavampi katsella tuota kuin paljasta metallipintaa&#8230;<\/p>\n<p>Tarkoitettu Tesla Model 3 mallille. Varmista sopivuus ennen ostoa.<\/p>\n","protected":false},"featured_media":6051,"comment_status":"open","ping_status":"closed","template":"","meta":[],"product_brand":[],"product_cat":[151,452,480,128],"product_tag":[121,120,370],"class_list":{"0":"post-6039","1":"product","2":"type-product","3":"status-publish","4":"has-post-thumbnail","6":"product_cat-model-3","7":"product_cat-m3-tarvikkeet","8":"product_cat-tarvikkeet-sisapuolelle-model-3","9":"product_cat-tesla-tuotteet","10":"product_tag-tesla","11":"product_tag-tesla-model-3","12":"product_tag-vaimennusmatto","13":"product_shipping_class-nouto","15":"first","16":"instock","17":"taxable","18":"shipping-taxable","19":"purchasable","20":"product-type-simple"},"jetpack_sharing_enabled":true,"_links":{"self":[{"href":"https:\/\/www.vempele.fi\/fi\/wp-json\/wp\/v2\/product\/6039","targetHints":{"allow":["GET"]}}],"collection":[{"href":"https:\/\/www.vempele.fi\/fi\/wp-json\/wp\/v2\/product"}],"about":[{"href":"https:\/\/www.vempele.fi\/fi\/wp-json\/wp\/v2\/types\/product"}],"replies":[{"embeddable":true,"href":"https:\/\/www.vempele.fi\/fi\/wp-json\/wp\/v2\/comments?post=6039"}],"wp:featuredmedia":[{"embeddable":true,"href":"https:\/\/www.vempele.fi\/fi\/wp-json\/wp\/v2\/media\/6051"}],"wp:attachment":[{"href":"https:\/\/www.vempele.fi\/fi\/wp-json\/wp\/v2\/media?parent=6039"}],"wp:term":[{"taxonomy":"product_brand","embeddable":true,"href":"https:\/\/www.vempele.fi\/fi\/wp-json\/wp\/v2\/product_brand?post=6039"},{"taxonomy":"product_cat","embeddable":true,"href":"https:\/\/www.vempele.fi\/fi\/wp-json\/wp\/v2\/product_cat?post=6039"},{"taxonomy":"product_tag","embeddable":true,"href":"https:\/\/www.vempele.fi\/fi\/wp-json\/wp\/v2\/product_tag?post=6039"}],"curies":[{"name":"wp","href":"https:\/\/api.w.org\/{rel}","templated":true}]}}