{"id":6081,"date":"2020-10-12T12:29:29","date_gmt":"2020-10-12T09:29:29","guid":{"rendered":"https:\/\/www.vempele.fi\/?post_type=product&#038;p=6081"},"modified":"2026-04-28T10:16:16","modified_gmt":"2026-04-28T07:16:16","slug":"kiinnitysniitti-nastalla","status":"publish","type":"product","link":"https:\/\/www.vempele.fi\/fi\/tuote\/kiinnitysniitti-nastalla\/","title":{"rendered":"Kiinnitysniitti nastalla"},"content":{"rendered":"<p><strong>Asennusohje:<\/strong><\/p>\n<p>Paina nasta niitin reik\u00e4\u00e4n. Nasta laajentaa niitin k\u00e4rke\u00e4, jolloin se lukittuu paikalleen tukevasti. Huom! Uusi versiomme tuotteesta on edelt\u00e4j\u00e4\u00e4ns\u00e4 isompi, ja kiinnitt\u00e4ess\u00e4 voi joutua k\u00e4ytt\u00e4m\u00e4\u00e4n apuv\u00e4linett\u00e4. Varmista, ett\u00e4 niitti on suorassa. Voimalla vinoon painettuna se murtuu herk\u00e4sti.<\/p>\n<p>Irrottaaksesi ruuvin niitist\u00e4 ty\u00f6nn\u00e4 esimerkiksi talttap\u00e4\u00e4meisseli niitin kannan syvennykseen ja nosta ruuvin kantaa.<\/p>\n<p><strong>Tuotetiedot<\/strong><\/p>\n<p>V\u00e4ri: musta<br \/>\nMateriaali: muovi<br \/>\nSopivan rei\u00e4n koko:\u00a0 8 mm<br \/>\nRuuvin kannan halkaisija: 14 mm<br \/>\nRuuvin pituus: 18 mm<br \/>\nNiitin kannan halkaisija: 19 mm<br \/>\nNiitin pituus: 23 mm<br \/>\nKokonaispituus: 24 mm<\/p>\n","protected":false},"excerpt":{"rendered":"<p>Kiinnitysniitti nastalla 2.0 on edelt\u00e4j\u00e4\u00e4ns\u00e4 isompi, joten kiinnit\u00e4t n\u00e4ill\u00e4 kural\u00e4p\u00e4t entist\u00e4 tukevammin. Asennus ja irrotus on edelleen helppoa.<\/p>\n<p>Yhteensopivuus esim:<\/p>\n<ul>\n<li>Tesla Model 3 \/ Y \/ X \/ S<\/li>\n<li>VW Transporter, Caravelle &amp; T6 Multivan<\/li>\n<\/ul>\n","protected":false},"featured_media":10950,"comment_status":"open","ping_status":"closed","template":"","meta":[],"product_brand":[],"product_cat":[151,152,153,154,452,453,454,455,481,484,486,483,128],"product_tag":[343,459,366,270,367,121,120,122],"class_list":{"0":"post-6081","1":"product","2":"type-product","3":"status-publish","4":"has-post-thumbnail","6":"product_cat-model-3","7":"product_cat-model-s","8":"product_cat-model-x","9":"product_cat-model-y","10":"product_cat-m3-tarvikkeet","11":"product_cat-ms-tarvikkeet","12":"product_cat-mx-tarvikkeet","13":"product_cat-my-tarvikkeet","14":"product_cat-tarvikkeet-ulkopuolelle-model-3","15":"product_cat-tarvikkeet-ulkopuolelle-model-s","16":"product_cat-tarvikkeet-ulkopuolelle-model-x","17":"product_cat-tarvikkeet-ulkopuolelle-model-y","18":"product_cat-tesla-tuotteet","19":"product_tag-kiinnitysniitti","20":"product_tag-kiinnitysniitti-nastalla","21":"product_tag-kiinnitysniitti-ruuvilla","22":"product_tag-kuralapat","23":"product_tag-ruuvi","24":"product_tag-tesla","25":"product_tag-tesla-model-3","26":"product_tag-tesla-model-s","28":"first","29":"instock","30":"taxable","31":"shipping-taxable","32":"purchasable","33":"product-type-simple"},"jetpack_sharing_enabled":true,"_links":{"self":[{"href":"https:\/\/www.vempele.fi\/fi\/wp-json\/wp\/v2\/product\/6081","targetHints":{"allow":["GET"]}}],"collection":[{"href":"https:\/\/www.vempele.fi\/fi\/wp-json\/wp\/v2\/product"}],"about":[{"href":"https:\/\/www.vempele.fi\/fi\/wp-json\/wp\/v2\/types\/product"}],"replies":[{"embeddable":true,"href":"https:\/\/www.vempele.fi\/fi\/wp-json\/wp\/v2\/comments?post=6081"}],"wp:featuredmedia":[{"embeddable":true,"href":"https:\/\/www.vempele.fi\/fi\/wp-json\/wp\/v2\/media\/10950"}],"wp:attachment":[{"href":"https:\/\/www.vempele.fi\/fi\/wp-json\/wp\/v2\/media?parent=6081"}],"wp:term":[{"taxonomy":"product_brand","embeddable":true,"href":"https:\/\/www.vempele.fi\/fi\/wp-json\/wp\/v2\/product_brand?post=6081"},{"taxonomy":"product_cat","embeddable":true,"href":"https:\/\/www.vempele.fi\/fi\/wp-json\/wp\/v2\/product_cat?post=6081"},{"taxonomy":"product_tag","embeddable":true,"href":"https:\/\/www.vempele.fi\/fi\/wp-json\/wp\/v2\/product_tag?post=6081"}],"curies":[{"name":"wp","href":"https:\/\/api.w.org\/{rel}","templated":true}]}}