{"id":6117,"date":"2021-07-20T14:00:55","date_gmt":"2021-07-20T11:00:55","guid":{"rendered":"https:\/\/www.vempele.fi\/?post_type=product&#038;p=6117"},"modified":"2026-04-15T12:32:48","modified_gmt":"2026-04-15T09:32:48","slug":"kupinpidike-adapteri-tesla-model-3","status":"publish","type":"product","link":"https:\/\/www.vempele.fi\/fi\/tuote\/kupinpidike-adapteri-tesla-model-3\/","title":{"rendered":"Kupinpidike Adapteri &#8211; Tesla Model 3"},"content":{"rendered":"<p>Kupinpidike Adapteri Teslan Model 3:lle &#8211; v\u00e4hent\u00e4\u00e4 kupinpidikkeen ymp\u00e4rimittaa, jonka my\u00f6t\u00e4 kupit pysyv\u00e4t paremmin paikoillaan!<\/p>\n<p><strong>Tuotetiedot<\/strong><\/p>\n<ul>\n<li>Tuotenimi: Kupinpidike Adapteri<\/li>\n<li>Sopivuus:\n<ul>\n<li>Model 3 Pre-Refresh vm. 2019 \u2013 2021<\/li>\n<\/ul>\n<\/li>\n<li>Pakkaus sis\u00e4lt\u00e4\u00e4: 1kpl Kupinpidikke adaptereita<\/li>\n<li>Uloin ymp\u00e4rimitta: 70.4 mm<\/li>\n<li>Sisin ymp\u00e4rimitta: 67.3 mm<\/li>\n<li>Korkeus: 59.4 mm<\/li>\n<li>Name: Tesla Model 3 &#8211; Cup holder adapter<\/li>\n<\/ul>\n","protected":false},"excerpt":{"rendered":"<p>Tesla Model 3 &#8211; Kupinpidike adapterin kanssa ei mene kuppi nurin!\u00a0V\u00e4hent\u00e4\u00e4 kupinpidikkeen ymp\u00e4rysmittaa 67.3 millimetriin. Pit\u00e4\u00e4 kupin pystyss\u00e4 Teslan vikkeliss\u00e4 liikkeiss\u00e4. Huom! Paketissa mukana 1kpl kupinpidike adaptereita.<\/p>\n","protected":false},"featured_media":7124,"comment_status":"open","ping_status":"closed","template":"","meta":[],"product_brand":[],"product_cat":[151,452,480,128],"product_tag":[83,121,120],"class_list":{"0":"post-6117","1":"product","2":"type-product","3":"status-publish","4":"has-post-thumbnail","6":"product_cat-model-3","7":"product_cat-m3-tarvikkeet","8":"product_cat-tarvikkeet-sisapuolelle-model-3","9":"product_cat-tesla-tuotteet","10":"product_tag-autotarvikkeet","11":"product_tag-tesla","12":"product_tag-tesla-model-3","14":"first","15":"instock","16":"taxable","17":"shipping-taxable","18":"purchasable","19":"product-type-simple"},"jetpack_sharing_enabled":true,"_links":{"self":[{"href":"https:\/\/www.vempele.fi\/fi\/wp-json\/wp\/v2\/product\/6117","targetHints":{"allow":["GET"]}}],"collection":[{"href":"https:\/\/www.vempele.fi\/fi\/wp-json\/wp\/v2\/product"}],"about":[{"href":"https:\/\/www.vempele.fi\/fi\/wp-json\/wp\/v2\/types\/product"}],"replies":[{"embeddable":true,"href":"https:\/\/www.vempele.fi\/fi\/wp-json\/wp\/v2\/comments?post=6117"}],"wp:featuredmedia":[{"embeddable":true,"href":"https:\/\/www.vempele.fi\/fi\/wp-json\/wp\/v2\/media\/7124"}],"wp:attachment":[{"href":"https:\/\/www.vempele.fi\/fi\/wp-json\/wp\/v2\/media?parent=6117"}],"wp:term":[{"taxonomy":"product_brand","embeddable":true,"href":"https:\/\/www.vempele.fi\/fi\/wp-json\/wp\/v2\/product_brand?post=6117"},{"taxonomy":"product_cat","embeddable":true,"href":"https:\/\/www.vempele.fi\/fi\/wp-json\/wp\/v2\/product_cat?post=6117"},{"taxonomy":"product_tag","embeddable":true,"href":"https:\/\/www.vempele.fi\/fi\/wp-json\/wp\/v2\/product_tag?post=6117"}],"curies":[{"name":"wp","href":"https:\/\/api.w.org\/{rel}","templated":true}]}}