{"id":6231,"date":"2021-02-03T18:32:42","date_gmt":"2021-02-03T16:32:42","guid":{"rendered":"https:\/\/www.vempele.fi\/?post_type=product&#038;p=6231"},"modified":"2024-07-01T16:40:21","modified_gmt":"2024-07-01T13:40:21","slug":"tesla-model-s-x-obd2-adapteri-2016-alkaen","status":"publish","type":"product","link":"https:\/\/www.vempele.fi\/fi\/tuote\/tesla-model-s-x-obd2-adapteri-2016-alkaen\/","title":{"rendered":"Tesla Model S (2016->)\/X &#8211; OBD2-adapteri"},"content":{"rendered":"<p>OBD2-adapteri.<\/p>\n<p>Yhteensopivuus: Tesla Model S:n vuosimallit 2016 eteenp\u00e4in (facelift), Tesla Model X<\/p>\n<p><a href=\"https:\/\/youtu.be\/WyYslH6v7nI\">Ohjeet adapterin asennukseen<\/a><\/p>\n","protected":false},"excerpt":{"rendered":"<p>T\u00e4m\u00e4 adapteri on yhteensopiva Tesla Model S:n vuosimalleihin 2016 eteenp\u00e4in (facelift) ja kaikkiin Model X:n vuosimalleihin.<\/p>\n<p>Adapteri sijoitetaan keskikonsolin alla olevan lokeron sis\u00e4ll\u00e4 olevaan diagnostiikkakaapeliin. Asennettuasi adapterin voit ottaa k\u00e4ytt\u00f6\u00f6n OBD2 BT -donglen ja k\u00e4ytt\u00e4\u00e4 Scanmytesla-sovellusta.<\/p>\n<p><a href=\"https:\/\/youtu.be\/WyYslH6v7nI\">Ohjeet adapterin asennukseen<\/a><\/p>\n","protected":false},"featured_media":6232,"comment_status":"open","ping_status":"closed","template":"","meta":[],"product_brand":[],"product_cat":[152,153,453,454,485,487,128],"product_tag":[],"class_list":{"0":"post-6231","1":"product","2":"type-product","3":"status-publish","4":"has-post-thumbnail","6":"product_cat-model-s","7":"product_cat-model-x","8":"product_cat-ms-tarvikkeet","9":"product_cat-mx-tarvikkeet","10":"product_cat-tarvikkeet-sisapuolelle-model-s","11":"product_cat-tarvikkeet-sisapuolelle-model-x","12":"product_cat-tesla-tuotteet","14":"first","15":"outofstock","16":"taxable","17":"shipping-taxable","18":"purchasable","19":"product-type-simple"},"jetpack_sharing_enabled":true,"_links":{"self":[{"href":"https:\/\/www.vempele.fi\/fi\/wp-json\/wp\/v2\/product\/6231","targetHints":{"allow":["GET"]}}],"collection":[{"href":"https:\/\/www.vempele.fi\/fi\/wp-json\/wp\/v2\/product"}],"about":[{"href":"https:\/\/www.vempele.fi\/fi\/wp-json\/wp\/v2\/types\/product"}],"replies":[{"embeddable":true,"href":"https:\/\/www.vempele.fi\/fi\/wp-json\/wp\/v2\/comments?post=6231"}],"wp:featuredmedia":[{"embeddable":true,"href":"https:\/\/www.vempele.fi\/fi\/wp-json\/wp\/v2\/media\/6232"}],"wp:attachment":[{"href":"https:\/\/www.vempele.fi\/fi\/wp-json\/wp\/v2\/media?parent=6231"}],"wp:term":[{"taxonomy":"product_brand","embeddable":true,"href":"https:\/\/www.vempele.fi\/fi\/wp-json\/wp\/v2\/product_brand?post=6231"},{"taxonomy":"product_cat","embeddable":true,"href":"https:\/\/www.vempele.fi\/fi\/wp-json\/wp\/v2\/product_cat?post=6231"},{"taxonomy":"product_tag","embeddable":true,"href":"https:\/\/www.vempele.fi\/fi\/wp-json\/wp\/v2\/product_tag?post=6231"}],"curies":[{"name":"wp","href":"https:\/\/api.w.org\/{rel}","templated":true}]}}