{"id":6359,"date":"2021-03-22T08:06:02","date_gmt":"2021-03-22T06:06:02","guid":{"rendered":"https:\/\/www.vempele.fi\/?post_type=product&#038;p=6359"},"modified":"2026-04-15T22:06:53","modified_gmt":"2026-04-15T19:06:53","slug":"tesla-model-s-obd2-adapteri-2012-2015","status":"publish","type":"product","link":"https:\/\/www.vempele.fi\/fi\/tuote\/tesla-model-s-obd2-adapteri-2012-2015\/","title":{"rendered":"Tesla Model S 2012-2015 OBD2-adapteri"},"content":{"rendered":"<p>OBD2-muunninadapteri.<\/p>\n<p>Yhteensopivuus: Tesla Model S, valmistusajankohta 1\/2012 &#8211; 8\/2015<\/p>\n<p><a href=\"https:\/\/youtu.be\/WyYslH6v7nI\">Ohjeet adapterin asennukseen<\/a><\/p>\n","protected":false},"excerpt":{"rendered":"<p>T\u00e4m\u00e4 adapteri sopii Tesla Model S:n vuosimalleille, joiden valmistusajankohta on 1\/2012 &#8211; 8\/2015.<\/p>\n<p>Adapteri kiinnitet\u00e4\u00e4n keskikonsolin alla olevan lokeron sis\u00e4ll\u00e4 olevaan diagnostiikkakaapeliin. Asennettuasi t\u00e4m\u00e4n voit ottaa k\u00e4ytt\u00f6\u00f6n OBD2 BT -donglen ja k\u00e4ytt\u00e4\u00e4 Scanmytesla-sovellusta.<\/p>\n<p><a href=\"https:\/\/youtu.be\/WyYslH6v7nI\">Ohjeet adapterin asennukseen<\/a><\/p>\n","protected":false},"featured_media":6360,"comment_status":"open","ping_status":"closed","template":"","meta":[],"product_brand":[],"product_cat":[152,453,485,128],"product_tag":[],"class_list":{"0":"post-6359","1":"product","2":"type-product","3":"status-publish","4":"has-post-thumbnail","6":"product_cat-model-s","7":"product_cat-ms-tarvikkeet","8":"product_cat-tarvikkeet-sisapuolelle-model-s","9":"product_cat-tesla-tuotteet","11":"first","12":"instock","13":"taxable","14":"shipping-taxable","15":"purchasable","16":"product-type-simple"},"jetpack_sharing_enabled":true,"_links":{"self":[{"href":"https:\/\/www.vempele.fi\/fi\/wp-json\/wp\/v2\/product\/6359","targetHints":{"allow":["GET"]}}],"collection":[{"href":"https:\/\/www.vempele.fi\/fi\/wp-json\/wp\/v2\/product"}],"about":[{"href":"https:\/\/www.vempele.fi\/fi\/wp-json\/wp\/v2\/types\/product"}],"replies":[{"embeddable":true,"href":"https:\/\/www.vempele.fi\/fi\/wp-json\/wp\/v2\/comments?post=6359"}],"wp:featuredmedia":[{"embeddable":true,"href":"https:\/\/www.vempele.fi\/fi\/wp-json\/wp\/v2\/media\/6360"}],"wp:attachment":[{"href":"https:\/\/www.vempele.fi\/fi\/wp-json\/wp\/v2\/media?parent=6359"}],"wp:term":[{"taxonomy":"product_brand","embeddable":true,"href":"https:\/\/www.vempele.fi\/fi\/wp-json\/wp\/v2\/product_brand?post=6359"},{"taxonomy":"product_cat","embeddable":true,"href":"https:\/\/www.vempele.fi\/fi\/wp-json\/wp\/v2\/product_cat?post=6359"},{"taxonomy":"product_tag","embeddable":true,"href":"https:\/\/www.vempele.fi\/fi\/wp-json\/wp\/v2\/product_tag?post=6359"}],"curies":[{"name":"wp","href":"https:\/\/api.w.org\/{rel}","templated":true}]}}