{"id":6483,"date":"2021-04-13T10:30:51","date_gmt":"2021-04-13T07:30:51","guid":{"rendered":"https:\/\/www.vempele.fi\/?post_type=product&#038;p=6483"},"modified":"2026-04-18T10:15:10","modified_gmt":"2026-04-18T07:15:10","slug":"tesla-model-3-takakontin-kauppakassikoukut","status":"publish","type":"product","link":"https:\/\/www.vempele.fi\/fi\/tuote\/tesla-model-3-takakontin-kauppakassikoukut\/","title":{"rendered":"Takakontin kauppakassikoukut &#8211; Tesla Model 3"},"content":{"rendered":"<ul>\n<li>Sopivuus:\n<ul>\n<li>Model 3 Pre-Refresh vm. 2019 \u2013 2021<\/li>\n<li>Model 3 Refresh vm. 2021 \u2013 2023<\/li>\n<li>Model 3 Highland vm 2023 -&gt;<\/li>\n<\/ul>\n<\/li>\n<li>Asennus: ruuvataan takakontin yl\u00e4osassa olevaan pulttiin<\/li>\n<li>Materiaali: muovi<\/li>\n<li>V\u00e4ri: musta<\/li>\n<li>Koko: noin 70 x 70 x 45 mm<\/li>\n<li>Pakkauksen sis\u00e4lt\u00f6: 1 x koukku<\/li>\n<\/ul>\n","protected":false},"excerpt":{"rendered":"<p>N\u00e4ill\u00e4 k\u00e4tevill\u00e4 ripustimilla saat ruokakauppaostokset sek\u00e4 muut pussukat roikkumaan paikoillaan Teslan takakontissa. N\u00e4ist\u00e4 koukuista kelpaa roikutella vaikka m\u00f6kkimatkan ostokset, jolloin pullot eiv\u00e4t p\u00e4\u00e4se mutkissa karkaamaan vapaasti kaatuvista kasseista.<\/p>\n<p>N\u00e4it\u00e4 kannattaa uuden Teslan omistajan napata pari kappaletta konttiin. Olemme monesti kuulleet asiakkailta &#8221;miksi n\u00e4it\u00e4 ei ole jo vakiona?&#8221; &amp; &#8221;n\u00e4m\u00e4h\u00e4n ovat k\u00e4tev\u00e4t ja halvat!&#8221;<\/p>\n<p><strong>HUOM!\u00a0<\/strong>Tarkista sopivuus ajoneuvoosi ennen ostoa.<\/p>\n","protected":false},"featured_media":6484,"comment_status":"open","ping_status":"closed","template":"","meta":[],"product_brand":[],"product_cat":[151,452,480,128],"product_tag":[83,544,545,546,156,121],"class_list":{"0":"post-6483","1":"product","2":"type-product","3":"status-publish","4":"has-post-thumbnail","6":"product_cat-model-3","7":"product_cat-m3-tarvikkeet","8":"product_cat-tarvikkeet-sisapuolelle-model-3","9":"product_cat-tesla-tuotteet","10":"product_tag-autotarvikkeet","11":"product_tag-kassikoukku","12":"product_tag-kauppakassi","13":"product_tag-koukut","14":"product_tag-model-3","15":"product_tag-tesla","17":"first","18":"instock","19":"taxable","20":"shipping-taxable","21":"purchasable","22":"product-type-simple"},"jetpack_sharing_enabled":true,"_links":{"self":[{"href":"https:\/\/www.vempele.fi\/fi\/wp-json\/wp\/v2\/product\/6483","targetHints":{"allow":["GET"]}}],"collection":[{"href":"https:\/\/www.vempele.fi\/fi\/wp-json\/wp\/v2\/product"}],"about":[{"href":"https:\/\/www.vempele.fi\/fi\/wp-json\/wp\/v2\/types\/product"}],"replies":[{"embeddable":true,"href":"https:\/\/www.vempele.fi\/fi\/wp-json\/wp\/v2\/comments?post=6483"}],"wp:featuredmedia":[{"embeddable":true,"href":"https:\/\/www.vempele.fi\/fi\/wp-json\/wp\/v2\/media\/6484"}],"wp:attachment":[{"href":"https:\/\/www.vempele.fi\/fi\/wp-json\/wp\/v2\/media?parent=6483"}],"wp:term":[{"taxonomy":"product_brand","embeddable":true,"href":"https:\/\/www.vempele.fi\/fi\/wp-json\/wp\/v2\/product_brand?post=6483"},{"taxonomy":"product_cat","embeddable":true,"href":"https:\/\/www.vempele.fi\/fi\/wp-json\/wp\/v2\/product_cat?post=6483"},{"taxonomy":"product_tag","embeddable":true,"href":"https:\/\/www.vempele.fi\/fi\/wp-json\/wp\/v2\/product_tag?post=6483"}],"curies":[{"name":"wp","href":"https:\/\/api.w.org\/{rel}","templated":true}]}}