{"id":6508,"date":"2021-04-14T10:06:59","date_gmt":"2021-04-14T07:06:59","guid":{"rendered":"https:\/\/www.vempele.fi\/?post_type=product&#038;p=6508"},"modified":"2026-04-12T14:38:11","modified_gmt":"2026-04-12T11:38:11","slug":"tesla-model-3-frunk-trunk-eva-kaukalomatot","status":"publish","type":"product","link":"https:\/\/www.vempele.fi\/fi\/tuote\/tesla-model-3-frunk-trunk-eva-kaukalomatot\/","title":{"rendered":"Frunk \/ Trunk EVA-kaukalomatot &#8211; Tesla Model 3"},"content":{"rendered":"<p>Tesla Model 3 -kaukalomatot etu- ja takakonttiin.<\/p>\n<p>Valittavissa olevat mattovaihtoehdot:<\/p>\n<ul>\n<li>etukontin matto (2021-&gt; Front box mat)<\/li>\n<li>takakontin pienen s\u00e4ilytystilan matto (Trunk Storage Mat)<\/li>\n<li>iso, koko tilan peitt\u00e4v\u00e4 takakontin matto (Trunk Mat)<\/li>\n<\/ul>\n<p><b>Tarkemmat tiedot<\/b><\/p>\n<ul>\n<li>Materiaali: EVA-muovi<\/li>\n<li>V\u00e4ri: musta<\/li>\n<\/ul>\n","protected":false},"excerpt":{"rendered":"<p>Kest\u00e4v\u00e4t kaukalomatot, jotka suojaavat autoa ja ovat helpot puhdistaa. Valittavissa etukontin, takakontin ja takakontin pienen s\u00e4ilytystilan matot. Muotoiltu Tesla Model 3:n mittojen mukaan. Varmista sopivuus autoosi ennen ostoa.<\/p>\n<p>Pakkaus sis\u00e4lt\u00e4\u00e4 alla olevasta valikosta valitsemasi maton.<\/p>\n<p><strong>Sopivuus<\/strong><\/p>\n<ul>\n<li>Etukontti ja takakontin pieni s\u00e4ilytystilan matot (Frunk &amp; Trunk Storage Mat): Tesla Model 3, vuosimallit 2021 &#8211; 2023<\/li>\n<li>Takakontin iso kaukalomatto (Trunk Mat): Tesla Model 3, vuosimallit 2019 &#8211; 2023<\/li>\n<\/ul>\n","protected":false},"featured_media":9022,"comment_status":"open","ping_status":"closed","template":"","meta":[],"product_brand":[],"product_cat":[409,151,128],"product_tag":[83,503,304,156,555,121,554],"class_list":{"0":"post-6508","1":"product","2":"type-product","3":"status-publish","4":"has-post-thumbnail","6":"product_cat-matot-model-3","7":"product_cat-model-3","8":"product_cat-tesla-tuotteet","9":"product_tag-autotarvikkeet","10":"product_tag-frunk","11":"product_tag-kaukalomatto","12":"product_tag-model-3","13":"product_tag-storage","14":"product_tag-tesla","15":"product_tag-trunk","16":"product_shipping_class-nouto","18":"first","19":"instock","20":"taxable","21":"shipping-taxable","22":"purchasable","23":"product-type-variable"},"jetpack_sharing_enabled":true,"_links":{"self":[{"href":"https:\/\/www.vempele.fi\/fi\/wp-json\/wp\/v2\/product\/6508","targetHints":{"allow":["GET"]}}],"collection":[{"href":"https:\/\/www.vempele.fi\/fi\/wp-json\/wp\/v2\/product"}],"about":[{"href":"https:\/\/www.vempele.fi\/fi\/wp-json\/wp\/v2\/types\/product"}],"replies":[{"embeddable":true,"href":"https:\/\/www.vempele.fi\/fi\/wp-json\/wp\/v2\/comments?post=6508"}],"wp:featuredmedia":[{"embeddable":true,"href":"https:\/\/www.vempele.fi\/fi\/wp-json\/wp\/v2\/media\/9022"}],"wp:attachment":[{"href":"https:\/\/www.vempele.fi\/fi\/wp-json\/wp\/v2\/media?parent=6508"}],"wp:term":[{"taxonomy":"product_brand","embeddable":true,"href":"https:\/\/www.vempele.fi\/fi\/wp-json\/wp\/v2\/product_brand?post=6508"},{"taxonomy":"product_cat","embeddable":true,"href":"https:\/\/www.vempele.fi\/fi\/wp-json\/wp\/v2\/product_cat?post=6508"},{"taxonomy":"product_tag","embeddable":true,"href":"https:\/\/www.vempele.fi\/fi\/wp-json\/wp\/v2\/product_tag?post=6508"}],"curies":[{"name":"wp","href":"https:\/\/api.w.org\/{rel}","templated":true}]}}