{"id":6719,"date":"2021-05-04T14:17:13","date_gmt":"2021-05-04T11:17:13","guid":{"rendered":"https:\/\/www.vempele.fi\/?post_type=product&#038;p=6719"},"modified":"2026-05-06T14:16:39","modified_gmt":"2026-05-06T11:16:39","slug":"tesla-model-3-langaton-obd2-adapteri-elm327-v1-5-bluetooth","status":"publish","type":"product","link":"https:\/\/www.vempele.fi\/fi\/tuote\/tesla-model-3-langaton-obd2-adapteri-elm327-v1-5-bluetooth\/","title":{"rendered":"Tesla OBD2 adapteri &#8211; ELM327 &#8211; V1.5 &#8211; Bluetooth"},"content":{"rendered":"<p>Sopii kaikille Tesla malleille &#8211; Model 3 \/ Model S \/ Model X \/ Model Y<\/p>\n<p>Testattu Kauppiaan toimesta toimivaksi <a href=\"https:\/\/www.scanmytesla.com\/\" target=\"_blank\" rel=\"noopener\">ScanMyTesla<\/a> Android -sovelluksen kanssa. <strong>Ei toimi iOS-laitteilla. <\/strong>Toimii eritt\u00e4in luotettavasti my\u00f6s pidempi\u00e4 aikoja (jos haluaa pit\u00e4\u00e4 jatkuvasti p\u00e4\u00e4ll\u00e4 ajaessa). T\u00e4m\u00e4 ei ole ihan yht\u00e4 nopea kuin OBDLink donglet, mutta hintakin on selv\u00e4sti halvempi.<\/p>\n<ul>\n<li>ELM327 v1.5<\/li>\n<li>16-pinninen OBD2-liitin<\/li>\n<li>ELM327-piiri<\/li>\n<li>Kytket\u00e4\u00e4n keskikonsolin sis\u00e4ll\u00e4 takana olevien liittimien v\u00e4liin<\/li>\n<li>Yhteensopiva ISO9141 \/ KWP2000 OBD II-protokollien kanssa<\/li>\n<li>Tukee VPW \/ PWM \/ CAN-protokollia<\/li>\n<li>Toimintatilan ilmaisu LED-valoilla<\/li>\n<li>Name: OBD2 bluetooth adapter for Tesla &#8211; diagnostic scanner<\/li>\n<\/ul>\n","protected":false},"excerpt":{"rendered":"<p>Tesla Model 3 \/ Model S \/ Model X \/ Model Y &#8211; Langaton Bluetooth OBD 2 -adapteri ELM327 v1.5 piirill\u00e4. Tehokas diagnostiikkaty\u00f6kalu joka toimii kaikkien OBD-protokollien kanssa, my\u00f6s CAN-v\u00e4yl\u00e4ss\u00e4.<\/p>\n<p>Lue lis\u00e4\u00e4 <a href=\"https:\/\/sites.google.com\/view\/scanmytesla\/home\" target=\"_blank\" rel=\"noopener\">Scanmytesla <\/a>sovelluksesta.<\/p>\n<p><strong>Ei toimi iOS-laitteilla, ainoastaan Androidille<\/strong><\/p>\n","protected":false},"featured_media":6722,"comment_status":"open","ping_status":"closed","template":"","meta":[],"product_brand":[],"product_cat":[151,152,153,154,452,453,454,455,480,485,487,482,128],"product_tag":[158,156,157,121],"class_list":{"0":"post-6719","1":"product","2":"type-product","3":"status-publish","4":"has-post-thumbnail","6":"product_cat-model-3","7":"product_cat-model-s","8":"product_cat-model-x","9":"product_cat-model-y","10":"product_cat-m3-tarvikkeet","11":"product_cat-ms-tarvikkeet","12":"product_cat-mx-tarvikkeet","13":"product_cat-my-tarvikkeet","14":"product_cat-tarvikkeet-sisapuolelle-model-3","15":"product_cat-tarvikkeet-sisapuolelle-model-s","16":"product_cat-tarvikkeet-sisapuolelle-model-x","17":"product_cat-tarvikkeet-sisapuolelle-model-y","18":"product_cat-tesla-tuotteet","19":"product_tag-diagnostiikka","20":"product_tag-model-3","21":"product_tag-obd2","22":"product_tag-tesla","24":"first","25":"instock","26":"taxable","27":"shipping-taxable","28":"purchasable","29":"product-type-simple"},"jetpack_sharing_enabled":true,"_links":{"self":[{"href":"https:\/\/www.vempele.fi\/fi\/wp-json\/wp\/v2\/product\/6719","targetHints":{"allow":["GET"]}}],"collection":[{"href":"https:\/\/www.vempele.fi\/fi\/wp-json\/wp\/v2\/product"}],"about":[{"href":"https:\/\/www.vempele.fi\/fi\/wp-json\/wp\/v2\/types\/product"}],"replies":[{"embeddable":true,"href":"https:\/\/www.vempele.fi\/fi\/wp-json\/wp\/v2\/comments?post=6719"}],"wp:featuredmedia":[{"embeddable":true,"href":"https:\/\/www.vempele.fi\/fi\/wp-json\/wp\/v2\/media\/6722"}],"wp:attachment":[{"href":"https:\/\/www.vempele.fi\/fi\/wp-json\/wp\/v2\/media?parent=6719"}],"wp:term":[{"taxonomy":"product_brand","embeddable":true,"href":"https:\/\/www.vempele.fi\/fi\/wp-json\/wp\/v2\/product_brand?post=6719"},{"taxonomy":"product_cat","embeddable":true,"href":"https:\/\/www.vempele.fi\/fi\/wp-json\/wp\/v2\/product_cat?post=6719"},{"taxonomy":"product_tag","embeddable":true,"href":"https:\/\/www.vempele.fi\/fi\/wp-json\/wp\/v2\/product_tag?post=6719"}],"curies":[{"name":"wp","href":"https:\/\/api.w.org\/{rel}","templated":true}]}}