{"id":6842,"date":"2021-05-19T10:08:15","date_gmt":"2021-05-19T07:08:15","guid":{"rendered":"https:\/\/www.vempele.fi\/?post_type=product&#038;p=6842"},"modified":"2026-02-05T10:46:03","modified_gmt":"2026-02-05T08:46:03","slug":"maahan-heijastuvat-ovivalot-tesla-malleille-3-y-s-x","status":"publish","type":"product","link":"https:\/\/www.vempele.fi\/fi\/tuote\/maahan-heijastuvat-ovivalot-tesla-malleille-3-y-s-x\/","title":{"rendered":"Maahan heijastuvat ovivalot &#8211; Tesla Model 3 \/ Y \/ S \/ X"},"content":{"rendered":"<p>Auton oven valonheittimen LED-haamuvalo. Pakkaus sis\u00e4lt\u00e4\u00e4 2 kpl lamppuja.<\/p>\n<ul>\n<li>Yhteensopivat automallit:\n<ul>\n<li>Model 3<\/li>\n<li>Model S<\/li>\n<li>Model X<\/li>\n<li>Model Y\u00a0 2020 &#8211; 2024<\/li>\n<\/ul>\n<\/li>\n<\/ul>\n<p>Joissain malleissa saattaa vaatia rei\u00e4n reunojen siistimist\u00e4 ett\u00e4 valo mahtuu paikalleen.<\/p>\n","protected":false},"excerpt":{"rendered":"<p>Maahan heijastuvat ovivalot Tesla Model 3\/Y\/S\/X.<\/p>\n<p>Maahan heijastuvilla ovivaloilla teet n\u00e4ytt\u00e4v\u00e4\u00e4 niinkin arkisesta toimenpiteest\u00e4 kuin auton oven avaamisesta! Ovivalo heijastaa maahan Teslan logon auton oven auetessa. Valojen avulla n\u00e4et my\u00f6s paremmin l\u00e4t\u00e4k\u00f6t ja muut v\u00e4istett\u00e4v\u00e4t asiat autosta poistuessa pime\u00e4ll\u00e4.<\/p>\n","protected":false},"featured_media":6844,"comment_status":"open","ping_status":"closed","template":"","meta":[],"product_brand":[],"product_cat":[151,152,153,154,452,453,454,455,481,484,486,483,128],"product_tag":[404,121,120,122,123,203],"class_list":{"0":"post-6842","1":"product","2":"type-product","3":"status-publish","4":"has-post-thumbnail","6":"product_cat-model-3","7":"product_cat-model-s","8":"product_cat-model-x","9":"product_cat-model-y","10":"product_cat-m3-tarvikkeet","11":"product_cat-ms-tarvikkeet","12":"product_cat-mx-tarvikkeet","13":"product_cat-my-tarvikkeet","14":"product_cat-tarvikkeet-ulkopuolelle-model-3","15":"product_cat-tarvikkeet-ulkopuolelle-model-s","16":"product_cat-tarvikkeet-ulkopuolelle-model-x","17":"product_cat-tarvikkeet-ulkopuolelle-model-y","18":"product_cat-tesla-tuotteet","19":"product_tag-ovivalot","20":"product_tag-tesla","21":"product_tag-tesla-model-3","22":"product_tag-tesla-model-s","23":"product_tag-tesla-model-x","24":"product_tag-tesla-model-y","26":"first","27":"outofstock","28":"taxable","29":"shipping-taxable","30":"purchasable","31":"product-type-simple"},"jetpack_sharing_enabled":true,"_links":{"self":[{"href":"https:\/\/www.vempele.fi\/fi\/wp-json\/wp\/v2\/product\/6842","targetHints":{"allow":["GET"]}}],"collection":[{"href":"https:\/\/www.vempele.fi\/fi\/wp-json\/wp\/v2\/product"}],"about":[{"href":"https:\/\/www.vempele.fi\/fi\/wp-json\/wp\/v2\/types\/product"}],"replies":[{"embeddable":true,"href":"https:\/\/www.vempele.fi\/fi\/wp-json\/wp\/v2\/comments?post=6842"}],"wp:featuredmedia":[{"embeddable":true,"href":"https:\/\/www.vempele.fi\/fi\/wp-json\/wp\/v2\/media\/6844"}],"wp:attachment":[{"href":"https:\/\/www.vempele.fi\/fi\/wp-json\/wp\/v2\/media?parent=6842"}],"wp:term":[{"taxonomy":"product_brand","embeddable":true,"href":"https:\/\/www.vempele.fi\/fi\/wp-json\/wp\/v2\/product_brand?post=6842"},{"taxonomy":"product_cat","embeddable":true,"href":"https:\/\/www.vempele.fi\/fi\/wp-json\/wp\/v2\/product_cat?post=6842"},{"taxonomy":"product_tag","embeddable":true,"href":"https:\/\/www.vempele.fi\/fi\/wp-json\/wp\/v2\/product_tag?post=6842"}],"curies":[{"name":"wp","href":"https:\/\/api.w.org\/{rel}","templated":true}]}}