{"id":7145,"date":"2021-07-22T12:30:19","date_gmt":"2021-07-22T09:30:19","guid":{"rendered":"https:\/\/www.vempele.fi\/?post_type=product&#038;p=7145"},"modified":"2025-07-25T16:10:31","modified_gmt":"2025-07-25T13:10:31","slug":"tesla-model-3-kattoikkunoiden-aurinkosuojat","status":"publish","type":"product","link":"https:\/\/www.vempele.fi\/fi\/tuote\/tesla-model-3-kattoikkunoiden-aurinkosuojat\/","title":{"rendered":"Kattoikkunoiden aurinkosuojat &#8211; Tesla Model 3"},"content":{"rendered":"<p>Helppo asentaa &#8211; klipsit tulevat auton verhoilun taakse ja pit\u00e4v\u00e4t suojan paikoillaan.<\/p>\n<p><b>Tarkemmat tiedot<\/b><\/p>\n<ul>\n<li>Sopivuus: Tesla Model 3\n<ul>\n<li>Vuosimallit vuoteen 2020 asti<\/li>\n<li>Vuosimallit vuodesta 2021 eteenp\u00e4in, my\u00f6s Highland<\/li>\n<\/ul>\n<\/li>\n<li>Pakkauksessa:\n<ul>\n<li>2 x Aurinkosuoja (yksi eteen ja yksi taakse)<\/li>\n<li>Kiinnitysklipsit<\/li>\n<\/ul>\n<\/li>\n<li>V\u00e4ri: musta<\/li>\n<li>Pakkauksen mitat: 70 x 48 x 6 cm<\/li>\n<li>Pakkauksen paino: 0,95 kg<\/li>\n<\/ul>\n","protected":false},"excerpt":{"rendered":"<p>Tesla Model 3:n kattoikkunoiden aurinkosuojat suojaavat h\u00e4ik\u00e4isylt\u00e4 ja lis\u00e4\u00e4v\u00e4t ajomukavuutta.<\/p>\n<p>Varmistathan autosi vuosimallin ennen ostoa. Saatavilla aurinkosuojat Model 3:n vuosimalleille vuoteen 2020 asti ja vuodesta 2021 eteenp\u00e4in.<\/p>\n<p>Pakkaus sis\u00e4lt\u00e4\u00e4 kaksi aurinkosuojaosaa, yhden eteen ja yhden taakse.<\/p>\n","protected":false},"featured_media":7141,"comment_status":"open","ping_status":"closed","template":"","meta":[],"product_brand":[],"product_cat":[151,452,480,128],"product_tag":[198,121,120],"class_list":{"0":"post-7145","1":"product","2":"type-product","3":"status-publish","4":"has-post-thumbnail","6":"product_cat-model-3","7":"product_cat-m3-tarvikkeet","8":"product_cat-tarvikkeet-sisapuolelle-model-3","9":"product_cat-tesla-tuotteet","10":"product_tag-aurinkosuoja","11":"product_tag-tesla","12":"product_tag-tesla-model-3","14":"first","15":"outofstock","16":"taxable","17":"shipping-taxable","18":"purchasable","19":"product-type-variable"},"jetpack_sharing_enabled":true,"_links":{"self":[{"href":"https:\/\/www.vempele.fi\/fi\/wp-json\/wp\/v2\/product\/7145","targetHints":{"allow":["GET"]}}],"collection":[{"href":"https:\/\/www.vempele.fi\/fi\/wp-json\/wp\/v2\/product"}],"about":[{"href":"https:\/\/www.vempele.fi\/fi\/wp-json\/wp\/v2\/types\/product"}],"replies":[{"embeddable":true,"href":"https:\/\/www.vempele.fi\/fi\/wp-json\/wp\/v2\/comments?post=7145"}],"wp:featuredmedia":[{"embeddable":true,"href":"https:\/\/www.vempele.fi\/fi\/wp-json\/wp\/v2\/media\/7141"}],"wp:attachment":[{"href":"https:\/\/www.vempele.fi\/fi\/wp-json\/wp\/v2\/media?parent=7145"}],"wp:term":[{"taxonomy":"product_brand","embeddable":true,"href":"https:\/\/www.vempele.fi\/fi\/wp-json\/wp\/v2\/product_brand?post=7145"},{"taxonomy":"product_cat","embeddable":true,"href":"https:\/\/www.vempele.fi\/fi\/wp-json\/wp\/v2\/product_cat?post=7145"},{"taxonomy":"product_tag","embeddable":true,"href":"https:\/\/www.vempele.fi\/fi\/wp-json\/wp\/v2\/product_tag?post=7145"}],"curies":[{"name":"wp","href":"https:\/\/api.w.org\/{rel}","templated":true}]}}