{"id":7196,"date":"2021-07-28T10:25:16","date_gmt":"2021-07-28T07:25:16","guid":{"rendered":"https:\/\/www.vempele.fi\/?post_type=product&#038;p=7196"},"modified":"2026-04-14T16:02:20","modified_gmt":"2026-04-14T13:02:20","slug":"tesla-model-3-y-keskikonsolin-naytonsuoja","status":"publish","type":"product","link":"https:\/\/www.vempele.fi\/fi\/tuote\/tesla-model-3-y-keskikonsolin-naytonsuoja\/","title":{"rendered":"Keskikonsolin kosketusn\u00e4yt\u00f6n suojalasi &#8211; Tesla Model 3 \/ Y"},"content":{"rendered":"<p>L\u00e4pin\u00e4kyv\u00e4 keskikonsolin n\u00e4yt\u00f6nsuoja.<\/p>\n<p>Suositeltava sammuttaa n\u00e4ytt\u00f6 asennuksen ajaksi!<\/p>\n<ul>\n<li>Materiaali: karkaistu lasi<\/li>\n<li>Sopivuus:\n<ul>\n<li>Model Y 2021 &#8211; 2024 <\/li>\n<li>Model 3 Pre-Refresh vm. 2019 \u2013 2021<\/li>\n<li>Model 3 Refresh vm. 2021 \u2013 2023<\/li>\n<\/ul>\n<\/li>\n<li>Mitat: 35 x 23 cm<\/li>\n<li>Paksuus: 0,33 mm<\/li>\n<li>Tuotevaihtoehdot: kirkas, matta ja sinivaloa suodattava<\/li>\n<li>Name: Center console touchscreen protector glossy \/ matte \/ bluelight for Tesla Model 3 \/ Y<\/li>\n<\/ul>\n","protected":false},"excerpt":{"rendered":"<p>Keskikonsolin kosketusn\u00e4yt\u00f6nsuoja Teslan malleihin Model 3 ja Y. Est\u00e4\u00e4 kosketusn\u00e4yt\u00f6n naarmuuntumisen. Toimitetaan vahvassa paketissa. Suosittelemme kuitenkin tarkistamaan, ett\u00e4 kosketusn\u00e4yt\u00f6nsuoja on varmasti ehj\u00e4 kuljetuksen j\u00e4lkeen.<\/p>\n<p>Nyt saatavilla kolmena eri mallina!<\/p>\n<p><strong>Kirkas:<br \/>\n<\/strong>\u00a0Tavallinen l\u00e4pin\u00e4kyv\u00e4 kirkas n\u00e4yt\u00f6nsuoja<\/p>\n<p><strong>Matta:<br \/>\n<\/strong>\u00a0Mattapintainen n\u00e4yt\u00f6nsuoja ei heijasta niin paljon siihen osuvaa valoa<\/p>\n<p><strong>Sinivaloa suodattava:<br \/>\n<\/strong>\u00a0Sinivalosuodattimellinen kirkas n\u00e4yt\u00f6nsuoja.\u00a0<strong><br \/>\n<\/strong><\/p>\n<p>&nbsp;<\/p>\n<p>&nbsp;<\/p>\n","protected":false},"featured_media":14334,"comment_status":"open","ping_status":"closed","template":"","meta":[],"product_brand":[],"product_cat":[151,154,452,455,480,482,128],"product_tag":[83,234,201,121,120],"class_list":{"0":"post-7196","1":"product","2":"type-product","3":"status-publish","4":"has-post-thumbnail","6":"product_cat-model-3","7":"product_cat-model-y","8":"product_cat-m3-tarvikkeet","9":"product_cat-my-tarvikkeet","10":"product_cat-tarvikkeet-sisapuolelle-model-3","11":"product_cat-tarvikkeet-sisapuolelle-model-y","12":"product_cat-tesla-tuotteet","13":"product_tag-autotarvikkeet","14":"product_tag-kosketusnaytto","15":"product_tag-naytonsuoja","16":"product_tag-tesla","17":"product_tag-tesla-model-3","19":"first","20":"instock","21":"taxable","22":"shipping-taxable","23":"purchasable","24":"product-type-variable"},"jetpack_sharing_enabled":true,"_links":{"self":[{"href":"https:\/\/www.vempele.fi\/fi\/wp-json\/wp\/v2\/product\/7196","targetHints":{"allow":["GET"]}}],"collection":[{"href":"https:\/\/www.vempele.fi\/fi\/wp-json\/wp\/v2\/product"}],"about":[{"href":"https:\/\/www.vempele.fi\/fi\/wp-json\/wp\/v2\/types\/product"}],"replies":[{"embeddable":true,"href":"https:\/\/www.vempele.fi\/fi\/wp-json\/wp\/v2\/comments?post=7196"}],"wp:featuredmedia":[{"embeddable":true,"href":"https:\/\/www.vempele.fi\/fi\/wp-json\/wp\/v2\/media\/14334"}],"wp:attachment":[{"href":"https:\/\/www.vempele.fi\/fi\/wp-json\/wp\/v2\/media?parent=7196"}],"wp:term":[{"taxonomy":"product_brand","embeddable":true,"href":"https:\/\/www.vempele.fi\/fi\/wp-json\/wp\/v2\/product_brand?post=7196"},{"taxonomy":"product_cat","embeddable":true,"href":"https:\/\/www.vempele.fi\/fi\/wp-json\/wp\/v2\/product_cat?post=7196"},{"taxonomy":"product_tag","embeddable":true,"href":"https:\/\/www.vempele.fi\/fi\/wp-json\/wp\/v2\/product_tag?post=7196"}],"curies":[{"name":"wp","href":"https:\/\/api.w.org\/{rel}","templated":true}]}}