{"id":7658,"date":"2021-08-31T08:20:33","date_gmt":"2021-08-31T05:20:33","guid":{"rendered":"https:\/\/www.vempele.fi\/?post_type=product&#038;p=7658"},"modified":"2026-04-19T20:26:34","modified_gmt":"2026-04-19T17:26:34","slug":"tesla-vanteen-keskikupit-punainen-4kpl","status":"publish","type":"product","link":"https:\/\/www.vempele.fi\/fi\/tuote\/tesla-vanteen-keskikupit-punainen-4kpl\/","title":{"rendered":"Tesla &#8211; vanteen keskikupit mustat punaisella logolla (4kpl)"},"content":{"rendered":"<p>Tesla vanteen keskikupit nyt edullisesti Vempeleelt\u00e4 Teslan 3-, S-, X-, ja Y-malleille!<br \/>\nPakkauksessa 4 mustaa keski\u00f6kuppia.<\/p>\n<ul>\n<li>Yhteensopivuus: Tesla &amp; Zax -vanteet (huom. tarkista halkaisija)\n<ul>\n<li>Ei sovi Photon-vanteelle! Korvaava tuote l\u00f6ytyy <a href=\"https:\/\/www.vempele.fi\/fi\/tuote\/vanteen-keskikupit-model-3-highland-photon-vanteille\/\">t\u00e4\u00e4lt\u00e4.<\/a><\/li>\n<\/ul>\n<\/li>\n<li>Halkaisija\u00a0 56 mm<\/li>\n<\/ul>\n","protected":false},"excerpt":{"rendered":"<p>Tesla &#8211; vanteen keskikupit mustat punaisella logolla (4kpl). N\u00e4ytt\u00e4v\u00e4t vanteen keski\u00f6kupit punaisella Tesla -logolla. Logo on kiilt\u00e4v\u00e4n punainen ja taustav\u00e4ri on musta. Keski\u00f6kupin halkaisija on 56mm, tarkista vanteistasi ett\u00e4 t\u00e4m\u00e4 t\u00e4sm\u00e4\u00e4. Vanteen keski\u00f6kupeissa on suojatarra, jonka ulkon\u00e4k\u00f6 voi vaihdella er\u00e4st\u00e4 riippuen (l\u00e4pin\u00e4kyv\u00e4 ohut tai kuviollinen). Poista suojatarra ennen k\u00e4ytt\u00f6\u00e4.<\/p>\n","protected":false},"featured_media":44768,"comment_status":"open","ping_status":"closed","template":"","meta":[],"product_brand":[],"product_cat":[151,152,153,154,452,453,454,455,481,484,486,483,128,456],"product_tag":[83,383,221,156,172,173,271,121],"class_list":{"0":"post-7658","1":"product","2":"type-product","3":"status-publish","4":"has-post-thumbnail","6":"product_cat-model-3","7":"product_cat-model-s","8":"product_cat-model-x","9":"product_cat-model-y","10":"product_cat-m3-tarvikkeet","11":"product_cat-ms-tarvikkeet","12":"product_cat-mx-tarvikkeet","13":"product_cat-my-tarvikkeet","14":"product_cat-tarvikkeet-ulkopuolelle-model-3","15":"product_cat-tarvikkeet-ulkopuolelle-model-s","16":"product_cat-tarvikkeet-ulkopuolelle-model-x","17":"product_cat-tarvikkeet-ulkopuolelle-model-y","18":"product_cat-tesla-tuotteet","19":"product_cat-vannetarvikkeet","20":"product_tag-autotarvikkeet","21":"product_tag-keskikupit","22":"product_tag-keskiokupit","23":"product_tag-model-3","24":"product_tag-model-s","25":"product_tag-model-x","26":"product_tag-model-y","27":"product_tag-tesla","29":"first","30":"instock","31":"taxable","32":"shipping-taxable","33":"purchasable","34":"product-type-simple"},"jetpack_sharing_enabled":true,"_links":{"self":[{"href":"https:\/\/www.vempele.fi\/fi\/wp-json\/wp\/v2\/product\/7658","targetHints":{"allow":["GET"]}}],"collection":[{"href":"https:\/\/www.vempele.fi\/fi\/wp-json\/wp\/v2\/product"}],"about":[{"href":"https:\/\/www.vempele.fi\/fi\/wp-json\/wp\/v2\/types\/product"}],"replies":[{"embeddable":true,"href":"https:\/\/www.vempele.fi\/fi\/wp-json\/wp\/v2\/comments?post=7658"}],"wp:featuredmedia":[{"embeddable":true,"href":"https:\/\/www.vempele.fi\/fi\/wp-json\/wp\/v2\/media\/44768"}],"wp:attachment":[{"href":"https:\/\/www.vempele.fi\/fi\/wp-json\/wp\/v2\/media?parent=7658"}],"wp:term":[{"taxonomy":"product_brand","embeddable":true,"href":"https:\/\/www.vempele.fi\/fi\/wp-json\/wp\/v2\/product_brand?post=7658"},{"taxonomy":"product_cat","embeddable":true,"href":"https:\/\/www.vempele.fi\/fi\/wp-json\/wp\/v2\/product_cat?post=7658"},{"taxonomy":"product_tag","embeddable":true,"href":"https:\/\/www.vempele.fi\/fi\/wp-json\/wp\/v2\/product_tag?post=7658"}],"curies":[{"name":"wp","href":"https:\/\/api.w.org\/{rel}","templated":true}]}}