{"id":7871,"date":"2021-09-20T14:09:55","date_gmt":"2021-09-20T11:09:55","guid":{"rendered":"https:\/\/www.vempele.fi\/?post_type=product&#038;p=7871"},"modified":"2026-04-29T21:44:43","modified_gmt":"2026-04-29T18:44:43","slug":"tesla-usb-a-usb-c-adapteri","status":"publish","type":"product","link":"https:\/\/www.vempele.fi\/fi\/tuote\/tesla-usb-a-usb-c-adapteri\/","title":{"rendered":"USB C -> A Adapteri"},"content":{"rendered":"<ul>\n<li>Valmistaja: OTG<\/li>\n<li>Malli: USB3.0\/V8<\/li>\n<li>Mitat: 12 x 7 x 1 cm<\/li>\n<li>Paino: ~0,15 kg<\/li>\n<\/ul>\n","protected":false},"excerpt":{"rendered":"<p>Tesla USB A -&gt; USB C -adapteri, joka asennetaan Teslan USB C -porttiin. Voit liitt\u00e4\u00e4 adapterin toiseen p\u00e4\u00e4h\u00e4n puhelimeesi tai tablettiisi sopivan kaapelin.<\/p>\n<ul>\n<li>Pieni ja kevyt adapteri, helppo kantaa<\/li>\n<li>Plug and Play -yhteensopiva<\/li>\n<li>Voit liitt\u00e4\u00e4 USB 3.0 -naarasliit\u00e4nt\u00e4\u00e4n esim. micro USB-, Apple Lightning- tai USB C -laturikaapelin<\/li>\n<li>Yhteensopiva kaikkien k\u00e4ytt\u00f6j\u00e4rjestelmien kanssa<\/li>\n<\/ul>\n","protected":false},"featured_media":24750,"comment_status":"open","ping_status":"closed","template":"","meta":[],"product_brand":[],"product_cat":[151,152,153,154,452,453,454,455,480,485,487,482,128],"product_tag":[121,107,98,229],"class_list":{"0":"post-7871","1":"product","2":"type-product","3":"status-publish","4":"has-post-thumbnail","6":"product_cat-model-3","7":"product_cat-model-s","8":"product_cat-model-x","9":"product_cat-model-y","10":"product_cat-m3-tarvikkeet","11":"product_cat-ms-tarvikkeet","12":"product_cat-mx-tarvikkeet","13":"product_cat-my-tarvikkeet","14":"product_cat-tarvikkeet-sisapuolelle-model-3","15":"product_cat-tarvikkeet-sisapuolelle-model-s","16":"product_cat-tarvikkeet-sisapuolelle-model-x","17":"product_cat-tarvikkeet-sisapuolelle-model-y","18":"product_cat-tesla-tuotteet","19":"product_tag-tesla","20":"product_tag-usb-3-0","21":"product_tag-usb-c","22":"product_tag-usb-laturi","24":"first","25":"instock","26":"taxable","27":"shipping-taxable","28":"purchasable","29":"product-type-simple"},"jetpack_sharing_enabled":true,"_links":{"self":[{"href":"https:\/\/www.vempele.fi\/fi\/wp-json\/wp\/v2\/product\/7871","targetHints":{"allow":["GET"]}}],"collection":[{"href":"https:\/\/www.vempele.fi\/fi\/wp-json\/wp\/v2\/product"}],"about":[{"href":"https:\/\/www.vempele.fi\/fi\/wp-json\/wp\/v2\/types\/product"}],"replies":[{"embeddable":true,"href":"https:\/\/www.vempele.fi\/fi\/wp-json\/wp\/v2\/comments?post=7871"}],"wp:featuredmedia":[{"embeddable":true,"href":"https:\/\/www.vempele.fi\/fi\/wp-json\/wp\/v2\/media\/24750"}],"wp:attachment":[{"href":"https:\/\/www.vempele.fi\/fi\/wp-json\/wp\/v2\/media?parent=7871"}],"wp:term":[{"taxonomy":"product_brand","embeddable":true,"href":"https:\/\/www.vempele.fi\/fi\/wp-json\/wp\/v2\/product_brand?post=7871"},{"taxonomy":"product_cat","embeddable":true,"href":"https:\/\/www.vempele.fi\/fi\/wp-json\/wp\/v2\/product_cat?post=7871"},{"taxonomy":"product_tag","embeddable":true,"href":"https:\/\/www.vempele.fi\/fi\/wp-json\/wp\/v2\/product_tag?post=7871"}],"curies":[{"name":"wp","href":"https:\/\/api.w.org\/{rel}","templated":true}]}}