{"id":7965,"date":"2021-09-30T08:46:50","date_gmt":"2021-09-30T05:46:50","guid":{"rendered":"https:\/\/www.vempele.fi\/?post_type=product&#038;p=7965"},"modified":"2025-12-23T07:55:03","modified_gmt":"2025-12-23T05:55:03","slug":"tesla-model-3-etuluukun-jaykemmat-jousitukset","status":"publish","type":"product","link":"https:\/\/www.vempele.fi\/fi\/tuote\/tesla-model-3-etuluukun-jaykemmat-jousitukset\/","title":{"rendered":"Etuluukun j\u00e4ykemm\u00e4t jouset &#8211; Tesla Model 3"},"content":{"rendered":"<p>Tesla Model 3 &#8211; etuluukun j\u00e4ykemm\u00e4t jousitukset.<\/p>\n<ul>\n<li>V\u00e4ri: musta<\/li>\n<li>Sopivuus:\n<ul>\n<li>Model 3 Pre-Refresh vm. 2019 \u2013 2021<\/li>\n<li>Model 3 Refresh vm. 2021 \u2013 2023<\/li>\n<li>Model 3 Highland vm. 2023 -&gt;<\/li>\n<\/ul>\n<\/li>\n<li>Pakkauksessa mukana: 2 x jouset<\/li>\n<li>Pakkauksen paino: 0,50 kg<\/li>\n<li>Pakkauksen mitat: 50 x 10 x 5 cm<\/li>\n<\/ul>\n","protected":false},"excerpt":{"rendered":"<p>Etuluukun j\u00e4ykemm\u00e4t jousitukset Tesla Model 3:een. N\u00e4ill\u00e4 saat etuluukun aukeamaan yl\u00f6s asti avausnappia painettaessa. Huom! Jousien takia kiinnitt\u00e4miseen tarvitaan hieman enemm\u00e4n voimaa kuin alkuper\u00e4isill\u00e4 pumpuilla.<\/p>\n<p>Huomaathan, ett\u00e4 jousi on vakiovoimainen. Se ei v\u00e4ltt\u00e4m\u00e4tt\u00e4 toimi kaikissa tilanteissa, esimerkiksi jos etuluukun p\u00e4\u00e4ll\u00e4 on lunta tai kaasujousi on j\u00e4ykistynyt kylmyydest\u00e4\/pakkasesta. Jos automaattiavauksen pit\u00e4\u00e4 toimia kaikissa tilanteissa, suosittelemme hankkimaan moottoroidun avaajan.<\/p>\n","protected":false},"featured_media":7966,"comment_status":"open","ping_status":"closed","template":"","meta":[],"product_brand":[],"product_cat":[151,452,480,128],"product_tag":[236,199,121,120],"class_list":{"0":"post-7965","1":"product","2":"type-product","3":"status-publish","4":"has-post-thumbnail","6":"product_cat-model-3","7":"product_cat-m3-tarvikkeet","8":"product_cat-tarvikkeet-sisapuolelle-model-3","9":"product_cat-tesla-tuotteet","10":"product_tag-etuluukku","11":"product_tag-jouset","12":"product_tag-tesla","13":"product_tag-tesla-model-3","15":"first","16":"instock","17":"taxable","18":"shipping-taxable","19":"purchasable","20":"product-type-simple"},"jetpack_sharing_enabled":true,"_links":{"self":[{"href":"https:\/\/www.vempele.fi\/fi\/wp-json\/wp\/v2\/product\/7965","targetHints":{"allow":["GET"]}}],"collection":[{"href":"https:\/\/www.vempele.fi\/fi\/wp-json\/wp\/v2\/product"}],"about":[{"href":"https:\/\/www.vempele.fi\/fi\/wp-json\/wp\/v2\/types\/product"}],"replies":[{"embeddable":true,"href":"https:\/\/www.vempele.fi\/fi\/wp-json\/wp\/v2\/comments?post=7965"}],"wp:featuredmedia":[{"embeddable":true,"href":"https:\/\/www.vempele.fi\/fi\/wp-json\/wp\/v2\/media\/7966"}],"wp:attachment":[{"href":"https:\/\/www.vempele.fi\/fi\/wp-json\/wp\/v2\/media?parent=7965"}],"wp:term":[{"taxonomy":"product_brand","embeddable":true,"href":"https:\/\/www.vempele.fi\/fi\/wp-json\/wp\/v2\/product_brand?post=7965"},{"taxonomy":"product_cat","embeddable":true,"href":"https:\/\/www.vempele.fi\/fi\/wp-json\/wp\/v2\/product_cat?post=7965"},{"taxonomy":"product_tag","embeddable":true,"href":"https:\/\/www.vempele.fi\/fi\/wp-json\/wp\/v2\/product_tag?post=7965"}],"curies":[{"name":"wp","href":"https:\/\/api.w.org\/{rel}","templated":true}]}}