{"id":8241,"date":"2021-10-28T12:24:11","date_gmt":"2021-10-28T09:24:11","guid":{"rendered":"https:\/\/www.vempele.fi\/?post_type=product&#038;p=8241"},"modified":"2026-04-15T18:20:53","modified_gmt":"2026-04-15T15:20:53","slug":"tesla-model-3-y-performance-polkimet","status":"publish","type":"product","link":"https:\/\/www.vempele.fi\/fi\/tuote\/tesla-model-3-y-performance-polkimet\/","title":{"rendered":"Performance-polkimet &#8211; Tesla Model 3 \/ Y"},"content":{"rendered":"<p>Performance-polkimet &#8211; Tesla Model 3 \/ Y<\/p>\n<ul>\n<li>Materiaali: Alumiini, kumi<\/li>\n<li>Sopivuus:\n<ul>\n<li>Model Y 2020 &#8211; 2024<\/li>\n<li>Model Y Juniper 2025 -&gt;<\/li>\n<li>Model 3 Pre-Refresh vm. 2019 \u2013 2021<\/li>\n<li>Model 3 Refresh vm. 2021 \u2013 2023<\/li>\n<li>Model 3 Highland vm 2023 -&gt;<\/li>\n<\/ul>\n<\/li>\n<li>V\u00e4ri: Hopea, mustat kumiraidat<\/li>\n<li>Paketin koko: 16 x 9 x 4 cm<\/li>\n<li>Paketissa: Jarrupoljin ja kaasupoljin<\/li>\n<li>Paino: ~200 g<\/li>\n<\/ul>\n","protected":false},"excerpt":{"rendered":"<p>Performance-polkimet &#8211; Tesla Model 3 \/ Y<\/p>\n<p>Ajamissuoritusta parantavat ja liukumista est\u00e4v\u00e4t Tesla Model 3\/Y &#8211; Performance-polkimet jarrulle ja kaasulle. Performance -polkimet ovat todella tiukkasovitteiset, mutta istuvat \u00e4hert\u00e4misen j\u00e4lkeen tiukasti paikoilleen. Tuntuvat ajellessa mukavalta keng\u00e4n alla.<\/p>\n","protected":false},"featured_media":12219,"comment_status":"open","ping_status":"closed","template":"","meta":[],"product_brand":[],"product_cat":[151,154,452,455,480,482,128],"product_tag":[255,83,254,253,256,156,271,121],"class_list":{"0":"post-8241","1":"product","2":"type-product","3":"status-publish","4":"has-post-thumbnail","6":"product_cat-model-3","7":"product_cat-model-y","8":"product_cat-m3-tarvikkeet","9":"product_cat-my-tarvikkeet","10":"product_cat-tarvikkeet-sisapuolelle-model-3","11":"product_cat-tarvikkeet-sisapuolelle-model-y","12":"product_cat-tesla-tuotteet","13":"product_tag-anti-slip","14":"product_tag-autotarvikkeet","15":"product_tag-jarrupoljin","16":"product_tag-kaasupoljin","17":"product_tag-liukumisesto","18":"product_tag-model-3","19":"product_tag-model-y","20":"product_tag-tesla","22":"first","23":"instock","24":"taxable","25":"shipping-taxable","26":"purchasable","27":"product-type-simple"},"jetpack_sharing_enabled":true,"_links":{"self":[{"href":"https:\/\/www.vempele.fi\/fi\/wp-json\/wp\/v2\/product\/8241","targetHints":{"allow":["GET"]}}],"collection":[{"href":"https:\/\/www.vempele.fi\/fi\/wp-json\/wp\/v2\/product"}],"about":[{"href":"https:\/\/www.vempele.fi\/fi\/wp-json\/wp\/v2\/types\/product"}],"replies":[{"embeddable":true,"href":"https:\/\/www.vempele.fi\/fi\/wp-json\/wp\/v2\/comments?post=8241"}],"wp:featuredmedia":[{"embeddable":true,"href":"https:\/\/www.vempele.fi\/fi\/wp-json\/wp\/v2\/media\/12219"}],"wp:attachment":[{"href":"https:\/\/www.vempele.fi\/fi\/wp-json\/wp\/v2\/media?parent=8241"}],"wp:term":[{"taxonomy":"product_brand","embeddable":true,"href":"https:\/\/www.vempele.fi\/fi\/wp-json\/wp\/v2\/product_brand?post=8241"},{"taxonomy":"product_cat","embeddable":true,"href":"https:\/\/www.vempele.fi\/fi\/wp-json\/wp\/v2\/product_cat?post=8241"},{"taxonomy":"product_tag","embeddable":true,"href":"https:\/\/www.vempele.fi\/fi\/wp-json\/wp\/v2\/product_tag?post=8241"}],"curies":[{"name":"wp","href":"https:\/\/api.w.org\/{rel}","templated":true}]}}