{"id":8297,"date":"2021-11-05T08:13:39","date_gmt":"2021-11-05T06:13:39","guid":{"rendered":"https:\/\/www.vempele.fi\/?post_type=product&#038;p=8297"},"modified":"2026-04-18T10:15:12","modified_gmt":"2026-04-18T07:15:12","slug":"tesla-mutterin-suojat-21-mm","status":"publish","type":"product","link":"https:\/\/www.vempele.fi\/fi\/tuote\/tesla-mutterin-suojat-21-mm\/","title":{"rendered":"Mutterinsuojat 21 mm"},"content":{"rendered":"<p>Mutterinsuojat 21 mm<\/p>\n<p>Mutterinsuojat sopivat my\u00f6s autoihin, joissa on pultit.<\/p>\n<p>Tarkistathan yhteensopivuuden mutterien\/pulttien kanssa ennen tilausta. Valikoimassamme on my\u00f6s <a href=\"https:\/\/www.vempele.fi\/tuote\/tesla-mutterinsuojat-19mm\/\" target=\"_blank\" rel=\"noopener\">19 mm suojia<\/a>.<\/p>\n<p>Huom! Vanteen keski\u00f6kupit myyd\u00e4\u00e4n erillisin\u00e4 tuotteina:<\/p>\n<ul>\n<li><a href=\"https:\/\/www.vempele.fi\/tuote\/tesla-vanteen-keskikupit-4kpl\/\" target=\"_blank\" rel=\"noopener\">Vanteen keski\u00f6kupit &#8211; musta hopeisella logolla<\/a><\/li>\n<li><a href=\"https:\/\/www.vempele.fi\/tuote\/tesla-mustat-keskiokupit-valkoisella-logolla\/\" target=\"_blank\" rel=\"noopener\">Vanteen keski\u00f6kupit &#8211; musta valkoisella logolla<\/a><\/li>\n<li><a href=\"https:\/\/www.vempele.fi\/tuote\/tesla-vanteen-keskikupit-harmaat-hopeisella-logolla-4kpl\/\" target=\"_blank\" rel=\"noopener\">Vanteen keski\u00f6kupit &#8211; harmaa hopeisella logolla<\/a><\/li>\n<li><a href=\"https:\/\/www.vempele.fi\/tuote\/tesla-vanteen-keskikupit-punainen-4kpl\/\" target=\"_blank\" rel=\"noopener\">Vanteen keski\u00f6kupit &#8211; metallinpunainen hopeisella logolla<\/a><\/li>\n<\/ul>\n<ul>\n<li>Pakkaus sis\u00e4lt\u00e4\u00e4: 20 kpl mutterinsuojia ja mutterinsuojien irrotusty\u00f6kalun<\/li>\n<li>V\u00e4rit: hopea (kiilt\u00e4v\u00e4), harmaa, mattamusta ja kiilt\u00e4v\u00e4 musta<\/li>\n<li>Mitat: 16 x 14 x 2,5 cm<\/li>\n<li>Paino: ~100 g<\/li>\n<\/ul>\n","protected":false},"excerpt":{"rendered":"<p>21mm Mutterinsuojat eri v\u00e4reiss\u00e4:<\/p>\n<ul>\n<li>Hopea<\/li>\n<li>Harmaa<\/li>\n<li>Mattamusta<\/li>\n<li>Kiilt\u00e4v\u00e4 musta<\/li>\n<\/ul>\n<p>Tarkistathan yhteensopivuuden mutterien\/pulttien kanssa ennen tilausta. Valikoimassamme on my\u00f6s <a href=\"https:\/\/www.vempele.fi\/tuote\/tesla-mutterinsuojat-19mm\/\" target=\"_blank\" rel=\"noopener\">19 mm suojia<\/a>.<\/p>\n","protected":false},"featured_media":8303,"comment_status":"open","ping_status":"closed","template":"","meta":[],"product_brand":[],"product_cat":[151,152,153,154,452,453,454,455,481,484,486,483,128,456],"product_tag":[83,542,341,345,257,541,121],"class_list":{"0":"post-8297","1":"product","2":"type-product","3":"status-publish","4":"has-post-thumbnail","6":"product_cat-model-3","7":"product_cat-model-s","8":"product_cat-model-x","9":"product_cat-model-y","10":"product_cat-m3-tarvikkeet","11":"product_cat-ms-tarvikkeet","12":"product_cat-mx-tarvikkeet","13":"product_cat-my-tarvikkeet","14":"product_cat-tarvikkeet-ulkopuolelle-model-3","15":"product_cat-tarvikkeet-ulkopuolelle-model-s","16":"product_cat-tarvikkeet-ulkopuolelle-model-x","17":"product_cat-tarvikkeet-ulkopuolelle-model-y","18":"product_cat-tesla-tuotteet","19":"product_cat-vannetarvikkeet","20":"product_tag-autotarvikkeet","21":"product_tag-model","22":"product_tag-mutteri","23":"product_tag-mutterinsuoja","24":"product_tag-pultinsuoja","25":"product_tag-pultti","26":"product_tag-tesla","28":"first","29":"instock","30":"taxable","31":"shipping-taxable","32":"purchasable","33":"product-type-variable"},"jetpack_sharing_enabled":true,"_links":{"self":[{"href":"https:\/\/www.vempele.fi\/fi\/wp-json\/wp\/v2\/product\/8297","targetHints":{"allow":["GET"]}}],"collection":[{"href":"https:\/\/www.vempele.fi\/fi\/wp-json\/wp\/v2\/product"}],"about":[{"href":"https:\/\/www.vempele.fi\/fi\/wp-json\/wp\/v2\/types\/product"}],"replies":[{"embeddable":true,"href":"https:\/\/www.vempele.fi\/fi\/wp-json\/wp\/v2\/comments?post=8297"}],"wp:featuredmedia":[{"embeddable":true,"href":"https:\/\/www.vempele.fi\/fi\/wp-json\/wp\/v2\/media\/8303"}],"wp:attachment":[{"href":"https:\/\/www.vempele.fi\/fi\/wp-json\/wp\/v2\/media?parent=8297"}],"wp:term":[{"taxonomy":"product_brand","embeddable":true,"href":"https:\/\/www.vempele.fi\/fi\/wp-json\/wp\/v2\/product_brand?post=8297"},{"taxonomy":"product_cat","embeddable":true,"href":"https:\/\/www.vempele.fi\/fi\/wp-json\/wp\/v2\/product_cat?post=8297"},{"taxonomy":"product_tag","embeddable":true,"href":"https:\/\/www.vempele.fi\/fi\/wp-json\/wp\/v2\/product_tag?post=8297"}],"curies":[{"name":"wp","href":"https:\/\/api.w.org\/{rel}","templated":true}]}}