{"id":8369,"date":"2021-11-19T10:57:57","date_gmt":"2021-11-19T08:57:57","guid":{"rendered":"https:\/\/www.vempele.fi\/?post_type=product&#038;p=8369"},"modified":"2025-12-31T11:23:05","modified_gmt":"2025-12-31T09:23:05","slug":"tesla-kalvosinnapit","status":"publish","type":"product","link":"https:\/\/www.vempele.fi\/fi\/tuote\/tesla-kalvosinnapit\/","title":{"rendered":"Tesla &#8211; Kalvosinnapit"},"content":{"rendered":"<ul>\n<li>Hopeiset kalvosinnapit, mustalla Tesla -logolla<\/li>\n<li>Paketin mitat: 22 x 12 x 1 cm<\/li>\n<li>Paino: 0.1 kg<\/li>\n<li>Name: Tesla Cufflinks<\/li>\n<\/ul>\n","protected":false},"excerpt":{"rendered":"<p>Tesla &#8211; Kalvosinnapit. Korista pukuasi n\u00e4ill\u00e4 h\u00e4ik\u00e4isevill\u00e4 Tesla logolla varustetuilla kalvosinnapeilla!<\/p>\n","protected":false},"featured_media":8418,"comment_status":"open","ping_status":"closed","template":"","meta":[],"product_brand":[],"product_cat":[457,128],"product_tag":[264,121],"class_list":{"0":"post-8369","1":"product","2":"type-product","3":"status-publish","4":"has-post-thumbnail","6":"product_cat-pukeutuminen","7":"product_cat-tesla-tuotteet","8":"product_tag-kalvosinnapit","9":"product_tag-tesla","11":"first","12":"instock","13":"taxable","14":"shipping-taxable","15":"purchasable","16":"product-type-simple"},"jetpack_sharing_enabled":true,"_links":{"self":[{"href":"https:\/\/www.vempele.fi\/fi\/wp-json\/wp\/v2\/product\/8369","targetHints":{"allow":["GET"]}}],"collection":[{"href":"https:\/\/www.vempele.fi\/fi\/wp-json\/wp\/v2\/product"}],"about":[{"href":"https:\/\/www.vempele.fi\/fi\/wp-json\/wp\/v2\/types\/product"}],"replies":[{"embeddable":true,"href":"https:\/\/www.vempele.fi\/fi\/wp-json\/wp\/v2\/comments?post=8369"}],"wp:featuredmedia":[{"embeddable":true,"href":"https:\/\/www.vempele.fi\/fi\/wp-json\/wp\/v2\/media\/8418"}],"wp:attachment":[{"href":"https:\/\/www.vempele.fi\/fi\/wp-json\/wp\/v2\/media?parent=8369"}],"wp:term":[{"taxonomy":"product_brand","embeddable":true,"href":"https:\/\/www.vempele.fi\/fi\/wp-json\/wp\/v2\/product_brand?post=8369"},{"taxonomy":"product_cat","embeddable":true,"href":"https:\/\/www.vempele.fi\/fi\/wp-json\/wp\/v2\/product_cat?post=8369"},{"taxonomy":"product_tag","embeddable":true,"href":"https:\/\/www.vempele.fi\/fi\/wp-json\/wp\/v2\/product_tag?post=8369"}],"curies":[{"name":"wp","href":"https:\/\/api.w.org\/{rel}","templated":true}]}}