{"id":8520,"date":"2021-12-03T13:45:36","date_gmt":"2021-12-03T11:45:36","guid":{"rendered":"https:\/\/www.vempele.fi\/?post_type=product&#038;p=8520"},"modified":"2025-08-20T14:58:32","modified_gmt":"2025-08-20T11:58:32","slug":"tesla-irtokirjaimet-takaluukkuun","status":"publish","type":"product","link":"https:\/\/www.vempele.fi\/fi\/tuote\/tesla-irtokirjaimet-takaluukkuun\/","title":{"rendered":"TESLA -irtokirjaimet takaluukkuun"},"content":{"rendered":"<p>Mustat TESLA -irtokirjaimet takaluukkuun.<\/p>\n<ul>\n<li>Pakkaus: TESLA -irtokirjaimet, asennusta helpottavassa paketissa<\/li>\n<li>V\u00e4ri: Musta<\/li>\n<li>Yleisen kirjepaketin mitat: 13 x 11 x 0.5 cm<\/li>\n<\/ul>\n","protected":false},"excerpt":{"rendered":"<p>TESLA -irtokirjaimet takaluukkuun. T\u00e4m\u00e4 tarra on tyylik\u00e4s lis\u00e4 asennettavaksi vaikka takakonttiin. Irtokirjaimet tulevat paketissa joka toimii samalla asennuspohjana, jolloin saat kohdistettua tekstin suoraan ja kirjainten v\u00e4lit s\u00e4ilyv\u00e4t oikeina. Eli mittanauhaa et asentaessasi tarvitse. \ud83d\ude09<\/p>\n<p>Pinta suositellaan puhdistaa ennen asennusta, jotta liima tarttuu hyvin. Asennus kannattaa my\u00f6s suorittaa l\u00e4mpim\u00e4ss\u00e4, samasta syyst\u00e4.<\/p>\n<p>Huom! Ei v\u00e4ltt\u00e4m\u00e4tt\u00e4 kest\u00e4 toistuvaa automaattipesua tai painepesurilla pesua.<\/p>\n","protected":false},"featured_media":8526,"comment_status":"open","ping_status":"closed","template":"","meta":[],"product_brand":[],"product_cat":[151,152,153,154,452,453,454,455,481,484,486,483,128],"product_tag":[200,265,121],"class_list":{"0":"post-8520","1":"product","2":"type-product","3":"status-publish","4":"has-post-thumbnail","6":"product_cat-model-3","7":"product_cat-model-s","8":"product_cat-model-x","9":"product_cat-model-y","10":"product_cat-m3-tarvikkeet","11":"product_cat-ms-tarvikkeet","12":"product_cat-mx-tarvikkeet","13":"product_cat-my-tarvikkeet","14":"product_cat-tarvikkeet-ulkopuolelle-model-3","15":"product_cat-tarvikkeet-ulkopuolelle-model-s","16":"product_cat-tarvikkeet-ulkopuolelle-model-x","17":"product_cat-tarvikkeet-ulkopuolelle-model-y","18":"product_cat-tesla-tuotteet","19":"product_tag-takaluukku","20":"product_tag-tarra","21":"product_tag-tesla","23":"first","24":"outofstock","25":"taxable","26":"shipping-taxable","27":"purchasable","28":"product-type-simple"},"jetpack_sharing_enabled":true,"_links":{"self":[{"href":"https:\/\/www.vempele.fi\/fi\/wp-json\/wp\/v2\/product\/8520","targetHints":{"allow":["GET"]}}],"collection":[{"href":"https:\/\/www.vempele.fi\/fi\/wp-json\/wp\/v2\/product"}],"about":[{"href":"https:\/\/www.vempele.fi\/fi\/wp-json\/wp\/v2\/types\/product"}],"replies":[{"embeddable":true,"href":"https:\/\/www.vempele.fi\/fi\/wp-json\/wp\/v2\/comments?post=8520"}],"wp:featuredmedia":[{"embeddable":true,"href":"https:\/\/www.vempele.fi\/fi\/wp-json\/wp\/v2\/media\/8526"}],"wp:attachment":[{"href":"https:\/\/www.vempele.fi\/fi\/wp-json\/wp\/v2\/media?parent=8520"}],"wp:term":[{"taxonomy":"product_brand","embeddable":true,"href":"https:\/\/www.vempele.fi\/fi\/wp-json\/wp\/v2\/product_brand?post=8520"},{"taxonomy":"product_cat","embeddable":true,"href":"https:\/\/www.vempele.fi\/fi\/wp-json\/wp\/v2\/product_cat?post=8520"},{"taxonomy":"product_tag","embeddable":true,"href":"https:\/\/www.vempele.fi\/fi\/wp-json\/wp\/v2\/product_tag?post=8520"}],"curies":[{"name":"wp","href":"https:\/\/api.w.org\/{rel}","templated":true}]}}