{"id":8549,"date":"2023-09-15T11:19:13","date_gmt":"2023-09-15T08:19:13","guid":{"rendered":"https:\/\/www.vempele.fi\/?post_type=product&#038;p=8549"},"modified":"2026-04-16T10:16:46","modified_gmt":"2026-04-16T07:16:46","slug":"tesla-model-y-kuralapat","status":"publish","type":"product","link":"https:\/\/www.vempele.fi\/fi\/tuote\/tesla-model-y-kuralapat\/","title":{"rendered":"Kural\u00e4p\u00e4t &#8211; Tesla Model Y"},"content":{"rendered":"<p>Tesla Model Y:hyn muotoillut kurasuojat. Paketti sis\u00e4lt\u00e4\u00e4 4 kpl suojia (molemmin puolin eteen ja taakse) sek\u00e4 tarvittavat kiinnitysniitit nastalla.<\/p>\n<p>Model Y:n kural\u00e4ppien kiinnityksess\u00e4 ei tarvita PPF-kaistaleita, koska l\u00e4pp\u00e4 ei osu maalipintaan. Kaksipuoleisella teipill\u00e4 voi tukevoittaa kiinnityst\u00e4, mutta sen k\u00e4ytt\u00f6 ei ole pakollista.<\/p>\n<p><strong>Tarkemmat tiedot<\/strong><\/p>\n<ul>\n<li>Sopivuus:\n<ul>\n<li>Model Y 2020 &#8211; 2024<\/li>\n<\/ul>\n<\/li>\n<li>Materiaali: ABS-muovi<\/li>\n<li>V\u00e4ri: musta<\/li>\n<li>Paketissa mukana:\n<ul>\n<li>4 x kural\u00e4pp\u00e4, koko sarja<\/li>\n<li>Tarvittavat kiinnitystarpeet<\/li>\n<li>Prikat, Ty\u00f6kalu<\/li>\n<li>Ohjeet kiinnityst\u00e4 varten eteen ja taakse<\/li>\n<\/ul>\n<\/li>\n<\/ul>\n","protected":false},"excerpt":{"rendered":"<p>Paketti sis\u00e4lt\u00e4\u00e4 4 kappaletta Tesla Model Y:hyn muotoiltuja kural\u00e4pp\u00e4, eteen ja taakse omat kiinnitystarpeineen.<\/p>\n<p>Asennuksessa voi k\u00e4ytt\u00e4\u00e4 olemassa olevia sis\u00e4lokasuojan muoviniittej\u00e4. Mukana tulee lis\u00e4\u00e4 muoviniittej\u00e4, sill\u00e4 alkuper\u00e4iset menev\u00e4t helposti rikki irrotettaessa. T\u00e4t\u00e4 mallia ei tarvitse erikseen porata sis\u00e4lokasuojaan kiinni, vaan k\u00e4ytet\u00e4\u00e4n ainoastaan olemassa olevia reiki\u00e4.<\/p>\n","protected":false},"featured_media":22692,"comment_status":"open","ping_status":"closed","template":"","meta":[],"product_brand":[],"product_cat":[154,455,483,128],"product_tag":[83,270,121,203],"class_list":{"0":"post-8549","1":"product","2":"type-product","3":"status-publish","4":"has-post-thumbnail","6":"product_cat-model-y","7":"product_cat-my-tarvikkeet","8":"product_cat-tarvikkeet-ulkopuolelle-model-y","9":"product_cat-tesla-tuotteet","10":"product_tag-autotarvikkeet","11":"product_tag-kuralapat","12":"product_tag-tesla","13":"product_tag-tesla-model-y","15":"first","16":"instock","17":"taxable","18":"shipping-taxable","19":"purchasable","20":"product-type-simple"},"jetpack_sharing_enabled":true,"_links":{"self":[{"href":"https:\/\/www.vempele.fi\/fi\/wp-json\/wp\/v2\/product\/8549","targetHints":{"allow":["GET"]}}],"collection":[{"href":"https:\/\/www.vempele.fi\/fi\/wp-json\/wp\/v2\/product"}],"about":[{"href":"https:\/\/www.vempele.fi\/fi\/wp-json\/wp\/v2\/types\/product"}],"replies":[{"embeddable":true,"href":"https:\/\/www.vempele.fi\/fi\/wp-json\/wp\/v2\/comments?post=8549"}],"wp:featuredmedia":[{"embeddable":true,"href":"https:\/\/www.vempele.fi\/fi\/wp-json\/wp\/v2\/media\/22692"}],"wp:attachment":[{"href":"https:\/\/www.vempele.fi\/fi\/wp-json\/wp\/v2\/media?parent=8549"}],"wp:term":[{"taxonomy":"product_brand","embeddable":true,"href":"https:\/\/www.vempele.fi\/fi\/wp-json\/wp\/v2\/product_brand?post=8549"},{"taxonomy":"product_cat","embeddable":true,"href":"https:\/\/www.vempele.fi\/fi\/wp-json\/wp\/v2\/product_cat?post=8549"},{"taxonomy":"product_tag","embeddable":true,"href":"https:\/\/www.vempele.fi\/fi\/wp-json\/wp\/v2\/product_tag?post=8549"}],"curies":[{"name":"wp","href":"https:\/\/api.w.org\/{rel}","templated":true}]}}