{"id":8915,"date":"2022-01-17T14:57:39","date_gmt":"2022-01-17T12:57:39","guid":{"rendered":"https:\/\/www.vempele.fi\/?post_type=product&#038;p=8915"},"modified":"2026-04-18T10:15:09","modified_gmt":"2026-04-18T07:15:09","slug":"tesla-harmaat-keskikupit-hopeisella-logolla","status":"publish","type":"product","link":"https:\/\/www.vempele.fi\/fi\/tuote\/tesla-harmaat-keskikupit-hopeisella-logolla\/","title":{"rendered":"Tesla &#8211; Vanteen harmaat keskikupit hopeisella logolla (4kpl)"},"content":{"rendered":"<p>Vanteen keski\u00f6kupit, 4 kpl<\/p>\n<ul>\n<li>Yhteensopivuus: Tesla Model 3\/S\/X\/Y\n<ul>\n<li>Ei sovi Photon-vanteelle! Korvaava tuote l\u00f6ytyy <a href=\"https:\/\/www.vempele.fi\/fi\/tuote\/vanteen-keskikupit-model-3-highland-photon-vanteille\/\">t\u00e4\u00e4lt\u00e4.<\/a><\/li>\n<\/ul>\n<\/li>\n<li>V\u00e4ri: harmaa tausta, metallinv\u00e4rinen logo<\/li>\n<li>Halkaisija: 56 mm<\/li>\n<li>Mitat: 19 x 14 x 2,5 cm (pakkaus)<\/li>\n<li>Paino: 70 g (pakkaus)<\/li>\n<\/ul>\n<p>Huom! Poista tuotteen suojatarra ennen k\u00e4ytt\u00f6\u00e4. Suojatarran v\u00e4ri voi vaihdella er\u00e4n mukaan (l\u00e4pin\u00e4kyv\u00e4 tai kuviollinen).<\/p>\n","protected":false},"excerpt":{"rendered":"<p>Vanteen keski\u00f6kupit nyt edullisesti Vempeleelt\u00e4 Teslan 3-, S-, X-, ja Y-malleille poislukien Photon-vanne!<\/p>\n<p>Pakkauksessa 4 harmaata keski\u00f6kuppia metallinv\u00e4risell\u00e4 logolla.<\/p>\n","protected":false},"featured_media":8916,"comment_status":"open","ping_status":"closed","template":"","meta":[],"product_brand":[],"product_cat":[151,152,153,154,452,453,454,455,481,484,486,483,128,456],"product_tag":[83,383,221,121,120],"class_list":{"0":"post-8915","1":"product","2":"type-product","3":"status-publish","4":"has-post-thumbnail","6":"product_cat-model-3","7":"product_cat-model-s","8":"product_cat-model-x","9":"product_cat-model-y","10":"product_cat-m3-tarvikkeet","11":"product_cat-ms-tarvikkeet","12":"product_cat-mx-tarvikkeet","13":"product_cat-my-tarvikkeet","14":"product_cat-tarvikkeet-ulkopuolelle-model-3","15":"product_cat-tarvikkeet-ulkopuolelle-model-s","16":"product_cat-tarvikkeet-ulkopuolelle-model-x","17":"product_cat-tarvikkeet-ulkopuolelle-model-y","18":"product_cat-tesla-tuotteet","19":"product_cat-vannetarvikkeet","20":"product_tag-autotarvikkeet","21":"product_tag-keskikupit","22":"product_tag-keskiokupit","23":"product_tag-tesla","24":"product_tag-tesla-model-3","26":"first","27":"instock","28":"taxable","29":"shipping-taxable","30":"purchasable","31":"product-type-simple"},"jetpack_sharing_enabled":true,"_links":{"self":[{"href":"https:\/\/www.vempele.fi\/fi\/wp-json\/wp\/v2\/product\/8915","targetHints":{"allow":["GET"]}}],"collection":[{"href":"https:\/\/www.vempele.fi\/fi\/wp-json\/wp\/v2\/product"}],"about":[{"href":"https:\/\/www.vempele.fi\/fi\/wp-json\/wp\/v2\/types\/product"}],"replies":[{"embeddable":true,"href":"https:\/\/www.vempele.fi\/fi\/wp-json\/wp\/v2\/comments?post=8915"}],"wp:featuredmedia":[{"embeddable":true,"href":"https:\/\/www.vempele.fi\/fi\/wp-json\/wp\/v2\/media\/8916"}],"wp:attachment":[{"href":"https:\/\/www.vempele.fi\/fi\/wp-json\/wp\/v2\/media?parent=8915"}],"wp:term":[{"taxonomy":"product_brand","embeddable":true,"href":"https:\/\/www.vempele.fi\/fi\/wp-json\/wp\/v2\/product_brand?post=8915"},{"taxonomy":"product_cat","embeddable":true,"href":"https:\/\/www.vempele.fi\/fi\/wp-json\/wp\/v2\/product_cat?post=8915"},{"taxonomy":"product_tag","embeddable":true,"href":"https:\/\/www.vempele.fi\/fi\/wp-json\/wp\/v2\/product_tag?post=8915"}],"curies":[{"name":"wp","href":"https:\/\/api.w.org\/{rel}","templated":true}]}}