{"id":8999,"date":"2022-01-24T15:59:36","date_gmt":"2022-01-24T13:59:36","guid":{"rendered":"https:\/\/www.vempele.fi\/?post_type=product&#038;p=8999"},"modified":"2026-03-30T13:01:37","modified_gmt":"2026-03-30T10:01:37","slug":"etupenkin-takaosan-potkusuoja-tesla-model-3-y","status":"publish","type":"product","link":"https:\/\/www.vempele.fi\/fi\/tuote\/etupenkin-takaosan-potkusuoja-tesla-model-3-y\/","title":{"rendered":"Etupenkin takaosan potkusuoja &#8211; Tesla Model 3 \/ Y"},"content":{"rendered":"<p>Potkusuoja suojaa autosi etuistuimen takaosaa lialta ja naarmuilta. Tuote on keinonahkaa, ja siin\u00e4 on s\u00e4ilytyslokero pikkutavaroille.<\/p>\n<ul>\n<li>Materiaali: Keinonahka<\/li>\n<li>V\u00e4rivaihtoehdot: Musta tai valkoinen<\/li>\n<li>Pakkaus sis\u00e4lt\u00e4\u00e4: 2 kpl Potkusuojia ja kiinnikkeet<\/li>\n<li>Koko: noin 69 x 62 cm<\/li>\n<li>Sopivuus:\n<ul>\n<li>Model Y 2020 &#8211; 2024<\/li>\n<li>Model Y Juniper 2024 -&gt;\n<ul>\n<li><strong>Ei<\/strong> Performance<\/li>\n<li><strong>Ei<\/strong> Standard<\/li>\n<\/ul>\n<\/li>\n<li>Model 3 Pre-Refresh vm. 2019 \u2013 2021<\/li>\n<li>Model 3 Refresh vm. 2021 \u2013 2023<\/li>\n<\/ul>\n<\/li>\n<\/ul>\n<p>Ohjekuva asennusta varten tuotekuvien joukossa.<\/p>\n<p>&nbsp;<\/p>\n","protected":false},"excerpt":{"rendered":"<p>Suojaa Tesla Model 3- tai Model Y -autosi etupenkkien taustat potkusuojilla. Tuote tarvitsee vain pujottaa takaa penkin v\u00e4liin ja kiinnitt\u00e4\u00e4 alapuolelta mukana tulevilta kiinnikkeill\u00e4. Lopputulos on n\u00e4ytt\u00e4v\u00e4, ja takapenkkil\u00e4iset voivat hy\u00f6dynt\u00e4\u00e4 tuotteessa olevaa taskua erilaisten tavaroiden s\u00e4ilytt\u00e4miseen. Suoja on helpompi pit\u00e4\u00e4 puhtaana kuin alkuper\u00e4inen penkin tausta &#8211; pyyhk\u00e4ise potkutahrat vain kostealla liinalla.<\/p>\n<p>Potkusuojat on saatavilla suosituimmissa v\u00e4reiss\u00e4, mustana ja valkoisena. T\u00e4m\u00e4 tuote sis\u00e4lt\u00e4\u00e4 suojat molemmille istuimille sek\u00e4 penkin alle tulevat kiinnikkeet.<\/p>\n","protected":false},"featured_media":9076,"comment_status":"open","ping_status":"closed","template":"","meta":[],"product_brand":[],"product_cat":[151,154,452,455,480,482,128],"product_tag":[83,242,305,121,120,203],"class_list":{"0":"post-8999","1":"product","2":"type-product","3":"status-publish","4":"has-post-thumbnail","6":"product_cat-model-3","7":"product_cat-model-y","8":"product_cat-m3-tarvikkeet","9":"product_cat-my-tarvikkeet","10":"product_cat-tarvikkeet-sisapuolelle-model-3","11":"product_cat-tarvikkeet-sisapuolelle-model-y","12":"product_cat-tesla-tuotteet","13":"product_tag-autotarvikkeet","14":"product_tag-potkusuoja","15":"product_tag-suojavarusteet","16":"product_tag-tesla","17":"product_tag-tesla-model-3","18":"product_tag-tesla-model-y","20":"first","21":"instock","22":"taxable","23":"shipping-taxable","24":"purchasable","25":"product-type-variable"},"jetpack_sharing_enabled":true,"_links":{"self":[{"href":"https:\/\/www.vempele.fi\/fi\/wp-json\/wp\/v2\/product\/8999","targetHints":{"allow":["GET"]}}],"collection":[{"href":"https:\/\/www.vempele.fi\/fi\/wp-json\/wp\/v2\/product"}],"about":[{"href":"https:\/\/www.vempele.fi\/fi\/wp-json\/wp\/v2\/types\/product"}],"replies":[{"embeddable":true,"href":"https:\/\/www.vempele.fi\/fi\/wp-json\/wp\/v2\/comments?post=8999"}],"wp:featuredmedia":[{"embeddable":true,"href":"https:\/\/www.vempele.fi\/fi\/wp-json\/wp\/v2\/media\/9076"}],"wp:attachment":[{"href":"https:\/\/www.vempele.fi\/fi\/wp-json\/wp\/v2\/media?parent=8999"}],"wp:term":[{"taxonomy":"product_brand","embeddable":true,"href":"https:\/\/www.vempele.fi\/fi\/wp-json\/wp\/v2\/product_brand?post=8999"},{"taxonomy":"product_cat","embeddable":true,"href":"https:\/\/www.vempele.fi\/fi\/wp-json\/wp\/v2\/product_cat?post=8999"},{"taxonomy":"product_tag","embeddable":true,"href":"https:\/\/www.vempele.fi\/fi\/wp-json\/wp\/v2\/product_tag?post=8999"}],"curies":[{"name":"wp","href":"https:\/\/api.w.org\/{rel}","templated":true}]}}