{"id":9034,"date":"2022-01-25T12:27:53","date_gmt":"2022-01-25T10:27:53","guid":{"rendered":"https:\/\/www.vempele.fi\/?post_type=product&#038;p=9034"},"modified":"2026-04-13T14:54:41","modified_gmt":"2026-04-13T11:54:41","slug":"tesla-model-3-eva-kaukalomatot","status":"publish","type":"product","link":"https:\/\/www.vempele.fi\/fi\/tuote\/tesla-model-3-eva-kaukalomatot\/","title":{"rendered":"EVA-Kaukalomatot &#8211; Tesla Model 3"},"content":{"rendered":"<p>Kulutusta kest\u00e4v\u00e4 EVA-kaukalomattosarja Tesla Model 3:een.<\/p>\n<p>Pakkauksessa kolme kaukalomattoa:<br \/>\n1 x kuljettajalle<br \/>\n1 x repsikalle<br \/>\n1 x yhten\u00e4inen matto taakse<\/p>\n<p><b>Lis\u00e4tiedot:<\/b><\/p>\n<ul>\n<li>Materiaali: EVA-muovi<\/li>\n<li>V\u00e4ri: musta<\/li>\n<li>Paino: 4,3 kg<\/li>\n<\/ul>\n","protected":false},"excerpt":{"rendered":"<p>Tesla Model 3:een valmistetut EVA-kaukalomatot jalkatiloihin kaikille viidelle istuimelle. N\u00e4m\u00e4 tukevasta EVA-muovista valmistetut kaukalomatot ovat todella tyylik\u00e4s ratkaisu Suomen talvisiin kura- ja pakkaskeleihin. Kaukalomallisista matoista on helppo kaataa kengist\u00e4 sulaneet vedet pois kosteutta ker\u00e4\u00e4m\u00e4st\u00e4. EVA-kaukalomatot ovat my\u00f6s Vempeleen yksi asiakkaiden suosituimmista matoista. Lattiamatot on muotoiltu tarkasti auton mukaan, joten ne istuvat t\u00e4ydellisesti, heitt\u00e4m\u00e4ll\u00e4, paikoilleen.<\/p>\n<p>Matot ovat helppo puhdistaa liasta vaikka hanan alla ja harjalla, sill\u00e4 ne kest\u00e4v\u00e4t hyvin pesua.<\/p>\n<p><strong>Sopii my\u00f6s Highlandiin!<\/strong><\/p>\n<p>Huomioi viimeisest\u00e4 tuotekuvasta mattojen tarkempi kuviointirakenne.<\/p>\n","protected":false},"featured_media":9035,"comment_status":"open","ping_status":"closed","template":"","meta":[],"product_brand":[],"product_cat":[409,151,128],"product_tag":[83,206,513,553,156,121],"class_list":{"0":"post-9034","1":"product","2":"type-product","3":"status-publish","4":"has-post-thumbnail","6":"product_cat-matot-model-3","7":"product_cat-model-3","8":"product_cat-tesla-tuotteet","9":"product_tag-autotarvikkeet","10":"product_tag-eva","11":"product_tag-kaukalomatot","12":"product_tag-kuramatot","13":"product_tag-model-3","14":"product_tag-tesla","16":"first","17":"instock","18":"taxable","19":"shipping-taxable","20":"purchasable","21":"product-type-simple"},"jetpack_sharing_enabled":true,"_links":{"self":[{"href":"https:\/\/www.vempele.fi\/fi\/wp-json\/wp\/v2\/product\/9034","targetHints":{"allow":["GET"]}}],"collection":[{"href":"https:\/\/www.vempele.fi\/fi\/wp-json\/wp\/v2\/product"}],"about":[{"href":"https:\/\/www.vempele.fi\/fi\/wp-json\/wp\/v2\/types\/product"}],"replies":[{"embeddable":true,"href":"https:\/\/www.vempele.fi\/fi\/wp-json\/wp\/v2\/comments?post=9034"}],"wp:featuredmedia":[{"embeddable":true,"href":"https:\/\/www.vempele.fi\/fi\/wp-json\/wp\/v2\/media\/9035"}],"wp:attachment":[{"href":"https:\/\/www.vempele.fi\/fi\/wp-json\/wp\/v2\/media?parent=9034"}],"wp:term":[{"taxonomy":"product_brand","embeddable":true,"href":"https:\/\/www.vempele.fi\/fi\/wp-json\/wp\/v2\/product_brand?post=9034"},{"taxonomy":"product_cat","embeddable":true,"href":"https:\/\/www.vempele.fi\/fi\/wp-json\/wp\/v2\/product_cat?post=9034"},{"taxonomy":"product_tag","embeddable":true,"href":"https:\/\/www.vempele.fi\/fi\/wp-json\/wp\/v2\/product_tag?post=9034"}],"curies":[{"name":"wp","href":"https:\/\/api.w.org\/{rel}","templated":true}]}}