{"id":9040,"date":"2022-01-25T12:52:53","date_gmt":"2022-01-25T10:52:53","guid":{"rendered":"https:\/\/www.vempele.fi\/?post_type=product&#038;p=9040"},"modified":"2026-04-17T15:21:12","modified_gmt":"2026-04-17T12:21:12","slug":"tesla-model-y-eva-kaukalomatot","status":"publish","type":"product","link":"https:\/\/www.vempele.fi\/fi\/tuote\/tesla-model-y-eva-kaukalomatot\/","title":{"rendered":"EVA- Kaukalomatot &#8211; Tesla Model Y"},"content":{"rendered":"<p>Kulutusta kest\u00e4v\u00e4t EVA-muovista valmistetut kaukalomatot <a href=\"https:\/\/www.vempele.fi\/tuote-kategoria\/tesla-tuotteet\/model-y\/\" target=\"_blank\" rel=\"noopener\">Tesla Model Y<\/a>:lle.<\/p>\n<p>Pakkauksessa kolme mattoa:<br \/>\n1 x kuljettajalle<br \/>\n1 x repsikalle<br \/>\n1x yhten\u00e4inen matto takaistuimen lattialle<\/p>\n<p><b>Lis\u00e4tiedot:<\/b><\/p>\n<ul>\n<li>Materiaali: EVA-muovi<\/li>\n<li>V\u00e4ri: musta<\/li>\n<li>Koot:\n<ul>\n<li>Kuski I: 1,23 kg; 76 x 57 x 22 cm<\/li>\n<li>Kuski II: 1,25 kg; 73 x 57 x 22 cm<\/li>\n<li>Takapenkki: 2,15 kg; 133 x 66 x 7 cm<\/li>\n<\/ul>\n<\/li>\n<li>Sopivuus:\n<ul>\n<li>Tesla Model Y 2020 &#8211; 2024<\/li>\n<li>Tesla Model Y 2024 -&gt; (Juniper)<\/li>\n<\/ul>\n<\/li>\n<\/ul>\n","protected":false},"excerpt":{"rendered":"<p>Tesla Model Y:hyn valmistetut EVA-kaukalomatot jalkatiloihin kaikille viidelle istuimelle. EVA on umpisoluista, puolij\u00e4ykk\u00e4\u00e4 solumuovia. Sen etuja ovat joustavuus, pehmeys, hyv\u00e4 s\u00e4\u00e4nkesto ja kemiallinen kest\u00e4vyys eri s\u00e4\u00e4tiloissa. Matot on helppo puhdistaa vaikka hanan alla ja kevyesti harjalla &#8211; kura ja lika l\u00e4htee muovipinnasta helposti. Kuten muutkin valikoimassamme olevat matot, n\u00e4m\u00e4 kaukalomatot ovat t\u00e4ydellisesti muotoon istuvat, eli menev\u00e4t heitt\u00e4m\u00e4ll\u00e4 paikoilleen. Pienten reunusten ansiosta sulamisvedet j\u00e4\u00e4v\u00e4t matolle, josta ne on sitten helppo kaataa pois tarvittaessa.<\/p>\n<p>EVA-kaukalomatot ovat asiakkaidemme suosituimpia ostoksia Vempele-verkkokaupasta.<\/p>\n<p>Huom! Er\u00e4st\u00e4 riippuen mattojen pintakuviointi ja muotoilu saattaa poiketa hieman tuotekuvassa esitetyst\u00e4.<\/p>\n","protected":false},"featured_media":14335,"comment_status":"open","ping_status":"closed","template":"","meta":[],"product_brand":[],"product_cat":[408,154,128],"product_tag":[83,513,307,553,271,121],"class_list":{"0":"post-9040","1":"product","2":"type-product","3":"status-publish","4":"has-post-thumbnail","6":"product_cat-matot-model-y","7":"product_cat-model-y","8":"product_cat-tesla-tuotteet","9":"product_tag-autotarvikkeet","10":"product_tag-kaukalomatot","11":"product_tag-kumimatto","12":"product_tag-kuramatot","13":"product_tag-model-y","14":"product_tag-tesla","16":"first","17":"instock","18":"taxable","19":"shipping-taxable","20":"purchasable","21":"product-type-simple"},"jetpack_sharing_enabled":true,"_links":{"self":[{"href":"https:\/\/www.vempele.fi\/fi\/wp-json\/wp\/v2\/product\/9040","targetHints":{"allow":["GET"]}}],"collection":[{"href":"https:\/\/www.vempele.fi\/fi\/wp-json\/wp\/v2\/product"}],"about":[{"href":"https:\/\/www.vempele.fi\/fi\/wp-json\/wp\/v2\/types\/product"}],"replies":[{"embeddable":true,"href":"https:\/\/www.vempele.fi\/fi\/wp-json\/wp\/v2\/comments?post=9040"}],"wp:featuredmedia":[{"embeddable":true,"href":"https:\/\/www.vempele.fi\/fi\/wp-json\/wp\/v2\/media\/14335"}],"wp:attachment":[{"href":"https:\/\/www.vempele.fi\/fi\/wp-json\/wp\/v2\/media?parent=9040"}],"wp:term":[{"taxonomy":"product_brand","embeddable":true,"href":"https:\/\/www.vempele.fi\/fi\/wp-json\/wp\/v2\/product_brand?post=9040"},{"taxonomy":"product_cat","embeddable":true,"href":"https:\/\/www.vempele.fi\/fi\/wp-json\/wp\/v2\/product_cat?post=9040"},{"taxonomy":"product_tag","embeddable":true,"href":"https:\/\/www.vempele.fi\/fi\/wp-json\/wp\/v2\/product_tag?post=9040"}],"curies":[{"name":"wp","href":"https:\/\/api.w.org\/{rel}","templated":true}]}}