{"id":9111,"date":"2022-02-01T08:58:42","date_gmt":"2022-02-01T06:58:42","guid":{"rendered":"https:\/\/www.vempele.fi\/?post_type=product&#038;p=9111"},"modified":"2026-04-19T19:09:52","modified_gmt":"2026-04-19T16:09:52","slug":"tesla-vanteen-keskiokupit-hopeat-hopeisella-logolla-4kpl","status":"publish","type":"product","link":"https:\/\/www.vempele.fi\/fi\/tuote\/tesla-vanteen-keskiokupit-hopeat-hopeisella-logolla-4kpl\/","title":{"rendered":"Tesla &#8211; Vanteen hopeiset keski\u00f6kupit hopeisella logolla (4 kpl)"},"content":{"rendered":"<p>Vanteen keski\u00f6kupit, 4 kpl<\/p>\n<ul>\n<li style=\"list-style-type: none;\">\n<ul>\n<li>Malli: Hopeanv\u00e4rinen, kiilt\u00e4v\u00e4<\/li>\n<li>Yhteensopivuus: Tesla Model 3\/S\/X\/Y<\/li>\n<li>Keski\u00f6kupin halkaisija: 56 mm<\/li>\n<\/ul>\n<\/li>\n<\/ul>\n<p>Huom! Sek\u00e4 keski\u00f6kupin logo ett\u00e4 tausta on kiilt\u00e4v\u00e4n hopeinen. Poista tuotteen suojatarra ennen k\u00e4ytt\u00f6\u00e4. Tuotteen suojatarra voi vaihdella er\u00e4n mukaan (l\u00e4pin\u00e4kyv\u00e4 tai kuviolla).<\/p>\n","protected":false},"excerpt":{"rendered":"<p>Vanteen keski\u00f6kupit nyt edullisesti Vempeleelt\u00e4 Teslan 3-, S-, X-, ja Y-malleille!<br \/>\nPakkauksessa 4 hopeanv\u00e4rist\u00e4 keski\u00f6kuppia. Mittaa ennen tilausta vanteidesi keski\u00f6kupin koko.<\/p>\n<p>&nbsp;<\/p>\n","protected":false},"featured_media":9115,"comment_status":"open","ping_status":"closed","template":"","meta":[],"product_brand":[],"product_cat":[151,152,153,154,481,484,486,483,128,456],"product_tag":[83,121,120],"class_list":{"0":"post-9111","1":"product","2":"type-product","3":"status-publish","4":"has-post-thumbnail","6":"product_cat-model-3","7":"product_cat-model-s","8":"product_cat-model-x","9":"product_cat-model-y","10":"product_cat-tarvikkeet-ulkopuolelle-model-3","11":"product_cat-tarvikkeet-ulkopuolelle-model-s","12":"product_cat-tarvikkeet-ulkopuolelle-model-x","13":"product_cat-tarvikkeet-ulkopuolelle-model-y","14":"product_cat-tesla-tuotteet","15":"product_cat-vannetarvikkeet","16":"product_tag-autotarvikkeet","17":"product_tag-tesla","18":"product_tag-tesla-model-3","20":"first","21":"instock","22":"taxable","23":"shipping-taxable","24":"purchasable","25":"product-type-simple"},"jetpack_sharing_enabled":true,"_links":{"self":[{"href":"https:\/\/www.vempele.fi\/fi\/wp-json\/wp\/v2\/product\/9111","targetHints":{"allow":["GET"]}}],"collection":[{"href":"https:\/\/www.vempele.fi\/fi\/wp-json\/wp\/v2\/product"}],"about":[{"href":"https:\/\/www.vempele.fi\/fi\/wp-json\/wp\/v2\/types\/product"}],"replies":[{"embeddable":true,"href":"https:\/\/www.vempele.fi\/fi\/wp-json\/wp\/v2\/comments?post=9111"}],"wp:featuredmedia":[{"embeddable":true,"href":"https:\/\/www.vempele.fi\/fi\/wp-json\/wp\/v2\/media\/9115"}],"wp:attachment":[{"href":"https:\/\/www.vempele.fi\/fi\/wp-json\/wp\/v2\/media?parent=9111"}],"wp:term":[{"taxonomy":"product_brand","embeddable":true,"href":"https:\/\/www.vempele.fi\/fi\/wp-json\/wp\/v2\/product_brand?post=9111"},{"taxonomy":"product_cat","embeddable":true,"href":"https:\/\/www.vempele.fi\/fi\/wp-json\/wp\/v2\/product_cat?post=9111"},{"taxonomy":"product_tag","embeddable":true,"href":"https:\/\/www.vempele.fi\/fi\/wp-json\/wp\/v2\/product_tag?post=9111"}],"curies":[{"name":"wp","href":"https:\/\/api.w.org\/{rel}","templated":true}]}}