{"id":9116,"date":"2022-02-01T10:48:50","date_gmt":"2022-02-01T08:48:50","guid":{"rendered":"https:\/\/www.vempele.fi\/?post_type=product&#038;p=9116"},"modified":"2026-04-15T22:54:08","modified_gmt":"2026-04-15T19:54:08","slug":"tesla-punaiset-keskiokupit-hopeisella-logolla","status":"publish","type":"product","link":"https:\/\/www.vempele.fi\/fi\/tuote\/tesla-punaiset-keskiokupit-hopeisella-logolla\/","title":{"rendered":"Tesla &#8211; vanteen punaiset keskikupit hopeisella logolla (4 kpl)"},"content":{"rendered":"<p>Vanteen keskikupit, 4 kpl<\/p>\n<ul>\n<li>Yhteensopivuus: Tesla Model 3\/S\/X\/Y\n<ul>\n<li>Ei sovi Photon-vanteelle! Korvaava tuote l\u00f6ytyy <a href=\"https:\/\/www.vempele.fi\/fi\/tuote\/vanteen-keskikupit-model-3-highland-photon-vanteille\/\">t\u00e4\u00e4lt\u00e4.<\/a><\/li>\n<\/ul>\n<\/li>\n<li>V\u00e4ri: metallinpunainen tausta, hopeanv\u00e4rinen logo<\/li>\n<li>Halkaisija: 56 mm<\/li>\n<li>Mitat: 19 x 14 x 2,5 cm (pakkaus)<\/li>\n<li>Paino: 70 g (pakkaus)<\/li>\n<li>Name: Metallic red center caps with silver Tesla logo (4PCS)<\/li>\n<\/ul>\n<p>Huom! Poista tuotteen suojatarra ennen k\u00e4ytt\u00f6\u00e4.<\/p>\n","protected":false},"excerpt":{"rendered":"<p>Vanteen metallinpunaiset keskikupit hopeisella Tesla -logolla. Nyt edullisesti Vempeleelt\u00e4 Teslan S \/ 3 \/ X \/ Y -malleille poislukien Photon-vanne.<br \/>\nPakkauksessa 4 metallinpunaista keski\u00f6kuppia hopeanv\u00e4risell\u00e4 logolla.<\/p>\n<p>Halutessaan voi asentaa vaikka mille tahansa sopivalle vanteelle!<\/p>\n","protected":false},"featured_media":9118,"comment_status":"open","ping_status":"closed","template":"","meta":[],"product_brand":[],"product_cat":[151,152,153,154,481,484,486,483,128,456],"product_tag":[83,121,120],"class_list":{"0":"post-9116","1":"product","2":"type-product","3":"status-publish","4":"has-post-thumbnail","6":"product_cat-model-3","7":"product_cat-model-s","8":"product_cat-model-x","9":"product_cat-model-y","10":"product_cat-tarvikkeet-ulkopuolelle-model-3","11":"product_cat-tarvikkeet-ulkopuolelle-model-s","12":"product_cat-tarvikkeet-ulkopuolelle-model-x","13":"product_cat-tarvikkeet-ulkopuolelle-model-y","14":"product_cat-tesla-tuotteet","15":"product_cat-vannetarvikkeet","16":"product_tag-autotarvikkeet","17":"product_tag-tesla","18":"product_tag-tesla-model-3","20":"first","21":"instock","22":"taxable","23":"shipping-taxable","24":"purchasable","25":"product-type-simple"},"jetpack_sharing_enabled":true,"_links":{"self":[{"href":"https:\/\/www.vempele.fi\/fi\/wp-json\/wp\/v2\/product\/9116","targetHints":{"allow":["GET"]}}],"collection":[{"href":"https:\/\/www.vempele.fi\/fi\/wp-json\/wp\/v2\/product"}],"about":[{"href":"https:\/\/www.vempele.fi\/fi\/wp-json\/wp\/v2\/types\/product"}],"replies":[{"embeddable":true,"href":"https:\/\/www.vempele.fi\/fi\/wp-json\/wp\/v2\/comments?post=9116"}],"wp:featuredmedia":[{"embeddable":true,"href":"https:\/\/www.vempele.fi\/fi\/wp-json\/wp\/v2\/media\/9118"}],"wp:attachment":[{"href":"https:\/\/www.vempele.fi\/fi\/wp-json\/wp\/v2\/media?parent=9116"}],"wp:term":[{"taxonomy":"product_brand","embeddable":true,"href":"https:\/\/www.vempele.fi\/fi\/wp-json\/wp\/v2\/product_brand?post=9116"},{"taxonomy":"product_cat","embeddable":true,"href":"https:\/\/www.vempele.fi\/fi\/wp-json\/wp\/v2\/product_cat?post=9116"},{"taxonomy":"product_tag","embeddable":true,"href":"https:\/\/www.vempele.fi\/fi\/wp-json\/wp\/v2\/product_tag?post=9116"}],"curies":[{"name":"wp","href":"https:\/\/api.w.org\/{rel}","templated":true}]}}