{"id":9119,"date":"2022-02-01T11:45:16","date_gmt":"2022-02-01T09:45:16","guid":{"rendered":"https:\/\/www.vempele.fi\/?post_type=product&#038;p=9119"},"modified":"2026-03-26T10:36:21","modified_gmt":"2026-03-26T08:36:21","slug":"tesla-puhelin-ja-tablettiteline-takapenkille","status":"publish","type":"product","link":"https:\/\/www.vempele.fi\/fi\/tuote\/tesla-puhelin-ja-tablettiteline-takapenkille\/","title":{"rendered":"Puhelin- ja tablettiteline takapenkille"},"content":{"rendered":"<p>Teslan etupenkin takaosaan kiinnitett\u00e4v\u00e4 puhelin- ja tablettiteline. Telineen maksimileveys on 18 cm, eli puhelimen ja pienehk\u00f6n tabletin saa siihen kiinni joko vaaka- tai pystyasennossa. Teline kuitenkin k\u00e4\u00e4ntyy 360 astetta, joten isommankin tabletin saa halutessaan vaakatasoon.<\/p>\n<p>Muut tiedot<\/p>\n<ul>\n<li>V\u00e4ri: Musta<\/li>\n<li>Materiaali: Muovi<\/li>\n<li>Pakkauksen paino: n. 140 g<\/li>\n<\/ul>\n","protected":false},"excerpt":{"rendered":"<p>Puhelin- ja tablettiteline takapenkin matkustajien viihtyvyytt\u00e4 lis\u00e4\u00e4m\u00e4\u00e4n! Teline kiinnitet\u00e4\u00e4n klipsill\u00e4 etupenkin takaosaan. Soveltuu Teslan malleihin Model 3, Y, X ja S.<\/p>\n","protected":false},"featured_media":36426,"comment_status":"open","ping_status":"closed","template":"","meta":[],"product_brand":[],"product_cat":[151,152,153,154,452,453,454,455,480,485,487,482,128],"product_tag":[83,314,313,237,156,172,173,271,316,315,121],"class_list":{"0":"post-9119","1":"product","2":"type-product","3":"status-publish","4":"has-post-thumbnail","6":"product_cat-model-3","7":"product_cat-model-s","8":"product_cat-model-x","9":"product_cat-model-y","10":"product_cat-m3-tarvikkeet","11":"product_cat-ms-tarvikkeet","12":"product_cat-mx-tarvikkeet","13":"product_cat-my-tarvikkeet","14":"product_cat-tarvikkeet-sisapuolelle-model-3","15":"product_cat-tarvikkeet-sisapuolelle-model-s","16":"product_cat-tarvikkeet-sisapuolelle-model-x","17":"product_cat-tarvikkeet-sisapuolelle-model-y","18":"product_cat-tesla-tuotteet","19":"product_tag-autotarvikkeet","20":"product_tag-kannykkapidike","21":"product_tag-kannykkateline","22":"product_tag-keskikonsoli","23":"product_tag-model-3","24":"product_tag-model-s","25":"product_tag-model-x","26":"product_tag-model-y","27":"product_tag-tablettipidike","28":"product_tag-tablettiteline","29":"product_tag-tesla","31":"first","32":"instock","33":"taxable","34":"shipping-taxable","35":"purchasable","36":"product-type-simple"},"jetpack_sharing_enabled":true,"_links":{"self":[{"href":"https:\/\/www.vempele.fi\/fi\/wp-json\/wp\/v2\/product\/9119","targetHints":{"allow":["GET"]}}],"collection":[{"href":"https:\/\/www.vempele.fi\/fi\/wp-json\/wp\/v2\/product"}],"about":[{"href":"https:\/\/www.vempele.fi\/fi\/wp-json\/wp\/v2\/types\/product"}],"replies":[{"embeddable":true,"href":"https:\/\/www.vempele.fi\/fi\/wp-json\/wp\/v2\/comments?post=9119"}],"wp:featuredmedia":[{"embeddable":true,"href":"https:\/\/www.vempele.fi\/fi\/wp-json\/wp\/v2\/media\/36426"}],"wp:attachment":[{"href":"https:\/\/www.vempele.fi\/fi\/wp-json\/wp\/v2\/media?parent=9119"}],"wp:term":[{"taxonomy":"product_brand","embeddable":true,"href":"https:\/\/www.vempele.fi\/fi\/wp-json\/wp\/v2\/product_brand?post=9119"},{"taxonomy":"product_cat","embeddable":true,"href":"https:\/\/www.vempele.fi\/fi\/wp-json\/wp\/v2\/product_cat?post=9119"},{"taxonomy":"product_tag","embeddable":true,"href":"https:\/\/www.vempele.fi\/fi\/wp-json\/wp\/v2\/product_tag?post=9119"}],"curies":[{"name":"wp","href":"https:\/\/api.w.org\/{rel}","templated":true}]}}