{"id":9673,"date":"2022-03-11T11:52:56","date_gmt":"2022-03-11T09:52:56","guid":{"rendered":"https:\/\/www.vempele.fi\/?post_type=product&#038;p=9673"},"modified":"2026-03-25T12:09:28","modified_gmt":"2026-03-25T10:09:28","slug":"tesla-oven-vaimennustyynyt-5-kpl","status":"publish","type":"product","link":"https:\/\/www.vempele.fi\/fi\/tuote\/tesla-oven-vaimennustyynyt-5-kpl\/","title":{"rendered":"Auton oven vaimennustyynyt 5 kpl"},"content":{"rendered":"<p>Auton oven vaimennustyynyt 5 kpl<\/p>\n<ul>\n<li>Oven vaimennustyynyt, 5 kpl<\/li>\n<li>Yhteensopivuus: Tesla Model 3\/S\/X\/Y, my\u00f6s muut automallit<\/li>\n<li>V\u00e4ri: musta, valkoisella autokuvioinnilla<\/li>\n<li>Koko: 27 x 8 mm (1 kpl)<\/li>\n<li>Paino: 2,5 g (1 kpl)<\/li>\n<\/ul>\n","protected":false},"excerpt":{"rendered":"<p>Oven vaimennustyynyt nyt edullisesti Teslan malleille 3, S, X ja Y! Soveltuvat vaimentamaan iskuja ja \u00e4\u00e4ni\u00e4 sek\u00e4 oviin ett\u00e4 s\u00e4ilytysluukkuihin.<br \/>\nPakkauksessa 5 kpl mustia vaimennustyynyj\u00e4 autokuvioinnilla. Tyynyiss\u00e4 on teippikiinnitys, ja ne kiinnitet\u00e4\u00e4n oviaukkoon kynnykseen ja\/tai sivulle. Puhdista pinta huolellisesti ja kiinnit\u00e4 vaimennustyynyt l\u00e4mpim\u00e4ss\u00e4, jolloin teipin liimapinta ottaa paremmin kiinni.<\/p>\n","protected":false},"featured_media":19229,"comment_status":"open","ping_status":"closed","template":"","meta":[],"product_brand":[],"product_cat":[151,152,153,154,452,453,454,455,481,484,486,483,128],"product_tag":[339,83,340,156,172,173,271,540,121,319],"class_list":{"0":"post-9673","1":"product","2":"type-product","3":"status-publish","4":"has-post-thumbnail","6":"product_cat-model-3","7":"product_cat-model-s","8":"product_cat-model-x","9":"product_cat-model-y","10":"product_cat-m3-tarvikkeet","11":"product_cat-ms-tarvikkeet","12":"product_cat-mx-tarvikkeet","13":"product_cat-my-tarvikkeet","14":"product_cat-tarvikkeet-ulkopuolelle-model-3","15":"product_cat-tarvikkeet-ulkopuolelle-model-s","16":"product_cat-tarvikkeet-ulkopuolelle-model-x","17":"product_cat-tarvikkeet-ulkopuolelle-model-y","18":"product_cat-tesla-tuotteet","19":"product_tag-aanenvaimennus","20":"product_tag-autotarvikkeet","21":"product_tag-iskunvaimennus","22":"product_tag-model-3","23":"product_tag-model-s","24":"product_tag-model-x","25":"product_tag-model-y","26":"product_tag-ovityyny","27":"product_tag-tesla","28":"product_tag-varaosat","30":"first","31":"outofstock","32":"taxable","33":"shipping-taxable","34":"purchasable","35":"product-type-simple"},"jetpack_sharing_enabled":true,"_links":{"self":[{"href":"https:\/\/www.vempele.fi\/fi\/wp-json\/wp\/v2\/product\/9673","targetHints":{"allow":["GET"]}}],"collection":[{"href":"https:\/\/www.vempele.fi\/fi\/wp-json\/wp\/v2\/product"}],"about":[{"href":"https:\/\/www.vempele.fi\/fi\/wp-json\/wp\/v2\/types\/product"}],"replies":[{"embeddable":true,"href":"https:\/\/www.vempele.fi\/fi\/wp-json\/wp\/v2\/comments?post=9673"}],"wp:featuredmedia":[{"embeddable":true,"href":"https:\/\/www.vempele.fi\/fi\/wp-json\/wp\/v2\/media\/19229"}],"wp:attachment":[{"href":"https:\/\/www.vempele.fi\/fi\/wp-json\/wp\/v2\/media?parent=9673"}],"wp:term":[{"taxonomy":"product_brand","embeddable":true,"href":"https:\/\/www.vempele.fi\/fi\/wp-json\/wp\/v2\/product_brand?post=9673"},{"taxonomy":"product_cat","embeddable":true,"href":"https:\/\/www.vempele.fi\/fi\/wp-json\/wp\/v2\/product_cat?post=9673"},{"taxonomy":"product_tag","embeddable":true,"href":"https:\/\/www.vempele.fi\/fi\/wp-json\/wp\/v2\/product_tag?post=9673"}],"curies":[{"name":"wp","href":"https:\/\/api.w.org\/{rel}","templated":true}]}}