{"id":16103,"date":"2023-02-09T11:34:41","date_gmt":"2023-02-09T09:34:41","guid":{"rendered":"https:\/\/www.vempele.fi\/?page_id=16103"},"modified":"2024-08-05T13:39:01","modified_gmt":"2024-08-05T10:39:01","slug":"informatie-over-banden-en-velgen-voor-tesla","status":"publish","type":"page","link":"https:\/\/www.vempele.fi\/nl\/rengas-ja-vannetietoa-teslaan\/","title":{"rendered":"Informatie over banden en wielen"},"content":{"rendered":"<div class=\"wp-block-group\"><div class=\"wp-block-group__inner-container is-layout-constrained wp-block-group-is-layout-constrained\">\n<p class=\"has-huge-font-size\" id=\"top\">Informatie over banden en wielen<\/p>\n\n\n\n<p class=\"has-text-align-left\">Hier vind je handige informatie over welke banden geschikt zijn voor welke velgen en welke velgen geschikt zijn voor welke Tesla.<\/p>\n\n\n\n<p class=\"has-background\" style=\"background-color:#f2f2f2\">Directory:<br> - <a href=\"#et\">Velg ET en de selectie ervan<\/a><br> - <a href=\"#sopivuustaulukko\">Bandenmaat tabel<\/a><br> Originele velggegevens:<br> - <a href=\"#m3_a\">Model 3<\/a><br> - <a href=\"#my_a\">Model Y<\/a><br> - <a href=\"#ms_a1\">Model S 2020 Vooruit<\/a><br> - <a href=\"#ms_a2\">Model S 2012 - 2020<\/a><br> - <a href=\"#mx_a1\">Model X 2020 Vooruit<\/a><br> - <a href=\"#mx_a2\">Model X 2015 - 2020<\/a><br>Geschiktheid van banden per automodel:<br> - <a href=\"#m3_v\">Model 3<\/a><br> - <a href=\"#my_v\">Model Y<\/a><br> - <a href=\"#ms_v\">Model S<\/a><br> - <a href=\"http:\/\/mx_v\">Model X<\/a><br>Verspringend:<br> - <a href=\"#staggered\">Wat is gespreid?<\/a><br> - <a href=\"#staggered_lista\">Gestaffelde wedstrijdtafel<\/a><\/p>\n\n\n\n<p>Het kiezen van de juiste band en velg voor je auto is erg belangrijk voor de rijveiligheid en rijervaring. De juiste maat, de juiste banden en velgen zorgen ervoor dat je auto controleerbaar is en veilig rijdt. De breedte van de velg is een factor die de rijervaring kan be\u00efnvloeden. Een smallere velg heeft minder bandenspreiding, wat de rijervaring soepeler en comfortabeler kan maken. Het vermindert ook het geluid en verbetert de levensduur van de batterij. Dit is vooral merkbaar in de Model 3 en Y.<br><br>Vooral hier in het noorden loont het om te investeren in goede winterbanden met grip op sneeuw en ijs. Spijkerbanden zijn uiteraard een goede keuze, hoewel ze het geluid tijdens het rijden kunnen verhogen. Er zijn echter ook stille spijkermodellen op de markt, zodat je extra grip hebt zonder aan comfort in te boeten.<\/p>\n\n\n\n<hr class=\"wp-block-separator has-alpha-channel-opacity\"\/>\n\n\n\n<h2 class=\"wp-block-heading\" id=\"et\">Velg ET en de selectie ervan<\/h2>\n\n\n\n<p>De ET (offset) van de velgen beschrijft de afstand tussen het midden van de velg en het draaipunt (montagevlak). <\/p>\n\n\n\n<p>Hoe hoger de ET-verhouding, hoe meer de velg naar binnen staat. Hoe lager de ET, hoe verder de velg uit het spatbord steekt. In een versprongen configuratie wordt de bredere velg ongeveer gelijk gemaakt met de smallere velg door de juiste ET-nummers te kiezen.<br><br>Als je automodel geschikt is voor meer dan \u00e9\u00e9n ET, is de keuze vooral een kwestie van uiterlijk. Je kunt de bijpassende <a href=\"#sopivuus\">uit de bijbehorende tabel<\/a>.<br><br>Er zijn veel hulpmiddelen op het web die gebruikt kunnen worden om bijvoorbeeld te vergelijken hoe twee verschillende ET's en bandbreedtes samen spelen.<br>Ik denk dat de populairste is <a href=\"https:\/\/www.willtheyfit.com\/\" target=\"_blank\" rel=\"noreferrer noopener\">Willtheyfit.nl<\/a>.<\/p>\n\n\n<div class=\"wp-block-image\">\n<figure class=\"aligncenter size-full is-resized\"><img loading=\"lazy\" decoding=\"async\" width=\"768\" height=\"473\" src=\"https:\/\/www.vempele.fi\/wp-content\/uploads\/2024\/08\/ET-juttu.webp\" alt=\"\" class=\"wp-image-30367\" style=\"width:512px;height:316px\" srcset=\"https:\/\/www.vempele.fi\/wp-content\/uploads\/2024\/08\/ET-juttu.webp 768w, https:\/\/www.vempele.fi\/wp-content\/uploads\/2024\/08\/ET-juttu-300x185.webp 300w, https:\/\/www.vempele.fi\/wp-content\/uploads\/2024\/08\/ET-juttu-18x12.webp 18w, https:\/\/www.vempele.fi\/wp-content\/uploads\/2024\/08\/ET-juttu-416x256.webp 416w\" sizes=\"auto, (max-width: 768px) 100vw, 768px\" \/><\/figure>\n<\/div><\/div><\/div>\n\n\n\n<p><a href=\"#top\">Terug naar boven<\/a><\/p>\n\n\n\n<div class=\"wp-block-group\"><div class=\"wp-block-group__inner-container is-layout-constrained wp-block-group-is-layout-constrained\">\n<h2 class=\"wp-block-heading\" id=\"sopivuustaulukko\">Bandenmaat tabel<\/h2>\n\n\n\n<figure class=\"wp-block-table is-style-stripes\"><table><thead><tr><th>Breedte velg<\/th><th>Minimale bandbreedte<\/th><th>Aanbevolen breedtes<\/th><th>Maximale bandbreedte<\/th><\/tr><\/thead><tbody><tr><td>7.5<\/td><td>205<\/td><td>215 - 225<\/td><td>235<\/td><\/tr><tr><td>8<\/td><td>215<\/td><td>225 - 235<\/td><td>245<\/td><\/tr><tr><td>8.5<\/td><td>225<\/td><td>235 - 245<\/td><td>255<\/td><\/tr><tr><td>9<\/td><td>235<\/td><td>245 - 255<\/td><td>265<\/td><\/tr><tr><td>9.5<\/td><td>245<\/td><td>255 - 265<\/td><td>275<\/td><\/tr><tr><td>10<\/td><td>255<\/td><td>265 - 275<\/td><td>285<\/td><\/tr><tr><td>10.5<\/td><td>265<\/td><td>275 - 285<\/td><td>295<\/td><\/tr><tr><td>11<\/td><td>275<\/td><td>285 - 295<\/td><td>305<\/td><\/tr><tr><td>11.5<\/td><td>285<\/td><td>295 - 305<\/td><td>315<\/td><\/tr><\/tbody><\/table><\/figure>\n<\/div><\/div>\n\n\n\n<p><a href=\"#top\">Terug naar boven<\/a><\/p>\n\n\n\n<div class=\"wp-block-group\"><div class=\"wp-block-group__inner-container is-layout-constrained wp-block-group-is-layout-constrained\">\n<h2 class=\"wp-block-heading\">Specificaties van de originele velgen<\/h2>\n\n\n\n<p class=\"has-large-font-size\" id=\"m3_a\">Model 3:<\/p>\n\n\n\n<p>Boutverdeling: 5\u00d7114,3 <br>Gemiddeld gat: 64,1 mm    <br>Moeren: 21 mm<br>Aanhaalmoment: 175 Nm<\/p>\n\n\n\n<figure class=\"wp-block-table is-style-stripes\"><table><thead><tr><th>Velg inch-maat<\/th><th>Breedte velg<\/th><th>NL<\/th><th>Originele band<\/th><\/tr><\/thead><tbody><tr><td>18\u2033<\/td><td>8.5<\/td><td>40<\/td><td>235\/45\/R18<\/td><\/tr><tr><td>19\u2033<\/td><td>8.5<\/td><td>40<\/td><td>235\/40\/R19<\/td><\/tr><tr><td>20\u2033<\/td><td>9<\/td><td>34<\/td><td>235\/35\/R20 of<br>245\/35\/R20<\/td><\/tr><\/tbody><\/table><\/figure>\n\n\n\n<p class=\"has-large-font-size\" id=\"my_a\">Model Y:<\/p>\n\n\n\n<p>Boutverdeling: 5\u00d7114,3 <br>Gemiddeld gat: 64,1 mm    <br>Moeren: 21 mm<br>Aanhaalmoment: 175 Nm<\/p>\n\n\n\n<figure class=\"wp-block-table is-style-stripes\"><table><thead><tr><th>Velg inch-maat<\/th><th>Breedte velg<\/th><th>NL<\/th><th>Originele band<\/th><\/tr><\/thead><tbody><tr><td>19\u2033<\/td><td>9.5<\/td><td>45<\/td><td>255\/45R19<\/td><\/tr><tr><td>20\u2033<\/td><td>9.5<\/td><td>45<\/td><td>255\/40R20<\/td><\/tr><tr><td>21\u2033<\/td><td>9,5 Voorkant<br>10 Achter<\/td><td>40 Voor<br>48 Takana<\/td><td>255\/35R21 voor<br>275\/35R21 achter<\/td><\/tr><\/tbody><\/table><\/figure>\n\n\n\n<p class=\"has-large-font-size\" id=\"ms_a1\">Model S vanaf 2020:<\/p>\n\n\n\n<p>Boutverdeling: 5\u00d7120 <br>Gemiddeld gat: 64,1 mm    <br>Moeren: 21 mm<br>Aanhaalmoment: 175 Nm<\/p>\n\n\n\n<figure class=\"wp-block-table is-style-stripes\"><table><thead><tr><th>Velg inch-maat<\/th><th>Breedte velg<\/th><th>NL<\/th><th>Originele band<\/th><\/tr><\/thead><tbody><tr><td>19\u2033<\/td><td>9,5 Voorkant<br>10,5 Achter<\/td><td>40 Voor<br>45 Takana<\/td><td>255\/45R19 voor<br>285\/40R19 achter<\/td><\/tr><tr><td>21\u2033<\/td><td>9,5 Voorkant<br>10,5 Achter<\/td><td>40 Voor<br>45 Takana<\/td><td>265\/35R21 voor<br>295\/30R21 achter<\/td><\/tr><\/tbody><\/table><\/figure>\n\n\n\n<p class=\"has-large-font-size\" id=\"ms_a2\">Model S 2012-2020:<\/p>\n\n\n\n<p>Boutverdeling: 5\u00d7120 <br>Gemiddeld gat: 64,1 mm    <br>Moeren: 21 mm<br>Aanhaalmoment: 175 Nm<\/p>\n\n\n\n<figure class=\"wp-block-table is-style-stripes\"><table><thead><tr><th>Velg inch-maat<\/th><th>Breedte velg<\/th><th>NL<\/th><th>Originele band<\/th><\/tr><\/thead><tbody><tr><td>19\u2033<\/td><td>8,0 of<br>8.5<\/td><td>40<br>45<\/td><td>245\/45R19<\/td><\/tr><tr><td>21\u2033<\/td><td>8.5<br>9,5 Achter*<\/td><td>40<br>40<\/td><td>245\/35R21<br>265\/35R21**<\/td><\/tr><\/tbody><\/table><figcaption class=\"wp-element-caption\">*Als de auto Performance Plus is. <br> **Bij auto's met vierwielaandrijving Performance kan de breedte van de achterbanden vari\u00ebren, afhankelijk van de productiedatum. Sommige auto's kunnen zowel voor als achter zijn uitgerust met P245\/35R21-banden.<\/figcaption><\/figure>\n\n\n\n<p class=\"has-large-font-size\" id=\"mx_a1\">Model X vanaf 2020:<\/p>\n\n\n\n<p>Boutverdeling: 5\u00d7120 <br>Gemiddeld gat: 64,1 mm    <br>Moeren: 21 mm<br>Aanhaalmoment: 175 Nm<\/p>\n\n\n\n<figure class=\"wp-block-table is-style-stripes\"><table><thead><tr><th>Velg inch-maat<\/th><th>Breedte velg<\/th><th>NL<\/th><th>Originele band<\/th><\/tr><\/thead><tbody><tr><td>20\u2033<\/td><td>9,0 Voorkant<br>10,0 Achter<\/td><td>40<br>30<\/td><td>265\/45R20 voor<br>275\/45R20 achter<\/td><\/tr><tr><td>22\u2033<\/td><td>9,0 Voorkant<br>10,0 Achter<\/td><td>40<br>30<\/td><td>265\/35R22 voor<br>285\/35R22 achter<\/td><\/tr><\/tbody><\/table><\/figure>\n\n\n\n<p class=\"has-large-font-size\" id=\"mx_a2\">Model X 2015-2020:<\/p>\n\n\n\n<p>Boutverdeling: 5\u00d7120 <br>Gemiddeld gat: 64,1 mm    <br>Moeren: 21 mm<br>Aanhaalmoment: 175 Nm<\/p>\n\n\n\n<figure class=\"wp-block-table is-style-stripes\"><table><thead><tr><th>Velg inch-maat<\/th><th>Breedte velg<\/th><th>NL<\/th><th>Originele band<\/th><\/tr><\/thead><tbody><tr><td>20\u2033<\/td><td>9,0 Voorkant<br>10,0 Achter*<\/td><td>40<br>35<\/td><td>255\/45R20 voor<br>275\/45R20 achter<\/td><\/tr><tr><td>22\u2033<\/td><td>9,0 Voorkant<br>10,0 Achter<\/td><td>40<br>35<\/td><td>265\/35R22 voor<br>285\/35R22 achter<\/td><\/tr><\/tbody><\/table><figcaption class=\"wp-element-caption\">*Als de auto wordt geleverd met all-weather banden, mag de velgbreedte 9,5\u2033 zijn.<\/figcaption><\/figure>\n\n\n\n<p><\/p>\n<\/div><\/div>\n\n\n\n<p><a href=\"#top\">Terug naar boven<\/a><\/p>\n\n\n\n<div class=\"wp-block-group\"><div class=\"wp-block-group__inner-container is-layout-constrained wp-block-group-is-layout-constrained\">\n<h2 class=\"wp-block-heading\" id=\"sopivuus\">Geschiktheid van banden per automodel<\/h2>\n\n\n\n<p>Je kunt deze tabel toch gebruiken om te controleren of de velgen geschikt zijn voor jouw auto. De lijst toont de velgmaten die we beschikbaar hebben.<\/p>\n\n\n\n<p class=\"has-large-font-size\" id=\"m3_v\">Model 3:<\/p>\n\n\n\n<figure class=\"wp-block-table is-style-stripes\"><table><thead><tr><th><br>Model<\/th><th>Geschikte tumorgroottes<\/th><th>Geschikte ET's<\/th><th>Geschikte breedtes<\/th><\/tr><\/thead><tbody><tr><td>RWD<\/td><td>18\u2033<br>19\u2033<br>20\u2033<\/td><td>35 - 40<br>35 - 40<br>35 - 40<\/td><td>8.0, 8.5<br>8.0, 8.5<br>8.5, 9.0<\/td><\/tr><tr><td>LR <\/td><td>18\u2033<br>19\u2033<br>20\u2033<\/td><td>35 - 40<br>35 - 40<br>35 - 40<\/td><td>8.0, 8.5<br>8.0, 8.5<br>8.5, 9.0<\/td><\/tr><tr><td>Perf.<\/td><td>18\u2033<br>19\u2033<br>20\u2033<\/td><td>35<br>35<br>35 - 40*<\/td><td>8.0<br>8.0, 8.5<br>8.5, 9.0*<\/td><\/tr><\/tbody><\/table><figcaption class=\"wp-element-caption\">*Met Performance past ET40 alleen op een 9\u2033 brede velg als het een 20\u2033 velg is.<\/figcaption><\/figure>\n\n\n\n<p class=\"has-large-font-size\" id=\"my_v\">Model Y:<\/p>\n\n\n\n<figure class=\"wp-block-table is-style-stripes\"><table><thead><tr><th><br>Model<\/th><th>Geschikte tumorgroottes<\/th><th>Geschikte ET's<\/th><th>Geschikte breedtes<\/th><\/tr><\/thead><tbody><tr><td>RWD \/ AWD<\/td><td>18\u2033<br>19\u2033<br>20\u2033<\/td><td>35 - 40<br>35 - 45<br>40 - 45<\/td><td>8.0<br>8.5, 9.5<br>9.0, 9.5*<\/td><\/tr><tr><td>Perf.<\/td><td><br>19\u2033<br>20\u2033<\/td><td><br>35 - 45<br>40 - 45<\/td><td><br>8.5, 9.5**<br>9.0, 9.5*<\/td><\/tr><\/tbody><\/table><figcaption class=\"wp-element-caption\">*9,5\u2033 breed met een rand van 20\u2033, ET moet 45 zijn<br>** 9,5\u2033 breed met 19\u2033 velg ET kan geen 35 zijn<\/figcaption><\/figure>\n\n\n\n<p class=\"has-large-font-size\" id=\"ms_v\">Model S:<\/p>\n\n\n\n<figure class=\"wp-block-table is-style-stripes\"><table><thead><tr><th><br>Model<\/th><th>Geschikte tumorgroottes<\/th><th>Geschikte ET's<\/th><th>Geschikte breedtes<\/th><\/tr><\/thead><tbody><tr><td>2012 - 2016<\/td><td>19\u2033<br>20\u2033<br>21\u2033<br>22\u2033<\/td><td>35 - 40<br>35 - 40<br>35 - 40<br>35 - 40<\/td><td>8.0, 8.5<br>8.5, 9.0<br>8.5<br>9.0<\/td><\/tr><tr><td>Facelift 2016 - 2021<\/td><td>19\u2033<br>20\u2033<br>21\u2033<br>22\u2033<\/td><td>35 - 40<br>35 - 40<br>35 - 40<br>35 - 40<\/td><td>8.0, 8.5<br>8.5, 9.0<br>8.5<br>9.0<\/td><\/tr><tr><td>Plaid &amp; LR 2021 -&gt;<\/td><td>19\u2033<br>20\u2033<br>21\u2033<\/td><td>35 - 40<br>35 - 40<br>35 - 40<\/td><td>8.5<br>8.5, 9.0<br>9.0, 9,5*<\/td><\/tr><tr><td><\/td><td><\/td><td><\/td><td><\/td><\/tr><\/tbody><\/table><figcaption class=\"wp-element-caption\">*9,5\u2033 brede 21\u2033 velg vereist ET40<\/figcaption><\/figure>\n\n\n\n<p class=\"has-large-font-size\" id=\"mx_v\">Model X:<\/p>\n\n\n\n<figure class=\"wp-block-table is-style-stripes\"><table><thead><tr><th><br>Model<\/th><th>Geschikte tumorgroottes<\/th><th>Geschikte ET's<\/th><th>Geschikte breedtes<\/th><\/tr><\/thead><tbody><tr><td>2016 - 2021<\/td><td>19\u2033<br>20\u2033<br>21\u2033<br>22\u2033<\/td><td>35 <br>35 <br>35<br>35 <\/td><td>8.0, 8.5<br>9.0<br>9.0<br>9.0, 9.5<\/td><\/tr><tr><td>Plaid &amp; LR 2021 -&gt;<\/td><td>20\u2033<br>21\u2033<br>22\u2033<\/td><td>35 - 40<br>35 - 40<br>35 - 40<\/td><td>9.0<br>9.0, 9.5<br>9.0, 9.5<\/td><\/tr><tr><td><\/td><td><\/td><td><\/td><td><\/td><\/tr><\/tbody><\/table><\/figure>\n<\/div><\/div>\n\n\n\n<p><a href=\"#top\">Terug naar boven<\/a><\/p>\n\n\n\n<div class=\"wp-block-group\"><div class=\"wp-block-group__inner-container is-layout-constrained wp-block-group-is-layout-constrained\">\n<h2 class=\"wp-block-heading\" id=\"staggered\">Verspringend<\/h2>\n\n\n\n<p>Bij een versprongen set zijn de achterwielen en banden breder dan voor. Dit is een populaire configuratie, vooral voor krachtigere en sportievere auto's. De versprongen configuratie verbetert de handling van de auto aan de voorkant en vergroot de grip aan de achterkant. <\/p>\n\n\n\n<p><br>Hieronder staan enkele voorbeelden van breedtes die als verspringende breedtes in deze modellen kunnen worden gebruikt van onze velgleveranciers.<\/p>\n\n\n\n<figure id=\"staggered_lista\" class=\"wp-block-table is-style-stripes\"><table><thead><tr><th>Model<\/th><th>Vooruit<\/th><th>Terug naar<\/th><\/tr><\/thead><tbody><tr><td>Model 3 Perf.<\/td><td>19\u00d78,5 ET35<br>20\u00d78,5 ET35<\/td><td>19\u00d79,5 ET40<br>20\u00d79,0 ET40<\/td><\/tr><tr><td>Model Y Perf.<\/td><td>20\u00d79,0 ET40<\/td><td>20\u00d79,5 ET45<\/td><\/tr><tr><td>Model S 2012 - 2021<\/td><td>19\u00d78,5 ET40<br>20\u00d79,0 ET35<br>21\u00d78,5 ET40<br>22\u00d79,0 ET35<\/td><td>19\u00d710 ET45<br>20\u00d710 ET35<br>21\u00d79,0 ET40<br>22\u00d710 ET35<\/td><\/tr><tr><td>Model S Plaid &amp; LR<br>2021 -&gt;<\/td><td>19\u00d78,5 ET40<br>20\u00d79,0 ET35<br>21\u00d79,5 ET40<\/td><td>19\u00d710 ET45<br>20\u00d710 ET35<br>21\u00d710,5 ET45<\/td><\/tr><tr><td>Model X 2016 - 2021<\/td><td>20\u00d79,0 ET35<br>22\u00d79,0 ET35<\/td><td>20\u00d710 ET35<br>22\u00d710 ET35<\/td><\/tr><tr><td>Model X Plaid &amp; LR<br>2021 -&gt;<\/td><td>20\u00d79,0 ET35<br>21\u00d79,0 ET40<br>22\u00d79,0 ET35<\/td><td>20\u00d710 ET35<br>21\u00d710 ET35<br>22\u00d710 ET35<\/td><\/tr><\/tbody><\/table><\/figure>\n<\/div><\/div>\n\n\n\n<p><a href=\"#top\">Terug naar boven<\/a><\/p>","protected":false},"excerpt":{"rendered":"<p>Rengas- ja vannetietoa T\u00e4\u00e4lt\u00e4 l\u00f6yd\u00e4t k\u00e4tev\u00e4sti tietoa mitk\u00e4 renkaat sopivat millekin vanteille, ja mitk\u00e4 vanteet taas millekin Teslalle. Hakemisto: &#8211; Vanteen ET ja sen valinta &#8211; Renkaiden sopivuustaulukko Alkuper\u00e4isten vanteiden tiedot: &#8211; Model 3 &#8211; Model Y &#8211; Model S 2020 Eteenp\u00e4in &#8211; Model S 2012 &#8211; 2020 &#8211; Model X 2020 Eteenp\u00e4in &#8211; Model [&hellip;]<\/p>\n","protected":false},"author":1104,"featured_media":0,"parent":0,"menu_order":0,"comment_status":"closed","ping_status":"closed","template":"","meta":{"footnotes":""},"class_list":["post-16103","page","type-page","status-publish","hentry"],"jetpack_sharing_enabled":true,"_links":{"self":[{"href":"https:\/\/www.vempele.fi\/nl\/wp-json\/wp\/v2\/pages\/16103","targetHints":{"allow":["GET"]}}],"collection":[{"href":"https:\/\/www.vempele.fi\/nl\/wp-json\/wp\/v2\/pages"}],"about":[{"href":"https:\/\/www.vempele.fi\/nl\/wp-json\/wp\/v2\/types\/page"}],"author":[{"embeddable":true,"href":"https:\/\/www.vempele.fi\/nl\/wp-json\/wp\/v2\/users\/1104"}],"replies":[{"embeddable":true,"href":"https:\/\/www.vempele.fi\/nl\/wp-json\/wp\/v2\/comments?post=16103"}],"version-history":[{"count":0,"href":"https:\/\/www.vempele.fi\/nl\/wp-json\/wp\/v2\/pages\/16103\/revisions"}],"wp:attachment":[{"href":"https:\/\/www.vempele.fi\/nl\/wp-json\/wp\/v2\/media?parent=16103"}],"curies":[{"name":"wp","href":"https:\/\/api.w.org\/{rel}","templated":true}]}}