{"id":59,"date":"2018-05-21T12:28:47","date_gmt":"2018-05-21T12:28:47","guid":{"rendered":"https:\/\/www.vempele.fi\/?page_id=59"},"modified":"2025-12-01T13:00:21","modified_gmt":"2025-12-01T11:00:21","slug":"leveringsmethoden","status":"publish","type":"page","link":"https:\/\/www.vempele.fi\/nl\/toimitustavat\/","title":{"rendered":"Leveringsmethoden en bestelvoorwaarden"},"content":{"rendered":"<h2 class=\"wp-block-heading\">Leveringsmethoden en -tijden<\/h2>\n\n\n\n<p>Post en Matkahuolto: Post- en Matkahuolto-pakketten worden meestal de werkdag na de bestelling verwerkt en bezorgd. Afgehaalde postpakketten worden binnen 1-3 dagen bezorgd. Post- en koeriersdiensten beloven levering binnen 1-3 werkdagen.<\/p>\n\n\n\n<p>DB Schenker en PostNord: pakketten worden in de regel de werkdag na de bestelling verwerkt. De pakketten worden dagelijks bij ons opgehaald voor transport.<strong>&nbsp;<\/strong>De levertijd voor afhaalpuntpakketten is 1-3 dagen vanaf het moment dat de pakketten door ons zijn overgedragen aan de koerier.<\/p>\n\n\n\n<p><strong>Attentie!<\/strong> Denk eraan dat tijden schattingen zijn. De uiteindelijke levertijd kan worden be\u00efnvloed door het tijdstip van de bestelling, de verwerking van de bestelling en mogelijke stakingen of vertragingen door vervoerders.<\/p>\n\n\n\n<h2 class=\"wp-block-heading\" id=\"ilmainen_toimitus\">Gratis bezorging<\/h2>\n\n\n\n<p>Vempele biedt gratis verzending voor bestellingen boven \u20ac 150. Gratis levering is nu ook beschikbaar voor bestellingen van gordels en Monaco GP-banden\/velgenpakketten Model 3 en Model Y. Gratis verzending. <strong>is niet van toepassing op<\/strong> bestellingen met andere banden. De bestelling wordt afgeleverd bij het dichtstbijzijnde afhaalpunt met de goedkoopste bezorgmethode die op dat moment beschikbaar is. <br>Gratis verzending geldt alleen voor Finland en consumentenverkopen. <\/p>\n\n\n\n<h2 class=\"wp-block-heading\">Ontleend aan<\/h2>\n\n\n\n<p>Je kunt ervoor kiezen om je bestelling te laten afhalen. In dit geval hoef je geen bezorgkosten te betalen. De bestelling moet worden opgehaald bij een afhaalpunt in Pirkkala, vlakbij het Jidoka kantoor. We zijn op werkdagen geopend van 8-16. <strong>Paavontie 4, 33960 Pirkkala<\/strong>. Welkom!<\/p>\n\n\n\n<h2 class=\"wp-block-heading\">Voorwaarden voor retourzending<\/h2>\n\n\n\n<p>Retourvoorwaarden zijn te vinden op <a href=\"https:\/\/www.vempele.fi\/nl\/terugkeervoorwaarden\/\">Hier.<\/a><\/p>\n\n\n\n<h2 class=\"wp-block-heading\" id=\"h-maksupalvelutarjoaja\">Aanbieder van betalingsdiensten<\/h2>\n\n\n\n<p>De betalingsdienst wordt aangeboden door Paytrail Oyj (2122839-7) in samenwerking met Finse banken en kredietinstellingen. Paytrail Oyj verschijnt als de ontvanger van de betaling op het bankafschrift of de kaartrekening en stuurt de betaling door naar de handelaar. Paytrail Oyj is een erkende betalingsinstelling. Neem bij klachten in eerste instantie contact op met de leverancier van het product.<\/p>\n\n\n\n<p>Paytrail Oyj, Bedrijfscode: 2122839-7<br>Innova 2<br>Lutakonaukio 7<br>40100 Jyv\u00e4skyl\u00e4, Finland<br><a href=\"https:\/\/www.paytrail.com\/kuluttaja\/tietoa-maksamisesta\" target=\"_blank\" rel=\"noreferrer noopener\">paytrail.nl\/consument\/over-betalen<\/a><\/p>\n\n\n\n<h2 class=\"wp-block-heading\">Klachten en melding van transportschade<\/h2>\n\n\n\n<p>Eventuele klachten over de bestelling of levering moeten binnen zeven (7) dagen na ontvangst van de bestelling worden gestuurd naar.&nbsp;<a href=\"mailto:vempele@vempele.fi\" target=\"_blank\" rel=\"noreferrer noopener\">vempele@vempele.fi<\/a>. Claims die we meer dan 7 dagen na ontvangst van het product ontvangen, worden niet in behandeling genomen.<\/p>\n\n\n\n<p>Verplichting van de geadresseerde en transportschade: volgens de Wet Koopovereenkomsten Wegvervoer (TKSL) moet de geadresseerde de zending bij ontvangst controleren en onmiddellijk wijzen op uitwendig zichtbare schade (gaten, geopende banden, gebarsten hoeken, enz.). In dergelijke gevallen moet onmiddellijk een voorbehoud (aantekening) worden gemaakt in de vrachtbrief of op de pakketkaart. Vermeld het type schade. Vraag om een ontvangstbevestiging van de vertegenwoordiger van de vervoerder en neem onmiddellijk per e-mail contact op met onze klantenservice. Voeg foto's van de beschadigde goederen bij.<\/p>\n\n\n\n<p>Verborgen schade (schade die niet zichtbaar is met de ogen op het moment van ontvangst) moet worden gemeld aan de klantenservice van Vempelee binnen 7 dagen na levering met foto's en een beschrijving van de schade. Na 7 dagen eindigt de aansprakelijkheid van de vervoerder. Beschadigde of defecte producten die worden geretourneerd aan Vempele moeten goed worden verpakt om verdere schade te voorkomen.<\/p>\n\n\n\n<h2 class=\"wp-block-heading\" id=\"h-yritysmyynti\">Zakelijke verkoop<\/h2>\n\n\n\n<p>De bovenstaande voorwaarden en informatie zijn alleen van toepassing op de verkoop aan consumenten en voor de verkoop aan bedrijven geven we geen garantie en passen we de wet toe.<\/p>","protected":false},"excerpt":{"rendered":"<p>Toimitustavat ja -ajat Posti ja Matkahuolto: Postin ja Matkahuollon paketit k\u00e4sitell\u00e4\u00e4n ja vied\u00e4\u00e4n toimitettaviksi p\u00e4\u00e4s\u00e4\u00e4nt\u00f6isesti tilausta seuraavana arkip\u00e4iv\u00e4n\u00e4. Postin noutopaketit toimitetaan 1-3 p\u00e4iv\u00e4ss\u00e4. Matkahuolto lupaa toimituksen 1-3 arkivuorokauden kuluessa. DB Schenker ja PostNord: Paketit k\u00e4sitell\u00e4\u00e4n p\u00e4\u00e4s\u00e4\u00e4nt\u00f6isesti tilausta seuraavana arkip\u00e4iv\u00e4n\u00e4. Paketit noudetaan meilt\u00e4 kuljetukseen p\u00e4ivitt\u00e4in.&nbsp;Noutopistepakettien toimitusaika on 1-3 p\u00e4iv\u00e4\u00e4 alkaen siit\u00e4, kun paketit ovat siirtyneet meilt\u00e4 [&hellip;]<\/p>\n","protected":false},"author":2,"featured_media":0,"parent":0,"menu_order":0,"comment_status":"closed","ping_status":"closed","template":"","meta":{"footnotes":""},"class_list":["post-59","page","type-page","status-publish","hentry"],"jetpack_sharing_enabled":true,"_links":{"self":[{"href":"https:\/\/www.vempele.fi\/nl\/wp-json\/wp\/v2\/pages\/59","targetHints":{"allow":["GET"]}}],"collection":[{"href":"https:\/\/www.vempele.fi\/nl\/wp-json\/wp\/v2\/pages"}],"about":[{"href":"https:\/\/www.vempele.fi\/nl\/wp-json\/wp\/v2\/types\/page"}],"author":[{"embeddable":true,"href":"https:\/\/www.vempele.fi\/nl\/wp-json\/wp\/v2\/users\/2"}],"replies":[{"embeddable":true,"href":"https:\/\/www.vempele.fi\/nl\/wp-json\/wp\/v2\/comments?post=59"}],"version-history":[{"count":1,"href":"https:\/\/www.vempele.fi\/nl\/wp-json\/wp\/v2\/pages\/59\/revisions"}],"predecessor-version":[{"id":44421,"href":"https:\/\/www.vempele.fi\/nl\/wp-json\/wp\/v2\/pages\/59\/revisions\/44421"}],"wp:attachment":[{"href":"https:\/\/www.vempele.fi\/nl\/wp-json\/wp\/v2\/media?parent=59"}],"curies":[{"name":"wp","href":"https:\/\/api.w.org\/{rel}","templated":true}]}}