{"id":7621,"date":"2022-03-11T12:29:00","date_gmt":"2022-03-11T10:29:00","guid":{"rendered":"https:\/\/www.vempele.fi\/?page_id=7621"},"modified":"2026-03-30T08:40:13","modified_gmt":"2026-03-30T05:40:13","slug":"terugkeervoorwaarden","status":"publish","type":"page","link":"https:\/\/www.vempele.fi\/nl\/palautusehdot\/","title":{"rendered":"Voorwaarden voor retourzending\u00a0"},"content":{"rendered":"<h2 class=\"wp-block-heading\" id=\"h-peruutusoikeus\">Herroepingsrecht<\/h2>\n\n\n\n<p>De klant heeft een wettelijk recht van 14 dagen om de transactie te annuleren. De klant is verantwoordelijk voor alle kosten van de retourzending. De terugbetaling wordt gedaan op de kaart\/rekening waarvan de oorspronkelijke aankoop is gedaan.\u00a0<\/p>\n\n\n\n<p>Het te retourneren product moet ongebruikt zijn om een volledige terugbetaling te ontvangen. Het geretourneerde product mag niet wezenlijk zijn veranderd. Als het product in de originele verpakking zit, moet deze intact zijn. Labels of tapes mogen niet rechtstreeks op de verkoopverpakking zijn aangebracht. Als de klant de hele bestelling wil retourneren, moet de retourzending vergezeld gaan van alle bestelde producten, inclusief onderdelen en accessoires. Overtollige artikelen moeten ook worden geretourneerd.&nbsp;<\/p>\n\n\n\n<p>Als de klant het gebruikte product wil retourneren, is hij\/zij verantwoordelijk voor het waardeverlies dat door het gebruik wordt veroorzaakt. Het herroepingsrecht is niet van toepassing op producten die zijn aangepast aan de bestelling van de klant.&nbsp;<\/p>\n\n\n\n<p>Retourzendingen moeten altijd vooraf worden aangemeld op het volgende adres&nbsp;<a href=\"mailto:vempele@vempele.fi\" target=\"_blank\" rel=\"noreferrer noopener\">vempele@vempele.fi<\/a>.&nbsp;<\/p>\n\n\n\n<p>Stuur de producten terug naar het door de klantenservice aangegeven adres. Vermeld de gegevens van de bestelling. Bewaar het ontvangstbewijs (pakketkaart) en het betalingsbewijs dat je hebt ontvangen voor de retourzending.&nbsp;<\/p>\n\n\n\n<h2 class=\"wp-block-heading\" id=\"h-vaihto-oikeus\">Recht van uitwisseling<\/h2>\n\n\n\n<p>Producten van Vempelee hebben een omruilrecht van 14 dagen. Als u een defect product wilt ruilen, raadpleeg dan het gedeelte \"Klachten en melding van transportschade\".&nbsp;<\/p>\n\n\n\n<p>Het te vervangen product mag niet wezenlijk zijn veranderd. Als het product zich in de originele verpakking bevindt, moet deze ook intact zijn. Labels of plakband mogen niet rechtstreeks op de verkoopverpakking worden aangebracht. <\/p>\n\n\n\n<p>Als de klant het gebruikte product wil ruilen, is hij\/zij verantwoordelijk voor het waardeverlies als gevolg van het gebruik. Het recht op ruilen geldt niet voor producten die zijn aangepast aan de bestelling van de klant.<\/p>\n\n\n\n<p>U dient ons altijd vooraf op de hoogte te stellen van de wijziging op het volgende adres&nbsp;<a href=\"mailto:vempele@vempele.fi\" target=\"_blank\" rel=\"noreferrer noopener\">vempele@vempele.fi<\/a>.&nbsp;<\/p>\n\n\n\n<p>De klant moet een nieuwe bestelling plaatsen voor het product dat hij\/zij wil vervangen. Stuur het vervangende product terug naar het door de klantenservice aangegeven adres. Het nieuwe product zal worden verzonden bij aankomst van het oude product. Vempele is niet verantwoordelijk voor de verzendkosten van de producten. <\/p>\n\n\n\n<h2 class=\"wp-block-heading\" id=\"h-reklamaatiot-ja-kuljetusvaurioista-ilmoittaminen\">Klachten en melding van transportschade<\/h2>\n\n\n\n<p>Eventuele klachten over de bestelling of levering moeten binnen zeven (7) dagen na ontvangst van de bestelling worden gestuurd naar. <a href=\"mailto:vempele@vempele.fi\" target=\"_blank\" rel=\"noreferrer noopener\">vempele@vempele.fi<\/a>. Claims die we meer dan 7 dagen na ontvangst van het product ontvangen, worden niet in behandeling genomen.&nbsp;<\/p>\n\n\n\n<p>Verplichting van de geadresseerde en transportschade: volgens de Wet Koopovereenkomsten Wegvervoer (TKSL) moet de geadresseerde de zending bij ontvangst controleren en onmiddellijk wijzen op uitwendig zichtbare schade (gaten, geopende banden, gebarsten hoeken, enz.). In dergelijke gevallen moet onmiddellijk een voorbehoud (aantekening) worden gemaakt in de vrachtbrief of op de pakketkaart. Vermeld het type schade. Vraag om een ontvangstbevestiging van de vertegenwoordiger van de vervoerder en neem onmiddellijk per e-mail contact op met onze klantenservice. Voeg foto's van de beschadigde goederen bij. &nbsp;<\/p>\n\n\n\n<p>Verborgen schade (schade die niet zichtbaar is met de ogen op het moment van ontvangst) moet worden gemeld aan de klantenservice van Vempelee binnen 7 dagen na levering met foto's en een beschrijving van de schade. Na 7 dagen eindigt de aansprakelijkheid van de vervoerder. Beschadigde of defecte producten die worden geretourneerd aan Vempele moeten goed worden verpakt om verdere schade te voorkomen.&nbsp;<\/p>\n\n\n\n<h2 class=\"wp-block-heading\" id=\"h-yritysmyynti\">Zakelijke verkoop<\/h2>\n\n\n\n<p>De bovenstaande voorwaarden en informatie zijn alleen van toepassing op de verkoop aan consumenten en op de verkoop aan bedrijven is de wet van toepassing.<\/p>","protected":false},"excerpt":{"rendered":"<p>Peruutusoikeus Asiakkaalla on lakis\u00e4\u00e4teinen 14 p\u00e4iv\u00e4n peruutusoikeus kaupalle. Asiakas vastaa itse palautuksen kaikista kuluista. Palautus tehd\u00e4\u00e4n sille kortille\/tilille, jolta alkuper\u00e4inen osto on tehty.\u00a0 Palautettavan tuotteen tulee olla k\u00e4ytt\u00e4m\u00e4t\u00f6n, jotta se voidaan hyvitt\u00e4\u00e4 kokonaisuudessaan. Palautettava tuote ei saa olla olennaisesti muuttunut. Jos tuote on alkuper\u00e4ispakkauksessa, sen tulee olla ehj\u00e4. Osoitetarroja tai teippej\u00e4 ei saa kiinnitt\u00e4\u00e4 suoraan [&hellip;]<\/p>\n","protected":false},"author":360,"featured_media":0,"parent":0,"menu_order":0,"comment_status":"closed","ping_status":"closed","template":"","meta":{"footnotes":""},"class_list":["post-7621","page","type-page","status-publish","hentry"],"jetpack_sharing_enabled":true,"_links":{"self":[{"href":"https:\/\/www.vempele.fi\/nl\/wp-json\/wp\/v2\/pages\/7621","targetHints":{"allow":["GET"]}}],"collection":[{"href":"https:\/\/www.vempele.fi\/nl\/wp-json\/wp\/v2\/pages"}],"about":[{"href":"https:\/\/www.vempele.fi\/nl\/wp-json\/wp\/v2\/types\/page"}],"author":[{"embeddable":true,"href":"https:\/\/www.vempele.fi\/nl\/wp-json\/wp\/v2\/users\/360"}],"replies":[{"embeddable":true,"href":"https:\/\/www.vempele.fi\/nl\/wp-json\/wp\/v2\/comments?post=7621"}],"version-history":[{"count":1,"href":"https:\/\/www.vempele.fi\/nl\/wp-json\/wp\/v2\/pages\/7621\/revisions"}],"predecessor-version":[{"id":46652,"href":"https:\/\/www.vempele.fi\/nl\/wp-json\/wp\/v2\/pages\/7621\/revisions\/46652"}],"wp:attachment":[{"href":"https:\/\/www.vempele.fi\/nl\/wp-json\/wp\/v2\/media?parent=7621"}],"curies":[{"name":"wp","href":"https:\/\/api.w.org\/{rel}","templated":true}]}}