{"id":9393,"date":"2022-02-18T13:34:33","date_gmt":"2022-02-18T11:34:33","guid":{"rendered":"https:\/\/www.vempele.fi\/tuote\/rengaspaine-anturi-autel-tpms-mx-433mhz-copy\/"},"modified":"2026-03-11T15:48:04","modified_gmt":"2026-03-11T13:48:04","slug":"bandenspanningssensor-tesla-tpms-ble-cub","status":"publish","type":"product","link":"https:\/\/www.vempele.fi\/nl\/tuote\/rengaspaine-anturi-tesla-tpms-ble-cub\/","title":{"rendered":"Bandenspanningssensor - Tesla BLE TPMS - CUB"},"content":{"rendered":"<p>De fabrikant van de sensor is CUB, 's werelds grootste fabrikant van sensoren. De chip binnenin is gemaakt door Sysgration, wat betekent dat deze precies hetzelfde is als de chip in de sensoren die je bij Tesla koopt.<\/p>\n<p>Zodra de nieuwe sensoren geplaatst zijn, moet je in de software de optie velg vervangen selecteren. De auto zal dan automatisch de nieuwe sensoren detecteren na slechts een paar honderd meter rijden.<\/p>\n<p>De juiste bandenspanning verhoogt de veiligheid op de weg. Het verbetert ook het rijgevoel en vermindert slijtage.<\/p>\n<p>Productinformatie:<\/p>\n<ul>\n<li>Kleuropties: zilver en zwart<\/li>\n<li>Fabrikant: de CUB (Siru Sysgration)<\/li>\n<li>Kenmerken:Automatisch systeem dat actief de bandtemperatuur en luchtdruk controleert<\/li>\n<li>Technologie: Bluetooth LE<\/li>\n<li>Geschiktheid:\n<ul>\n<li>Tesla Model 3: 10\/2020-&gt;<\/li>\n<li>Tesla Model S: 6\/2021-&gt;<\/li>\n<li>Tesla Model X: 10\/2022-&gt;<\/li>\n<li>Tesla Model Y: 10\/2020-&gt;<\/li>\n<\/ul>\n<\/li>\n<\/ul>\n<p>De verpakking bevat \u00e9\u00e9n CUB Bluetooth-ringdruksensor.<\/p>","protected":false},"excerpt":{"rendered":"<p>Bluetooth-bandenspanningssensor voor Tesla Model 3 en Y-modellen vanaf 2021.<\/p>\n<p>De verpakking bevat \u00e9\u00e9n sensor voor \u00e9\u00e9n band.<\/p>\n<p>We hebben ook een reeks <a href=\"https:\/\/www.vempele.fi\/nl\/product-2\/bandenspanningssensor-tesla-ble-tpms-hamaton\/\">Zwarten van Hamaton<\/a> bandenspanningssensoren.<\/p>","protected":false},"featured_media":9395,"comment_status":"open","ping_status":"closed","template":"","meta":[],"product_brand":[],"product_cat":[151,153,154,452,453,455,481,484,486,483,128,456],"product_tag":[83,328,327,121,120,122,123],"class_list":{"0":"post-9393","1":"product","2":"type-product","3":"status-publish","4":"has-post-thumbnail","6":"product_cat-model-3","7":"product_cat-model-x","8":"product_cat-model-y","9":"product_cat-m3-tarvikkeet","10":"product_cat-ms-tarvikkeet","11":"product_cat-my-tarvikkeet","12":"product_cat-tarvikkeet-ulkopuolelle-model-3","13":"product_cat-tarvikkeet-ulkopuolelle-model-s","14":"product_cat-tarvikkeet-ulkopuolelle-model-x","15":"product_cat-tarvikkeet-ulkopuolelle-model-y","16":"product_cat-tesla-tuotteet","17":"product_cat-vannetarvikkeet","18":"product_tag-autotarvikkeet","19":"product_tag-bluetooth-anturi","20":"product_tag-cub","21":"product_tag-tesla","22":"product_tag-tesla-model-3","23":"product_tag-tesla-model-s","24":"product_tag-tesla-model-x","26":"first","27":"outofstock","28":"taxable","29":"shipping-taxable","30":"purchasable","31":"product-type-variable"},"jetpack_sharing_enabled":true,"_links":{"self":[{"href":"https:\/\/www.vempele.fi\/nl\/wp-json\/wp\/v2\/product\/9393","targetHints":{"allow":["GET"]}}],"collection":[{"href":"https:\/\/www.vempele.fi\/nl\/wp-json\/wp\/v2\/product"}],"about":[{"href":"https:\/\/www.vempele.fi\/nl\/wp-json\/wp\/v2\/types\/product"}],"replies":[{"embeddable":true,"href":"https:\/\/www.vempele.fi\/nl\/wp-json\/wp\/v2\/comments?post=9393"}],"wp:featuredmedia":[{"embeddable":true,"href":"https:\/\/www.vempele.fi\/nl\/wp-json\/wp\/v2\/media\/9395"}],"wp:attachment":[{"href":"https:\/\/www.vempele.fi\/nl\/wp-json\/wp\/v2\/media?parent=9393"}],"wp:term":[{"taxonomy":"product_brand","embeddable":true,"href":"https:\/\/www.vempele.fi\/nl\/wp-json\/wp\/v2\/product_brand?post=9393"},{"taxonomy":"product_cat","embeddable":true,"href":"https:\/\/www.vempele.fi\/nl\/wp-json\/wp\/v2\/product_cat?post=9393"},{"taxonomy":"product_tag","embeddable":true,"href":"https:\/\/www.vempele.fi\/nl\/wp-json\/wp\/v2\/product_tag?post=9393"}],"curies":[{"name":"wp","href":"https:\/\/api.w.org\/{rel}","templated":true}]}}