{"id":16103,"date":"2023-02-09T11:34:41","date_gmt":"2023-02-09T09:34:41","guid":{"rendered":"https:\/\/www.vempele.fi\/?page_id=16103"},"modified":"2024-08-05T13:39:01","modified_gmt":"2024-08-05T10:39:01","slug":"informasjon-om-dekk-og-hjul-for-tesla","status":"publish","type":"page","link":"https:\/\/www.vempele.fi\/no\/rengas-ja-vannetietoa-teslaan\/","title":{"rendered":"Informasjon om dekk og hjul"},"content":{"rendered":"<div class=\"wp-block-group\"><div class=\"wp-block-group__inner-container is-layout-constrained wp-block-group-is-layout-constrained\">\n<p class=\"has-huge-font-size\" id=\"top\">Informasjon om dekk og hjul<\/p>\n\n\n\n<p class=\"has-text-align-left\">Her finner du praktisk informasjon om hvilke dekk som passer til hvilke felger, og hvilke felger som passer til hvilken Tesla.<\/p>\n\n\n\n<p class=\"has-background\" style=\"background-color:#f2f2f2\">Katalog:<br> - <a href=\"#et\">Rim ET og valg av denne<\/a><br> - <a href=\"#sopivuustaulukko\">Tabell over dekkst\u00f8rrelser<\/a><br> Originale felgdata:<br> - <a href=\"#m3_a\">Modell 3<\/a><br> - <a href=\"#my_a\">Modell Y<\/a><br> - <a href=\"#ms_a1\">Model S 2020 fremover<\/a><br> - <a href=\"#ms_a2\">Model S 2012 - 2020<\/a><br> - <a href=\"#mx_a1\">Model X 2020 fremover<\/a><br> - <a href=\"#mx_a2\">Model X 2015 - 2020<\/a><br>Dekkenes egnethet etter bilmodell:<br> - <a href=\"#m3_v\">Modell 3<\/a><br> - <a href=\"#my_v\">Modell Y<\/a><br> - <a href=\"#ms_v\">Modell S<\/a><br> - <a href=\"http:\/\/mx_v\">Modell X<\/a><br>Forskuddsvis:<br> - <a href=\"#staggered\">Hva er forskj\u00f8vet?<\/a><br> - <a href=\"#staggered_lista\">Forskuddsvis kamptabell<\/a><\/p>\n\n\n\n<p>\u00c5 velge riktig dekk og felg til bilen din er sv\u00e6rt viktig for kj\u00f8resikkerheten og kj\u00f8reopplevelsen. Riktig st\u00f8rrelse, riktige dekk og felger sikrer at bilen din er kontrollerbar og trygg \u00e5 kj\u00f8re. Felgens bredde er en faktor som kan p\u00e5virke kj\u00f8reopplevelsen. En smalere felg vil ha mindre dekkspredning, noe som kan gj\u00f8re kj\u00f8reopplevelsen jevnere og mer komfortabel. Det reduserer ogs\u00e5 st\u00f8yen og forbedrer batterilevetiden. Dette er spesielt merkbart i Model 3 og Y.<br><br>Spesielt her i nord l\u00f8nner det seg \u00e5 investere i gode vinterdekk med grep p\u00e5 sn\u00f8 og is. Piggdekk er selvsagt et godt valg, selv om de kan \u00f8ke st\u00f8yen under kj\u00f8ring. Det finnes imidlertid ogs\u00e5 stilleg\u00e5ende piggdekkmodeller p\u00e5 markedet, slik at du kan f\u00e5 ekstra grep uten at det g\u00e5r p\u00e5 bekostning av komforten.<\/p>\n\n\n\n<hr class=\"wp-block-separator has-alpha-channel-opacity\"\/>\n\n\n\n<h2 class=\"wp-block-heading\" id=\"et\">Rim ET og valg av denne<\/h2>\n\n\n\n<p>Felgens ET (offset) beskriver avstanden mellom midten av felgen og dreiepunktet (monteringsflaten). <\/p>\n\n\n\n<p>Jo h\u00f8yere ET-forhold, desto mer innvendig er felgen. Jo lavere ET, desto lenger ut er felgen i skjermbrettet. I en forskj\u00f8vet konfigurasjon bringes den bredere felgen omtrent p\u00e5 niv\u00e5 med den smalere felgen ved \u00e5 velge riktig ET-tall.<br><br>Hvis bilmodellen din passer til mer enn \u00e9n ET, er valget hovedsakelig et sp\u00f8rsm\u00e5l om utseende. Du kan finne matchende <a href=\"#sopivuus\">fra den matchende tabellen<\/a>.<br><br>Det finnes mange verkt\u00f8y p\u00e5 nettet som kan brukes til \u00e5 sammenligne for eksempel hvordan to ulike ET-er og b\u00e5ndbredder spiller sammen.<br>Jeg tror den mest popul\u00e6re av dem er <a href=\"https:\/\/www.willtheyfit.com\/\" target=\"_blank\" rel=\"noreferrer noopener\">Willtheyfit.com<\/a>.<\/p>\n\n\n<div class=\"wp-block-image\">\n<figure class=\"aligncenter size-full is-resized\"><img loading=\"lazy\" decoding=\"async\" width=\"768\" height=\"473\" src=\"https:\/\/www.vempele.fi\/wp-content\/uploads\/2024\/08\/ET-juttu.webp\" alt=\"\" class=\"wp-image-30367\" style=\"width:512px;height:316px\" srcset=\"https:\/\/www.vempele.fi\/wp-content\/uploads\/2024\/08\/ET-juttu.webp 768w, https:\/\/www.vempele.fi\/wp-content\/uploads\/2024\/08\/ET-juttu-300x185.webp 300w, https:\/\/www.vempele.fi\/wp-content\/uploads\/2024\/08\/ET-juttu-18x12.webp 18w, https:\/\/www.vempele.fi\/wp-content\/uploads\/2024\/08\/ET-juttu-416x256.webp 416w\" sizes=\"auto, (max-width: 768px) 100vw, 768px\" \/><\/figure>\n<\/div><\/div><\/div>\n\n\n\n<p><a href=\"#top\">Tilbake til toppen<\/a><\/p>\n\n\n\n<div class=\"wp-block-group\"><div class=\"wp-block-group__inner-container is-layout-constrained wp-block-group-is-layout-constrained\">\n<h2 class=\"wp-block-heading\" id=\"sopivuustaulukko\">Tabell over dekkst\u00f8rrelser<\/h2>\n\n\n\n<figure class=\"wp-block-table is-style-stripes\"><table><thead><tr><th>Felgens bredde<\/th><th>Minste dekkbredde<\/th><th>Anbefalte bredder<\/th><th>Maksimal dekkbredde<\/th><\/tr><\/thead><tbody><tr><td>7.5<\/td><td>205<\/td><td>215 - 225<\/td><td>235<\/td><\/tr><tr><td>8<\/td><td>215<\/td><td>225 - 235<\/td><td>245<\/td><\/tr><tr><td>8.5<\/td><td>225<\/td><td>235 - 245<\/td><td>255<\/td><\/tr><tr><td>9<\/td><td>235<\/td><td>245 - 255<\/td><td>265<\/td><\/tr><tr><td>9.5<\/td><td>245<\/td><td>255 - 265<\/td><td>275<\/td><\/tr><tr><td>10<\/td><td>255<\/td><td>265 - 275<\/td><td>285<\/td><\/tr><tr><td>10.5<\/td><td>265<\/td><td>275 - 285<\/td><td>295<\/td><\/tr><tr><td>11<\/td><td>275<\/td><td>285 - 295<\/td><td>305<\/td><\/tr><tr><td>11.5<\/td><td>285<\/td><td>295 - 305<\/td><td>315<\/td><\/tr><\/tbody><\/table><\/figure>\n<\/div><\/div>\n\n\n\n<p><a href=\"#top\">Tilbake til toppen<\/a><\/p>\n\n\n\n<div class=\"wp-block-group\"><div class=\"wp-block-group__inner-container is-layout-constrained wp-block-group-is-layout-constrained\">\n<h2 class=\"wp-block-heading\">Spesifikasjoner for de originale felgene<\/h2>\n\n\n\n<p class=\"has-large-font-size\" id=\"m3_a\">Modell 3:<\/p>\n\n\n\n<p>Boltfordeling: 5\u00d7114,3 <br>Gjennomsnittlig hull: 64,1 mm    <br>Muttere: 21 mm<br>Tiltrekkingsmoment: 175 Nm<\/p>\n\n\n\n<figure class=\"wp-block-table is-style-stripes\"><table><thead><tr><th>Felgst\u00f8rrelse i tommer<\/th><th>Felgens bredde<\/th><th>DA<\/th><th>Originaldekk<\/th><\/tr><\/thead><tbody><tr><td>18\u2033<\/td><td>8.5<\/td><td>40<\/td><td>235\/45\/R18<\/td><\/tr><tr><td>19\u2033<\/td><td>8.5<\/td><td>40<\/td><td>235\/40\/R19<\/td><\/tr><tr><td>20\u2033<\/td><td>9<\/td><td>34<\/td><td>235\/35\/R20 eller<br>245\/35\/R20<\/td><\/tr><\/tbody><\/table><\/figure>\n\n\n\n<p class=\"has-large-font-size\" id=\"my_a\">Modell Y:<\/p>\n\n\n\n<p>Boltfordeling: 5\u00d7114,3 <br>Gjennomsnittlig hull: 64,1 mm    <br>Muttere: 21 mm<br>Tiltrekkingsmoment: 175 Nm<\/p>\n\n\n\n<figure class=\"wp-block-table is-style-stripes\"><table><thead><tr><th>Felgst\u00f8rrelse i tommer<\/th><th>Felgens bredde<\/th><th>DA<\/th><th>Originaldekk<\/th><\/tr><\/thead><tbody><tr><td>19\u2033<\/td><td>9.5<\/td><td>45<\/td><td>255\/45R19<\/td><\/tr><tr><td>20\u2033<\/td><td>9.5<\/td><td>45<\/td><td>255\/40R20<\/td><\/tr><tr><td>21\u2033<\/td><td>9.5 Front<br>10 Bak<\/td><td>40 Front<br>48 Takana<\/td><td>255\/35R21 foran<br>275\/35R21 bak<\/td><\/tr><\/tbody><\/table><\/figure>\n\n\n\n<p class=\"has-large-font-size\" id=\"ms_a1\">Model S 2020 og fremover:<\/p>\n\n\n\n<p>Boltfordeling: 5\u00d7120 <br>Gjennomsnittlig hull: 64,1 mm    <br>Muttere: 21 mm<br>Tiltrekkingsmoment: 175 Nm<\/p>\n\n\n\n<figure class=\"wp-block-table is-style-stripes\"><table><thead><tr><th>Felgst\u00f8rrelse i tommer<\/th><th>Felgens bredde<\/th><th>DA<\/th><th>Originaldekk<\/th><\/tr><\/thead><tbody><tr><td>19\u2033<\/td><td>9.5 Front<br>10,5 Bak<\/td><td>40 Front<br>45 Takana<\/td><td>255\/45R19 foran<br>285\/40R19 bak<\/td><\/tr><tr><td>21\u2033<\/td><td>9,5 Front<br>10,5 Bak<\/td><td>40 Front<br>45 Takana<\/td><td>265\/35R21 foran<br>295\/30R21 bak<\/td><\/tr><\/tbody><\/table><\/figure>\n\n\n\n<p class=\"has-large-font-size\" id=\"ms_a2\">Model S 2012-2020:<\/p>\n\n\n\n<p>Boltfordeling: 5\u00d7120 <br>Gjennomsnittlig hull: 64,1 mm    <br>Muttere: 21 mm<br>Tiltrekkingsmoment: 175 Nm<\/p>\n\n\n\n<figure class=\"wp-block-table is-style-stripes\"><table><thead><tr><th>Felgst\u00f8rrelse i tommer<\/th><th>Felgens bredde<\/th><th>DA<\/th><th>Originaldekk<\/th><\/tr><\/thead><tbody><tr><td>19\u2033<\/td><td>8.0 eller<br>8.5<\/td><td>40<br>45<\/td><td>245\/45R19<\/td><\/tr><tr><td>21\u2033<\/td><td>8.5<br>9,5 Bak*<\/td><td>40<br>40<\/td><td>245\/35R21<br>265\/35R21**<\/td><\/tr><\/tbody><\/table><figcaption class=\"wp-element-caption\">*Hvis bilen er Performance Plus. <br> **P\u00e5 Performance-biler med firehjulsdrift kan bredden p\u00e5 bakdekkene variere avhengig av produksjonsdato. Noen biler kan v\u00e6re utstyrt med P245\/35R21-dekk b\u00e5de foran og bak.<\/figcaption><\/figure>\n\n\n\n<p class=\"has-large-font-size\" id=\"mx_a1\">Model X 2020 og fremover:<\/p>\n\n\n\n<p>Boltfordeling: 5\u00d7120 <br>Gjennomsnittlig hull: 64,1 mm    <br>Muttere: 21 mm<br>Tiltrekkingsmoment: 175 Nm<\/p>\n\n\n\n<figure class=\"wp-block-table is-style-stripes\"><table><thead><tr><th>Felgst\u00f8rrelse i tommer<\/th><th>Felgens bredde<\/th><th>DA<\/th><th>Originaldekk<\/th><\/tr><\/thead><tbody><tr><td>20\u2033<\/td><td>9,0 Front<br>10,0 Bak<\/td><td>40<br>30<\/td><td>265\/45R20 foran<br>275\/45R20 bak<\/td><\/tr><tr><td>22\u2033<\/td><td>9,0 Front<br>10,0 Bak<\/td><td>40<br>30<\/td><td>265\/35R22 foran<br>285\/35R22 bak<\/td><\/tr><\/tbody><\/table><\/figure>\n\n\n\n<p class=\"has-large-font-size\" id=\"mx_a2\">Model X 2015-2020:<\/p>\n\n\n\n<p>Boltfordeling: 5\u00d7120 <br>Gjennomsnittlig hull: 64,1 mm    <br>Muttere: 21 mm<br>Tiltrekkingsmoment: 175 Nm<\/p>\n\n\n\n<figure class=\"wp-block-table is-style-stripes\"><table><thead><tr><th>Felgst\u00f8rrelse i tommer<\/th><th>Felgens bredde<\/th><th>DA<\/th><th>Originaldekk<\/th><\/tr><\/thead><tbody><tr><td>20\u2033<\/td><td>9,0 Front<br>10,0 Bak*<\/td><td>40<br>35<\/td><td>255\/45R20 foran<br>275\/45R20 bak<\/td><\/tr><tr><td>22\u2033<\/td><td>9,0 Front<br>10,0 Bak<\/td><td>40<br>35<\/td><td>265\/35R22 foran<br>285\/35R22 bak<\/td><\/tr><\/tbody><\/table><figcaption class=\"wp-element-caption\">*Hvis bilen leveres med allv\u00e6rsdekk, kan felgbredden v\u00e6re 9,5\u2033.<\/figcaption><\/figure>\n\n\n\n<p><\/p>\n<\/div><\/div>\n\n\n\n<p><a href=\"#top\">Tilbake til toppen<\/a><\/p>\n\n\n\n<div class=\"wp-block-group\"><div class=\"wp-block-group__inner-container is-layout-constrained wp-block-group-is-layout-constrained\">\n<h2 class=\"wp-block-heading\" id=\"sopivuus\">Dekkenes egnethet etter bilmodell<\/h2>\n\n\n\n<p>Du kan likevel bruke denne tabellen til \u00e5 sjekke om felgene passer til din bil. Listen viser hvilke felgst\u00f8rrelser vi har tilgjengelig.<\/p>\n\n\n\n<p class=\"has-large-font-size\" id=\"m3_v\">Modell 3:<\/p>\n\n\n\n<figure class=\"wp-block-table is-style-stripes\"><table><thead><tr><th><br>Modell<\/th><th>Passende tumorst\u00f8rrelser<\/th><th>Egnede ET-er<\/th><th>Passende bredder<\/th><\/tr><\/thead><tbody><tr><td>RWD<\/td><td>18\u2033<br>19\u2033<br>20\u2033<\/td><td>35 - 40<br>35 - 40<br>35 - 40<\/td><td>8.0, 8.5<br>8.0, 8.5<br>8.5, 9.0<\/td><\/tr><tr><td>LR <\/td><td>18\u2033<br>19\u2033<br>20\u2033<\/td><td>35 - 40<br>35 - 40<br>35 - 40<\/td><td>8.0, 8.5<br>8.0, 8.5<br>8.5, 9.0<\/td><\/tr><tr><td>Perfekt.<\/td><td>18\u2033<br>19\u2033<br>20\u2033<\/td><td>35<br>35<br>35 - 40*<\/td><td>8.0<br>8.0, 8.5<br>8.5, 9.0*<\/td><\/tr><\/tbody><\/table><figcaption class=\"wp-element-caption\">*Med Performance passer ET40 bare til en 9\u2033 bred felg n\u00e5r det er en 20\u2033 felg<\/figcaption><\/figure>\n\n\n\n<p class=\"has-large-font-size\" id=\"my_v\">Modell Y:<\/p>\n\n\n\n<figure class=\"wp-block-table is-style-stripes\"><table><thead><tr><th><br>Modell<\/th><th>Passende tumorst\u00f8rrelser<\/th><th>Egnede ET-er<\/th><th>Passende bredder<\/th><\/tr><\/thead><tbody><tr><td>RWD \/ AWD<\/td><td>18\u2033<br>19\u2033<br>20\u2033<\/td><td>35 - 40<br>35 - 45<br>40 - 45<\/td><td>8.0<br>8.5, 9.5<br>9.0, 9.5*<\/td><\/tr><tr><td>Perfekt.<\/td><td><br>19\u2033<br>20\u2033<\/td><td><br>35 - 45<br>40 - 45<\/td><td><br>8.5, 9.5**<br>9.0, 9.5*<\/td><\/tr><\/tbody><\/table><figcaption class=\"wp-element-caption\">*9,5\u2033 bred med 20\u2033 felg, ET m\u00e5 v\u00e6re 45<br>** 9,5\u2033 bred med 19\u2033 felg ET kan ikke v\u00e6re 35<\/figcaption><\/figure>\n\n\n\n<p class=\"has-large-font-size\" id=\"ms_v\">Modell S:<\/p>\n\n\n\n<figure class=\"wp-block-table is-style-stripes\"><table><thead><tr><th><br>Modell<\/th><th>Passende tumorst\u00f8rrelser<\/th><th>Egnede ET-er<\/th><th>Passende bredder<\/th><\/tr><\/thead><tbody><tr><td>2012 - 2016<\/td><td>19\u2033<br>20\u2033<br>21\u2033<br>22\u2033<\/td><td>35 - 40<br>35 - 40<br>35 - 40<br>35 - 40<\/td><td>8.0, 8.5<br>8.5, 9.0<br>8.5<br>9.0<\/td><\/tr><tr><td>Ansiktsl\u00f8ftning 2016 - 2021<\/td><td>19\u2033<br>20\u2033<br>21\u2033<br>22\u2033<\/td><td>35 - 40<br>35 - 40<br>35 - 40<br>35 - 40<\/td><td>8.0, 8.5<br>8.5, 9.0<br>8.5<br>9.0<\/td><\/tr><tr><td>Plaid &amp; LR 2021 -&gt;<\/td><td>19\u2033<br>20\u2033<br>21\u2033<\/td><td>35 - 40<br>35 - 40<br>35 - 40<\/td><td>8.5<br>8.5, 9.0<br>9.0, 9,5*<\/td><\/tr><tr><td><\/td><td><\/td><td><\/td><td><\/td><\/tr><\/tbody><\/table><figcaption class=\"wp-element-caption\">*9,5\u2033 bred 21\u2033 felg krever ET40<\/figcaption><\/figure>\n\n\n\n<p class=\"has-large-font-size\" id=\"mx_v\">Model X:<\/p>\n\n\n\n<figure class=\"wp-block-table is-style-stripes\"><table><thead><tr><th><br>Modell<\/th><th>Passende tumorst\u00f8rrelser<\/th><th>Egnede ET-er<\/th><th>Passende bredder<\/th><\/tr><\/thead><tbody><tr><td>2016 - 2021<\/td><td>19\u2033<br>20\u2033<br>21\u2033<br>22\u2033<\/td><td>35 <br>35 <br>35<br>35 <\/td><td>8.0, 8.5<br>9.0<br>9.0<br>9.0, 9.5<\/td><\/tr><tr><td>Plaid &amp; LR 2021 -&gt;<\/td><td>20\u2033<br>21\u2033<br>22\u2033<\/td><td>35 - 40<br>35 - 40<br>35 - 40<\/td><td>9.0<br>9.0, 9.5<br>9.0, 9.5<\/td><\/tr><tr><td><\/td><td><\/td><td><\/td><td><\/td><\/tr><\/tbody><\/table><\/figure>\n<\/div><\/div>\n\n\n\n<p><a href=\"#top\">Tilbake til toppen<\/a><\/p>\n\n\n\n<div class=\"wp-block-group\"><div class=\"wp-block-group__inner-container is-layout-constrained wp-block-group-is-layout-constrained\">\n<h2 class=\"wp-block-heading\" id=\"staggered\">Forskudt<\/h2>\n\n\n\n<p>I et forskj\u00f8vet sett er bilens bakhjul og dekk bredere enn foran. Dette er en popul\u00e6r konfigurasjon, spesielt for kraftigere og mer sportslige biler. Den forskj\u00f8vede konfigurasjonen forbedrer bilens kj\u00f8reegenskaper foran og \u00f8ker veigrepet bak. <\/p>\n\n\n\n<p><br>Nedenfor er det listet opp noen eksempler p\u00e5 bredder som kan brukes som forskj\u00f8vet bredde i disse modellene fra v\u00e5re felgleverand\u00f8rer.<\/p>\n\n\n\n<figure id=\"staggered_lista\" class=\"wp-block-table is-style-stripes\"><table><thead><tr><th>Modell<\/th><th>Fremover<\/th><th>Tilbake til<\/th><\/tr><\/thead><tbody><tr><td>Model 3 Perf.<\/td><td>19\u00d78,5 ET35<br>20\u00d78,5 ET35<\/td><td>19\u00d79,5 ET40<br>20\u00d79,0 ET40<\/td><\/tr><tr><td>Modell Y Perf.<\/td><td>20\u00d79,0 ET40<\/td><td>20\u00d79,5 ET45<\/td><\/tr><tr><td>Model S 2012 - 2021<\/td><td>19\u00d78,5 ET40<br>20\u00d79,0 ET35<br>21\u00d78,5 ET40<br>22\u00d79,0 ET35<\/td><td>19\u00d710 ET45<br>20\u00d710 ET35<br>21\u00d79,0 ET40<br>22\u00d710 ET35<\/td><\/tr><tr><td>Modell S Plaid &amp; LR<br>2021 -&gt;<\/td><td>19\u00d78,5 ET40<br>20\u00d79,0 ET35<br>21\u00d79,5 ET40<\/td><td>19\u00d710 ET45<br>20\u00d710 ET35<br>21\u00d710,5 ET45<\/td><\/tr><tr><td>Model X 2016 - 2021<\/td><td>20\u00d79,0 ET35<br>22\u00d79,0 ET35<\/td><td>20\u00d710 ET35<br>22\u00d710 ET35<\/td><\/tr><tr><td>Model X Plaid &amp; LR<br>2021 -&gt;<\/td><td>20\u00d79,0 ET35<br>21\u00d79,0 ET40<br>22\u00d79,0 ET35<\/td><td>20\u00d710 ET35<br>21\u00d710 ET35<br>22\u00d710 ET35<\/td><\/tr><\/tbody><\/table><\/figure>\n<\/div><\/div>\n\n\n\n<p><a href=\"#top\">Tilbake til toppen<\/a><\/p>","protected":false},"excerpt":{"rendered":"<p>Rengas- ja vannetietoa T\u00e4\u00e4lt\u00e4 l\u00f6yd\u00e4t k\u00e4tev\u00e4sti tietoa mitk\u00e4 renkaat sopivat millekin vanteille, ja mitk\u00e4 vanteet taas millekin Teslalle. Hakemisto: &#8211; Vanteen ET ja sen valinta &#8211; Renkaiden sopivuustaulukko Alkuper\u00e4isten vanteiden tiedot: &#8211; Model 3 &#8211; Model Y &#8211; Model S 2020 Eteenp\u00e4in &#8211; Model S 2012 &#8211; 2020 &#8211; Model X 2020 Eteenp\u00e4in &#8211; Model [&hellip;]<\/p>\n","protected":false},"author":1104,"featured_media":0,"parent":0,"menu_order":0,"comment_status":"closed","ping_status":"closed","template":"","meta":{"footnotes":""},"class_list":["post-16103","page","type-page","status-publish","hentry"],"jetpack_sharing_enabled":true,"_links":{"self":[{"href":"https:\/\/www.vempele.fi\/no\/wp-json\/wp\/v2\/pages\/16103","targetHints":{"allow":["GET"]}}],"collection":[{"href":"https:\/\/www.vempele.fi\/no\/wp-json\/wp\/v2\/pages"}],"about":[{"href":"https:\/\/www.vempele.fi\/no\/wp-json\/wp\/v2\/types\/page"}],"author":[{"embeddable":true,"href":"https:\/\/www.vempele.fi\/no\/wp-json\/wp\/v2\/users\/1104"}],"replies":[{"embeddable":true,"href":"https:\/\/www.vempele.fi\/no\/wp-json\/wp\/v2\/comments?post=16103"}],"version-history":[{"count":0,"href":"https:\/\/www.vempele.fi\/no\/wp-json\/wp\/v2\/pages\/16103\/revisions"}],"wp:attachment":[{"href":"https:\/\/www.vempele.fi\/no\/wp-json\/wp\/v2\/media?parent=16103"}],"curies":[{"name":"wp","href":"https:\/\/api.w.org\/{rel}","templated":true}]}}