{"id":16503,"date":"2023-02-21T10:16:18","date_gmt":"2023-02-21T08:16:18","guid":{"rendered":"https:\/\/www.vempele.fi\/toimitus-ja-maksutavat-copy\/"},"modified":"2023-03-29T15:19:59","modified_gmt":"2023-03-29T12:19:59","slug":"betalingsmetoder","status":"publish","type":"page","link":"https:\/\/www.vempele.fi\/no\/maksutavat\/","title":{"rendered":"Betalingsmetoder"},"content":{"rendered":"<div style=\"height:31px\" aria-hidden=\"true\" class=\"wp-block-spacer\"><\/div>\n\n\n\n<p>Det finnes et bredt spekter av betalingsmetoder for Vempelee-abonnementer. Ta kontakt med oss hvis du har sp\u00f8rsm\u00e5l om betaling.<\/p>\n\n\n\n<p><strong>Bankgebyrer:<\/strong>&nbsp;Nordea, Osuuspankki, Danske Bank, S\u00e4\u00e4st\u00f6pankki, Oma S\u00e4\u00e4st\u00f6pankki, POP Bank, Aktia, Handelsbanken, \u00c5landsbanken og S-Pankki<br><strong><br>Betaling med kort:<\/strong>&nbsp;Visa, Mastercard og American Express<\/p>\n\n\n\n<p><strong>Mobil betaling:<\/strong>&nbsp;MobilePay, PiVo, Overf\u00f8ring<\/p>\n\n\n<div class=\"wp-block-image\">\n<figure class=\"aligncenter size-full\"><img loading=\"lazy\" decoding=\"async\" width=\"800\" height=\"160\" src=\"https:\/\/www.vempele.fi\/wp-content\/uploads\/2023\/02\/Paytrail-Vempele-pankit-visa-mastercard-mobilepay.png\" alt=\"\" class=\"wp-image-16569\" srcset=\"https:\/\/www.vempele.fi\/wp-content\/uploads\/2023\/02\/Paytrail-Vempele-pankit-visa-mastercard-mobilepay.png 800w, https:\/\/www.vempele.fi\/wp-content\/uploads\/2023\/02\/Paytrail-Vempele-pankit-visa-mastercard-mobilepay-300x60.png 300w, https:\/\/www.vempele.fi\/wp-content\/uploads\/2023\/02\/Paytrail-Vempele-pankit-visa-mastercard-mobilepay-768x154.png 768w, https:\/\/www.vempele.fi\/wp-content\/uploads\/2023\/02\/Paytrail-Vempele-pankit-visa-mastercard-mobilepay-416x83.png 416w\" sizes=\"auto, (max-width: 800px) 100vw, 800px\" \/><\/figure>\n<\/div>\n\n\n<h2 class=\"wp-block-heading\">Betaler p\u00e5 stedet<\/h2>\n\n\n\n<p>N\u00e5r du henter varene dine, kan du enkelt gj\u00f8re tilleggskj\u00f8p og betale for dem med kortet ditt.<\/p>\n\n\n\n<p>Ps. Vi anbefaler at du betaler p\u00e5 forh\u00e5nd, slik at vi kan jobbe raskere.<\/p>\n\n\n\n<h2 class=\"wp-block-heading\">Bedrifter<\/h2>\n\n\n\n<p>Betalingsm\u00e5tene ovenfor er ogs\u00e5 tilgjengelige for bedrifter. Vi tilbyr for \u00f8yeblikket ikke bedriftskontoer.<\/p>\n\n\n\n<p>\u00d8nsker du \u00e5 bestille et st\u00f8rre antall varer fra oss? Send oss en melding, s\u00e5 ordner vi levering og fakturering for deg.<\/p>\n\n\n\n<p>Ta kontakt med oss hvis det oppst\u00e5r problemer.<\/p>","protected":false},"excerpt":{"rendered":"<p>Vempeleen tilaukset on mahdollista maksaa laajasti erilaisilla maksutavoilla. Ota yhteytt\u00e4 meihin, jos sinulla her\u00e4\u00e4 kysymyksi\u00e4 maksamisesta. Pankkimaksut:&nbsp;Nordea, Osuuspankki, Danske Bank, S\u00e4\u00e4st\u00f6pankki, Oma S\u00e4\u00e4st\u00f6pankki, POP Pankki, Aktia, Handelsbanken, \u00c5landsbanken ja S-PankkiKorttimaksaminen:&nbsp;Visa, Mastercard ja American Express Mobiilimaksaminen:&nbsp;MobilePay, PiVo, Siirto Paikan p\u00e4\u00e4ll\u00e4 maksaminen Tuotteita noutaessa voit tehd\u00e4 k\u00e4tev\u00e4sti lis\u00e4ostoksia ja maksaa ne kortilla. Ps. Suosittelemme maksamista etuk\u00e4teen, niin [&hellip;]<\/p>\n","protected":false},"author":2,"featured_media":0,"parent":0,"menu_order":0,"comment_status":"closed","ping_status":"closed","template":"","meta":{"footnotes":""},"class_list":["post-16503","page","type-page","status-publish","hentry"],"jetpack_sharing_enabled":true,"_links":{"self":[{"href":"https:\/\/www.vempele.fi\/no\/wp-json\/wp\/v2\/pages\/16503","targetHints":{"allow":["GET"]}}],"collection":[{"href":"https:\/\/www.vempele.fi\/no\/wp-json\/wp\/v2\/pages"}],"about":[{"href":"https:\/\/www.vempele.fi\/no\/wp-json\/wp\/v2\/types\/page"}],"author":[{"embeddable":true,"href":"https:\/\/www.vempele.fi\/no\/wp-json\/wp\/v2\/users\/2"}],"replies":[{"embeddable":true,"href":"https:\/\/www.vempele.fi\/no\/wp-json\/wp\/v2\/comments?post=16503"}],"version-history":[{"count":0,"href":"https:\/\/www.vempele.fi\/no\/wp-json\/wp\/v2\/pages\/16503\/revisions"}],"wp:attachment":[{"href":"https:\/\/www.vempele.fi\/no\/wp-json\/wp\/v2\/media?parent=16503"}],"curies":[{"name":"wp","href":"https:\/\/api.w.org\/{rel}","templated":true}]}}