{"id":404,"date":"2018-06-07T09:15:20","date_gmt":"2018-06-07T06:15:20","guid":{"rendered":"https:\/\/www.vempele.fi\/?page_id=404"},"modified":"2020-07-06T13:47:56","modified_gmt":"2020-07-06T10:47:56","slug":"personvernerklaering","status":"publish","type":"page","link":"https:\/\/www.vempele.fi\/no\/yksityisyydensuojatiedote\/","title":{"rendered":"Merknad om personvern"},"content":{"rendered":"<ul>\n<li><strong>Hvorfor data samles inn<\/strong><\/li>\n<\/ul>\n<p>Vempele nettbutikk f\u00f8rer et kunderegister for \u00e5 administrere kunderelasjoner. Personopplysninger samles inn i den grad det er n\u00f8dvendig for \u00e5 yte tjenesten til kundene.<\/p>\n<p>Anonym informasjon samles inn ved hjelp av informasjonskapsler for \u00e5 utvikle nettstedet slik at det bedre oppfyller brukerens behov. Denne informasjonen, som ikke identifiserer kunden, omfatter handlingene som brukeren har utf\u00f8rt p\u00e5 siden (for eksempel klikk), teknisk informasjon (for eksempel nettlesere), land og dato.<\/p>\n<ul>\n<li><strong>Hvilke personopplysninger som samles inn<\/strong><\/li>\n<\/ul>\n<p>Informasjon som skal samles inn n\u00e5r du oppretter en kunde-ID:<\/p>\n<ol>\n<li style=\"text-align: left;\">Navn<\/li>\n<li style=\"text-align: left;\">Adresse<\/li>\n<li style=\"text-align: left;\">Telefonnummer<\/li>\n<li style=\"text-align: left;\">E-postadresse (den f\u00f8rste delen er ogs\u00e5 brukernavnet ditt)<\/li>\n<li style=\"text-align: left;\">Passord<\/li>\n<\/ol>\n<p>E-postadressen og passordet ditt lagres ved registreringen. \u00d8vrig informasjon lagres f\u00f8rst n\u00e5r bestillingen legges inn eller n\u00e5r kunden fyller ut egne opplysninger p\u00e5 nettstedet.<\/p>\n<p>Hvis kunden legger inn en bestilling uten \u00e5 registrere seg, blir bestillingen lagret for behandling:<\/p>\n<ol>\n<li>Navn<\/li>\n<li>Adresse<\/li>\n<li>Telefonnummer<\/li>\n<li>E-postadresse<\/li>\n<\/ol>\n<ul>\n<li><strong>Hvor f\u00e5r du tak i dataene?<\/strong><\/li>\n<\/ul>\n<p>Informasjonen samles inn direkte fra kunden n\u00e5r kunden legger inn en bestilling eller oppretter en kunde-ID. Hvis kunden kontakter Vempele via telefon, e-post eller kontaktskjema, lagres ikke denne informasjonen lenger enn det som er \u00e5rsaken til kontakten.<\/p>\n<p>Anonymiserte data om bes\u00f8kende p\u00e5 Vempeles nettsted samles inn ved hjelp av Google Analytics. Denne applikasjonen registrerer informasjon om hvilke sider som bes\u00f8kes, hvor lenge den bes\u00f8kende oppholder seg p\u00e5 nettstedet, hvordan den bes\u00f8kende kom til nettstedet og hvilke lenker som klikkes p\u00e5. Denne informasjonen samles inn for \u00e5 sikre at nettstedet oppfyller brukerens behov.<\/p>\n<ul>\n<li><strong>Hvor lenge dataene oppbevares<\/strong><\/li>\n<\/ul>\n<p>Opplysningene om den registrerte kunden lagres s\u00e5 lenge kundeforholdet best\u00e5r.<\/p>\n<p>Opplysninger som oppgis av en ikke-registrert kunde i forbindelse med behandling av en bestilling, lagres i maksimalt 365 dager. Opplysningene lagres for at bestillingen skal kunne kontrolleres i ettertid p\u00e5 kundens foresp\u00f8rsel.<\/p>\n<ul>\n<li><strong>Mottaker av personopplysninger<\/strong><\/li>\n<\/ul>\n<p>Personopplysningene i registeret vil bare bli utlevert til tredjeparter n\u00e5r det er n\u00f8dvendig, p\u00e5 f\u00f8lgende m\u00e5te<\/p>\n<p>a) For \u00e5 gi betalingsinformasjon for tjenesten til Checkout Finland, v\u00e5r leverand\u00f8r av betalingstjenester.<\/p>\n<p>b) Til leveringsadressen som er oppgitt til v\u00e5r transportleverand\u00f8r Shipit Oy Ab for levering av produktene.<\/p>\n<p>c) Til offentlige myndigheter for foresp\u00f8rsler om informasjon basert p\u00e5 finsk lov.<\/p>\n<p>d) Til forsikringsselskaper i forbindelse med behandling av erstatningskrav.<\/p>\n<ul>\n<li><strong>Rett til innsyn i opplysningene dine<\/strong><\/li>\n<\/ul>\n<p>Kunden har rett til \u00e5 kontrollere sine egne opplysninger i registeret. Du kan sjekke dine personopplysninger ved \u00e5 logge deg inn i Vempeles nettbutikk.<\/p>\n<ul>\n<li><strong>Retten til \u00e5 be om retting av uriktige opplysninger eller sletting av alle opplysninger<\/strong><\/li>\n<\/ul>\n<p>Kunden har rett til \u00e5 be om korrigering av uriktige opplysninger, og kunden kan ogs\u00e5 selv korrigere uriktige opplysninger etter \u00e5 ha logget seg inn p\u00e5 nettstedet. Kunden har ogs\u00e5 rett til \u00e5 be om at hans\/hennes personopplysninger slettes fra registeret.<\/p>\n<ul>\n<li><strong>Rett til \u00e5 begrense behandlingen<\/strong><\/li>\n<\/ul>\n<p>Kundene har rett til \u00e5 begrense behandlingen av personopplysningene sine. N\u00e5r kunden har gjort en slik foresp\u00f8rsel, vil Vempele nettbutikk ikke lenger behandle kundens personopplysninger, med mindre det foreligger et juridisk grunnlag for behandlingen.<\/p>\n<ul>\n<li><strong>Retten til \u00e5 overf\u00f8re data fra ett system til et annet<\/strong><\/li>\n<\/ul>\n<p>Kunden har rett til \u00e5 motta personopplysninger i et strukturert format, der kunden kan overf\u00f8re opplysningene til en annen behandlingsansvarlig hvis han eller hun \u00f8nsker det.<\/p>\n<p>Kunden kan kontakte Vempele e-butikk i ovennevnte saker via e-post, brev eller ved \u00e5 bruke kontaktskjemaet p\u00e5 nettstedet.<\/p>","protected":false},"excerpt":{"rendered":"<p>Miksi tietoja ker\u00e4t\u00e4\u00e4n Vempele-verkkokauppa yll\u00e4pit\u00e4\u00e4 asiakasrekisteri\u00e4 asiakassuhteiden hoitamiseksi. Henkil\u00f6tietoja ker\u00e4t\u00e4\u00e4n sen verran kuin on tarvetta palvelun tarjoamiseksi asiakkaille. Anonyymeja tietoja ker\u00e4t\u00e4\u00e4n ev\u00e4steiden avulla, jotta voidaan kehitt\u00e4\u00e4 sivuja vastaamaan paremmin k\u00e4ytt\u00e4j\u00e4n tarpeita. T\u00e4llaisia tietoja, joista asiakasta ei voida identifioida, ovat k\u00e4ytt\u00e4j\u00e4n tekem\u00e4t toimet sivulla (kuten klikkaukset), tekniset tiedot (kuten selaimet), maa ja p\u00e4iv\u00e4m\u00e4\u00e4r\u00e4. Mit\u00e4 henkil\u00f6tietoja ker\u00e4t\u00e4\u00e4n [&hellip;]<\/p>\n","protected":false},"author":2,"featured_media":0,"parent":0,"menu_order":0,"comment_status":"closed","ping_status":"closed","template":"","meta":{"footnotes":""},"class_list":["post-404","page","type-page","status-publish","hentry"],"jetpack_sharing_enabled":true,"_links":{"self":[{"href":"https:\/\/www.vempele.fi\/no\/wp-json\/wp\/v2\/pages\/404","targetHints":{"allow":["GET"]}}],"collection":[{"href":"https:\/\/www.vempele.fi\/no\/wp-json\/wp\/v2\/pages"}],"about":[{"href":"https:\/\/www.vempele.fi\/no\/wp-json\/wp\/v2\/types\/page"}],"author":[{"embeddable":true,"href":"https:\/\/www.vempele.fi\/no\/wp-json\/wp\/v2\/users\/2"}],"replies":[{"embeddable":true,"href":"https:\/\/www.vempele.fi\/no\/wp-json\/wp\/v2\/comments?post=404"}],"version-history":[{"count":0,"href":"https:\/\/www.vempele.fi\/no\/wp-json\/wp\/v2\/pages\/404\/revisions"}],"wp:attachment":[{"href":"https:\/\/www.vempele.fi\/no\/wp-json\/wp\/v2\/media?parent=404"}],"curies":[{"name":"wp","href":"https:\/\/api.w.org\/{rel}","templated":true}]}}