{"id":59,"date":"2018-05-21T12:28:47","date_gmt":"2018-05-21T12:28:47","guid":{"rendered":"https:\/\/www.vempele.fi\/?page_id=59"},"modified":"2025-12-01T13:00:21","modified_gmt":"2025-12-01T11:00:21","slug":"leveringsmetoder","status":"publish","type":"page","link":"https:\/\/www.vempele.fi\/no\/toimitustavat\/","title":{"rendered":"Leveringsmetoder og bestillingsbetingelser"},"content":{"rendered":"<h2 class=\"wp-block-heading\">Leveringsmetoder og -tider<\/h2>\n\n\n\n<p>Post og Matkahuolto: Post- og Matkahuoltopakker behandles og leveres vanligvis virkedagen etter bestillingen. Postens hentepakker leveres innen 1-3 dager. Post- og budtjenester lover levering innen 1-3 virkedager.<\/p>\n\n\n\n<p>DB Schenker og PostNord: Som hovedregel ekspederes pakkene den p\u00e5f\u00f8lgende arbeidsdagen etter bestillingen. Pakker hentes hos oss for transport p\u00e5 daglig basis.<strong>&nbsp;<\/strong>Leveringstiden for hentepakker er 1-3 dager fra det tidspunktet pakkene overf\u00f8res fra oss til budfirmaet.<\/p>\n\n\n\n<p><strong>H\u00f8r etter!<\/strong> Husk at tidene er estimerte. Den endelige leveringstiden kan p\u00e5virkes av bestillingstidspunktet, behandlingen av bestillingen og eventuelle streiker eller forsinkelser p\u00e5 grunn av transport\u00f8rer.<\/p>\n\n\n\n<h2 class=\"wp-block-heading\" id=\"ilmainen_toimitus\">Gratis levering<\/h2>\n\n\n\n<p>Vempele tilbyr gratis levering for bestillinger over 150\u20ac. Gratis levering er n\u00e5 ogs\u00e5 tilgjengelig p\u00e5 beltebestillinger og Monaco GP-dekk-\/felgpakker Model 3 og Model Y. Gratis frakt. <strong>gjelder ikke for<\/strong> bestillinger med andre dekk. Bestillingen vil bli levert til n\u00e6rmeste utleveringssted ved hjelp av den billigste leveringsmetoden som er tilgjengelig p\u00e5 det aktuelle tidspunktet. <br>Gratis frakt gjelder kun for Finland og forbrukerkj\u00f8p. <\/p>\n\n\n\n<h2 class=\"wp-block-heading\">Hentet fra<\/h2>\n\n\n\n<p>Du kan velge \u00e5 f\u00e5 bestillingen din levert ved henting. I dette tilfellet trenger du ikke \u00e5 betale leveringsgebyr. Bestillingen m\u00e5 hentes fra et utleveringssted i Pirkkala, i n\u00e6rheten av Jidokas kontor. Vi har \u00e5pent p\u00e5 hverdager fra 8-16. <strong>Paavontie 4, 33960 Pirkkala<\/strong>. Velkommen!<\/p>\n\n\n\n<h2 class=\"wp-block-heading\">Returbetingelser<\/h2>\n\n\n\n<p>Returbetingelser finner du p\u00e5 <a href=\"https:\/\/www.vempele.fi\/no\/returbetingelser\/\">Her.<\/a><\/p>\n\n\n\n<h2 class=\"wp-block-heading\" id=\"h-maksupalvelutarjoaja\">Leverand\u00f8r av betalingstjenester<\/h2>\n\n\n\n<p>Betalingstjenesten leveres av Paytrail Oyj (2122839-7) i samarbeid med finske banker og kredittinstitusjoner. Paytrail Oyj vises som mottaker av betalingen p\u00e5 kontoutskriften eller kortfakturaen og videresender betalingen til forhandleren. Paytrail Oyj er en betalingsinstitusjon med konsesjon. Ved reklamasjoner, vennligst kontakt leverand\u00f8ren av produktet i f\u00f8rste omgang.<\/p>\n\n\n\n<p>Paytrail Oyj, forretningskode: 2122839-7<br>Innova 2<br>Lutakonaukio 7<br>40100 Jyv\u00e4skyl\u00e4, Finland<br><a href=\"https:\/\/www.paytrail.com\/kuluttaja\/tietoa-maksamisesta\" target=\"_blank\" rel=\"noreferrer noopener\">paytrail.com\/forbruker\/om-betaling<\/a><\/p>\n\n\n\n<h2 class=\"wp-block-heading\">Reklamasjoner og melding om transportskader<\/h2>\n\n\n\n<p>Eventuelle reklamasjoner vedr\u00f8rende bestillingen eller leveransen skal sendes innen syv (7) dager etter mottak av bestillingen til.&nbsp;<a href=\"mailto:vempele@vempele.fi\" target=\"_blank\" rel=\"noreferrer noopener\">vempele@vempele.fi<\/a>. Vi vil ikke behandle reklamasjoner som mottas av oss mer enn 7 dager etter mottak av produktet.<\/p>\n\n\n\n<p>Mottakerens plikter og transportskader: I henhold til lov om veitransportavtaler (TKSL) skal mottakeren kontrollere forsendelsen ved mottak og umiddelbart p\u00e5peke eventuelle ytre synlige skader (hull, \u00e5pne b\u00e5nd, sprukne hj\u00f8rner osv.). I slike tilfeller skal det umiddelbart tas forbehold (anmerkning) i fraktbrevet eller p\u00e5 pakkekortet. Angi hvilken type skade det dreier seg om. Be om en bekreftelse fra transport\u00f8rens representant, og kontakt v\u00e5r kundeservice umiddelbart via e-post. Legg ved bilder av de skadede varene.<\/p>\n\n\n\n<p>Skjulte skader (skader som ikke kan ses med \u00f8ynene p\u00e5 mottakstidspunktet) m\u00e5 meldes til Vempelees kundeservice innen 7 dager etter levering med bilder og en skadebeskrivelse. Etter 7 dager opph\u00f8rer transport\u00f8rens ansvar. Skadede eller defekte produkter som returneres til Vempelee, m\u00e5 pakkes forsvarlig for \u00e5 unng\u00e5 ytterligere skade.<\/p>\n\n\n\n<h2 class=\"wp-block-heading\" id=\"h-yritysmyynti\">Bedriftssalg<\/h2>\n\n\n\n<p>Ovennevnte vilk\u00e5r og informasjon gjelder kun for forbrukersalg, og for forretningssalg gir vi ingen garanti, og vi f\u00f8lger loven.<\/p>","protected":false},"excerpt":{"rendered":"<p>Toimitustavat ja -ajat Posti ja Matkahuolto: Postin ja Matkahuollon paketit k\u00e4sitell\u00e4\u00e4n ja vied\u00e4\u00e4n toimitettaviksi p\u00e4\u00e4s\u00e4\u00e4nt\u00f6isesti tilausta seuraavana arkip\u00e4iv\u00e4n\u00e4. Postin noutopaketit toimitetaan 1-3 p\u00e4iv\u00e4ss\u00e4. Matkahuolto lupaa toimituksen 1-3 arkivuorokauden kuluessa. DB Schenker ja PostNord: Paketit k\u00e4sitell\u00e4\u00e4n p\u00e4\u00e4s\u00e4\u00e4nt\u00f6isesti tilausta seuraavana arkip\u00e4iv\u00e4n\u00e4. Paketit noudetaan meilt\u00e4 kuljetukseen p\u00e4ivitt\u00e4in.&nbsp;Noutopistepakettien toimitusaika on 1-3 p\u00e4iv\u00e4\u00e4 alkaen siit\u00e4, kun paketit ovat siirtyneet meilt\u00e4 [&hellip;]<\/p>\n","protected":false},"author":2,"featured_media":0,"parent":0,"menu_order":0,"comment_status":"closed","ping_status":"closed","template":"","meta":{"footnotes":""},"class_list":["post-59","page","type-page","status-publish","hentry"],"jetpack_sharing_enabled":true,"_links":{"self":[{"href":"https:\/\/www.vempele.fi\/no\/wp-json\/wp\/v2\/pages\/59","targetHints":{"allow":["GET"]}}],"collection":[{"href":"https:\/\/www.vempele.fi\/no\/wp-json\/wp\/v2\/pages"}],"about":[{"href":"https:\/\/www.vempele.fi\/no\/wp-json\/wp\/v2\/types\/page"}],"author":[{"embeddable":true,"href":"https:\/\/www.vempele.fi\/no\/wp-json\/wp\/v2\/users\/2"}],"replies":[{"embeddable":true,"href":"https:\/\/www.vempele.fi\/no\/wp-json\/wp\/v2\/comments?post=59"}],"version-history":[{"count":1,"href":"https:\/\/www.vempele.fi\/no\/wp-json\/wp\/v2\/pages\/59\/revisions"}],"predecessor-version":[{"id":44421,"href":"https:\/\/www.vempele.fi\/no\/wp-json\/wp\/v2\/pages\/59\/revisions\/44421"}],"wp:attachment":[{"href":"https:\/\/www.vempele.fi\/no\/wp-json\/wp\/v2\/media?parent=59"}],"curies":[{"name":"wp","href":"https:\/\/api.w.org\/{rel}","templated":true}]}}