{"id":10711,"date":"2022-04-21T15:40:03","date_gmt":"2022-04-21T12:40:03","guid":{"rendered":"https:\/\/www.vempele.fi\/?post_type=product&#038;p=10711"},"modified":"2026-04-10T19:14:26","modified_gmt":"2026-04-10T16:14:26","slug":"tesla-model-y-takstativ","status":"publish","type":"product","link":"https:\/\/www.vempele.fi\/no\/tuote\/tesla-model-y-kattotelineet\/","title":{"rendered":"Takstativ - Tesla Model Y"},"content":{"rendered":"<p>Enkel montering med den medf\u00f8lgende veiledningen.<\/p>\n<p>Pakken inneholder alt du trenger for \u00e5 montere stativene. Det f\u00f8lger ogs\u00e5 med PPF-striper (Paint Protection Film) under bena p\u00e5 stativene for \u00e5 beskytte lakken p\u00e5 bilen. PPF-folien er gjennomsiktig.<\/p>\n<p><b>Ytterligere informasjon:<\/b><\/p>\n<ul>\n<li style=\"list-style-type: none;\">\n<ul>\n<li>Kompatibilitet:\n<ul>\n<li>Tesla Model Y 2020 - 2024<\/li>\n<li>Tesla Model Y Juniper 2025 -&gt;<\/li>\n<\/ul>\n<\/li>\n<li>Enkel installasjon<\/li>\n<li>Slitesterkt aluminium<\/li>\n<li>M\u00e5l p\u00e5 pakken: 136 x 16 x 18 cm, 6,9 kg<\/li>\n<li>Pakken inneholder\n<ul>\n<li>Festn\u00f8kkel<\/li>\n<li>Stativ foran og bak<\/li>\n<li>Endestykker for stativer<\/li>\n<li>\"Pads\" under bena p\u00e5 stativene<\/li>\n<li>Festing av muttere<\/li>\n<li>N\u00f8kkelord<\/li>\n<li>PPF-b\u00e5ndbredde<\/li>\n<li>Festeveiledning<\/li>\n<\/ul>\n<\/li>\n<\/ul>\n<\/li>\n<\/ul>\n<p><strong>OBS! Takstativene er originale, ikke Tesla-originale.<\/strong><\/p>\n<p>Du kan laste ned installasjonsinstruksjonene<strong> <a href=\"https:\/\/www.vempele.fi\/wp-content\/uploads\/2022\/12\/Kattotelineiden-asennusohje.pdf\">Her.<\/a><\/strong><\/p>","protected":false},"excerpt":{"rendered":"<p>Takstativene til Model Y kommer i en moteriktig farge, svart.<\/p>\n<p>En flott m\u00e5te \u00e5 \u00f8ke transportkapasiteten ytterligere p\u00e5; du kan for eksempel bruke takstativene til \u00e5 feste en skiboks eller sykkelholder p\u00e5 taket av Teslaen din.<\/p>\n<p>De er ogs\u00e5 flotte for \u00e5 skifte look.<\/p>\n<p>Merk: Disse takstativene er de originale, ikke de originale.<\/p>\n<p>Du kan laste ned installasjonsinstruksjonene<strong> <a href=\"https:\/\/www.vempele.fi\/wp-content\/uploads\/2022\/12\/Kattotelineiden-asennusohje.pdf\">Her.<\/a><\/strong><\/p>\n<p><strong>N\u00e5 en ny, l\u00e5sbar modell!<\/strong><\/p>","protected":false},"featured_media":10725,"comment_status":"open","ping_status":"closed","template":"","meta":[],"product_brand":[838],"product_cat":[154,455,483,128],"product_tag":[83,365,271,121,203],"class_list":{"0":"post-10711","1":"product","2":"type-product","3":"status-publish","4":"has-post-thumbnail","6":"product_brand-teslaasi","7":"product_cat-model-y","8":"product_cat-my-tarvikkeet","9":"product_cat-tarvikkeet-ulkopuolelle-model-y","10":"product_cat-tesla-tuotteet","11":"product_tag-autotarvikkeet","12":"product_tag-kattotelineet","13":"product_tag-model-y","14":"product_tag-tesla","15":"product_tag-tesla-model-y","17":"first","18":"instock","19":"taxable","20":"shipping-taxable","21":"purchasable","22":"product-type-simple"},"jetpack_sharing_enabled":true,"_links":{"self":[{"href":"https:\/\/www.vempele.fi\/no\/wp-json\/wp\/v2\/product\/10711","targetHints":{"allow":["GET"]}}],"collection":[{"href":"https:\/\/www.vempele.fi\/no\/wp-json\/wp\/v2\/product"}],"about":[{"href":"https:\/\/www.vempele.fi\/no\/wp-json\/wp\/v2\/types\/product"}],"replies":[{"embeddable":true,"href":"https:\/\/www.vempele.fi\/no\/wp-json\/wp\/v2\/comments?post=10711"}],"wp:featuredmedia":[{"embeddable":true,"href":"https:\/\/www.vempele.fi\/no\/wp-json\/wp\/v2\/media\/10725"}],"wp:attachment":[{"href":"https:\/\/www.vempele.fi\/no\/wp-json\/wp\/v2\/media?parent=10711"}],"wp:term":[{"taxonomy":"product_brand","embeddable":true,"href":"https:\/\/www.vempele.fi\/no\/wp-json\/wp\/v2\/product_brand?post=10711"},{"taxonomy":"product_cat","embeddable":true,"href":"https:\/\/www.vempele.fi\/no\/wp-json\/wp\/v2\/product_cat?post=10711"},{"taxonomy":"product_tag","embeddable":true,"href":"https:\/\/www.vempele.fi\/no\/wp-json\/wp\/v2\/product_tag?post=10711"}],"curies":[{"name":"wp","href":"https:\/\/api.w.org\/{rel}","templated":true}]}}