{"id":12540,"date":"2022-08-17T14:04:33","date_gmt":"2022-08-17T11:04:33","guid":{"rendered":"https:\/\/www.vempele.fi\/?post_type=product&#038;p=12540"},"modified":"2025-10-21T11:57:58","modified_gmt":"2025-10-21T08:57:58","slug":"nokia-hakkapeliitta-10-ev-255-45r19-104t-xl","status":"publish","type":"product","link":"https:\/\/www.vempele.fi\/no\/tuote\/nokia-hakkapeliitta-10-ev-255-45r19-104t-xl\/","title":{"rendered":"Nokian Dekk Hakkapeliitta 10 EV 255\/45R19 104T XL - Modell Y"},"content":{"rendered":"<p>1 stk Nokian Dekk Hakkapeliitta 10 EV: 255\/45R19 104T XL.<\/p>\n<ul>\n<li class=\"single-product__section-title\">EU-merking av dekk<\/li>\n<li>Type: piggdekk<\/li>\n<li>Tommer: 19<\/li>\n<li>Bredde: 255<\/li>\n<li>Profil: 45<\/li>\n<li class=\"single-product__section-title\">Hastighetskategori: 190 km\/t (T)<\/li>\n<li class=\"single-product__section-title\">Lastekapasitet: 900 kg (104)<\/li>\n<\/ul>\n<p><iframe loading=\"lazy\" title=\"Nokian Hakkapeliitta 10 EV: Kj\u00f8rekomfort og milj\u00f8vennlighet\" width=\"980\" height=\"551\" src=\"https:\/\/www.youtube.com\/embed\/7v4Ic5thZbw?feature=oembed\" frameborder=\"0\" allow=\"accelerometer; autoplay; clipboard-write; encrypted-media; gyroscope; picture-in-picture; web-share\" referrerpolicy=\"strict-origin-when-cross-origin\" allowfullscreen><\/iframe><\/p>","protected":false},"excerpt":{"rendered":"<p class=\"single-product__title\">Nokian-dekk Hakkapeliitta R5 EV: 255\/45R19 104T XL.<\/p>\n<p>Piggdekk. Spesielt anbefalt for Tesla Model Y.<\/p>\n<p><strong>Neste generasjons sikkerhet<\/strong><\/p>\n<p>Nokias Hakkapeliitta 10 EV gir trygghet i den nordlige vinteren. Dette piggdekket er utviklet for elbiler og hybrider, og kombinerer milj\u00f8vennlighet, kj\u00f8rekomfort og overlegen grep p\u00e5 sn\u00f8 og is. Nokian Hakkapeliitta 10 EV bruker Nokian Tyres' dobbel-pin-teknologi, med senterpinner for bedre akselerasjon og bremsegrep og skulderpinner for maksimalt grep i svinger og filskift. Nokian Hakkapeliitta 10 EV har et nytt overflatem\u00f8nster for stabilitet og sn\u00f8grep, samt optimal plassering av piggene for et jevnt og behagelig lydmilj\u00f8, noe som gir f\u00f8rsteklasses kj\u00f8rekomfort.<\/p>\n<p>- Ekstrem sikkerhet - overlegen grep p\u00e5 is og sn\u00f8<br \/>\n- SilentDrive\u2122-teknologi - ekstremt lavt lydniv\u00e5<br \/>\n- Lengre rekkevidde, utmerket stabilitet<\/p>\n<p>Stille dekkst\u00f8y er en spesielt viktig faktor for kj\u00f8rekomforten i elbiler, fordi elbiler er stilleg\u00e5ende. Den eksepsjonelt stilleg\u00e5ende lyden fra nye Nokia Hakkapeliitta 10 EV er mulig takket v\u00e6re et akustisk skumlag p\u00e5 innsiden av dekket. Den nye SilentDrive\u2122-teknologien demper irriterende st\u00f8ytopper, noe som resulterer i en roligere dekklyd, mindre st\u00f8y i kupeen og en mer komfortabel kj\u00f8retur.<\/p>\n<p><strong>Et overflatem\u00f8nster som sikrer stabilitet og kontrollerbarhet under alle v\u00e6rforhold<\/strong><\/p>\n<p>Nokian Hakkapeliitta 10 EVs sterkt laminerte m\u00f8nster sikrer stabil og allsidig ytelse under varierende v\u00e6rforhold p\u00e5 is, sn\u00f8 og teksturerte veier. Stabiliteten som det kraftig laminerte m\u00f8nsteret gir, \u00f8ker ogs\u00e5 kj\u00f8resikkerheten ved filskifte i sn\u00f8 eller slaps. Dekkets stive senteromr\u00e5de gj\u00f8r kj\u00f8reresponsen sv\u00e6rt presis p\u00e5 bar vei, samtidig som det sikrer utmerket vinteregenskaper. Den solide konstruksjonen til Nokia Hakkapeliitta 10 EV gj\u00f8r dekket ekstremt stabilt, og slitebanen er konstruert for \u00e5 t\u00e5le store vridningsbelastninger og store dekkbelastninger.<\/p>\n<p><strong>Ansvarlig sikkerhet<\/strong><\/p>\n<p>Nokians nye Hakkapeliitta 10 EV-belegg holder seg fleksibelt p\u00e5 alt fra milde vinterdager til minusgrader. Et lettrullende overflatem\u00f8nster og oppfinnsom bruk av r\u00e5materialer gj\u00f8r Nokian Hakkapeliitta 10 EV til et mer ansvarlig valg for sj\u00e5f\u00f8rer. Nokian Hakkapeliitta 10 EV har lav rullemotstand, noe som gir drivstoffbesparelser og reduserer skadelige utslipp under kj\u00f8ring. Nokian Hakkapeliitta 10 EV \u00f8ker driftsradiusen til en elbil takket v\u00e6re den aerodynamiske, tynt rillede sideveggen, samtidig som dekkets oppfinnsomme bruk av r\u00e5materialer og lette rullem\u00f8nster gj\u00f8r Nokian Hakkapeliitta 10 EV til et mer ansvarlig valg for bilister.<\/p>\n<p><strong>Lydl\u00f8se piggdekk for elbiler og hybrider<\/strong><\/p>\n<p>Nokian Hakkapeliitta 10 EV er perfekt for moderne elbiler. Med SilentDrive\u2122-teknologi har Nokian Hakkapeliitta 10 EV et jevnt og behagelig lydmilj\u00f8 for en komfortabel kj\u00f8retur, og piggene er optimalt plassert for \u00e5 minimere forstyrrende lydb\u00f8lger og forhindre at dekkst\u00f8yen g\u00e5r ut over kj\u00f8rekomforten.<\/p>\n<p><strong>Merk.<\/strong><br \/>\nNokia-dekkene kommer direkte fra leverand\u00f8ren til oss, vanligvis dagen etter at bestillingen er lagt inn.<br \/>\nLagersaldoen oppdateres ikke automatisk, s\u00e5 vi kontakter deg umiddelbart hvis dekket av en eller annen grunn ikke er tilgjengelig umiddelbart.<\/p>","protected":false},"featured_media":12575,"comment_status":"open","ping_status":"closed","template":"","meta":[],"product_brand":[],"product_cat":[154,371,128],"product_tag":[301,394,299,300,121,203,321],"class_list":{"0":"post-12540","1":"product","2":"type-product","3":"status-publish","4":"has-post-thumbnail","6":"product_cat-model-y","7":"product_cat-renkaat","8":"product_cat-tesla-tuotteet","9":"product_tag-autonrenkaat","10":"product_tag-nokian-renkaat","11":"product_tag-rengas","12":"product_tag-renkaat","13":"product_tag-tesla","14":"product_tag-tesla-model-y","15":"product_tag-vanteet","16":"product_shipping_class-nouto","18":"first","19":"instock","20":"taxable","21":"shipping-taxable","22":"purchasable","23":"product-type-simple"},"jetpack_sharing_enabled":true,"_links":{"self":[{"href":"https:\/\/www.vempele.fi\/no\/wp-json\/wp\/v2\/product\/12540","targetHints":{"allow":["GET"]}}],"collection":[{"href":"https:\/\/www.vempele.fi\/no\/wp-json\/wp\/v2\/product"}],"about":[{"href":"https:\/\/www.vempele.fi\/no\/wp-json\/wp\/v2\/types\/product"}],"replies":[{"embeddable":true,"href":"https:\/\/www.vempele.fi\/no\/wp-json\/wp\/v2\/comments?post=12540"}],"wp:featuredmedia":[{"embeddable":true,"href":"https:\/\/www.vempele.fi\/no\/wp-json\/wp\/v2\/media\/12575"}],"wp:attachment":[{"href":"https:\/\/www.vempele.fi\/no\/wp-json\/wp\/v2\/media?parent=12540"}],"wp:term":[{"taxonomy":"product_brand","embeddable":true,"href":"https:\/\/www.vempele.fi\/no\/wp-json\/wp\/v2\/product_brand?post=12540"},{"taxonomy":"product_cat","embeddable":true,"href":"https:\/\/www.vempele.fi\/no\/wp-json\/wp\/v2\/product_cat?post=12540"},{"taxonomy":"product_tag","embeddable":true,"href":"https:\/\/www.vempele.fi\/no\/wp-json\/wp\/v2\/product_tag?post=12540"}],"curies":[{"name":"wp","href":"https:\/\/api.w.org\/{rel}","templated":true}]}}