{"id":12544,"date":"2022-08-17T15:32:34","date_gmt":"2022-08-17T12:32:34","guid":{"rendered":"https:\/\/www.vempele.fi\/?post_type=product&#038;p=12544"},"modified":"2025-12-11T09:39:06","modified_gmt":"2025-12-11T07:39:06","slug":"nokia-dekk-hakkapeliitta-r5-sommer-235-55r18-104r-xl","status":"publish","type":"product","link":"https:\/\/www.vempele.fi\/no\/tuote\/nokia-tyres-hakkapeliitta-r5-suv-235-55r18-104r-xl\/","title":{"rendered":"Nokian Dekk Hakkapeliitta R5 SUV 235\/55R18 104R XL - Modell Y"},"content":{"rendered":"<p>1 stk Nokian Dekk Hakkapeliitta R5 SUV 235\/55R18 104R XL<\/p>\n<ul>\n<li class=\"single-product__section-title\">EU-merking av dekk<\/li>\n<li>Type: friksjonsdekk<\/li>\n<li>Tommer: 18<\/li>\n<li>Bredde: 235<\/li>\n<li>Profil: 55<\/li>\n<li class=\"single-product__section-title\">Hastighetskategori: 170 km\/t (T)<\/li>\n<li class=\"single-product__section-title\">Lastekapasitet: 900 kg (104)<\/li>\n<\/ul>","protected":false},"excerpt":{"rendered":"<p class=\"single-product__title\">Nokian Dekk Hakkapeliitta R5 SUV 235\/55R18 104R XL.<\/p>\n<p>Friksjonsdekk. Spesielt anbefalt for Tesla Model Y.<\/p>\n<p>Hakkapeliitta R5 SUV er et friksjonsdekk for personbiler, crossovere og SUV-er. Hakkapeliitta R5 SUV er spesielt utviklet for store kj\u00f8ret\u00f8y med h\u00f8y ytelse, og sikrer optimalisert stabilitet, styrke og slitestyrke, samtidig som det h\u00e5ndterer h\u00f8ye hjulbelastninger med presisjon og p\u00e5litelighet. Unike Arctic Grip Crystals-partikler sikrer klassens beste ytelse p\u00e5 is. Aramidforsterkede sidevegger for bedre holdbarhet og punkteringsbeskyttelse.<\/p>\n<p class=\"ewa-rteLine\">- Rent vintervedlikehold og balansert kj\u00f8ring<br \/>\n- Bedre stabilitet og overlegen kj\u00f8rekomfort<br \/>\n- Milj\u00f8vennlig mobilitet og drivstoffbesparelser<br \/>\n- Aramid-forsterkede sideflater for holdbarhet og beskyttelse<\/p>\n<p class=\"ewa-rteLine\">REN LENGDE<\/p>\n<p class=\"ewa-rteLine\">Vinteren byr p\u00e5 uforutsigbare og til tider farlige kj\u00f8reforhold. Det er viktig \u00e5 ha tillit til dekkene dine. Hakkapeliitta R5 SUV er egnet for alle nordlige vinterforhold, og gir ytelse og forutsigbarhet p\u00e5 bare, v\u00e5te, isete og sn\u00f8dekte veier. Den nye Double Block Grip-designen gir overlegen grip og kj\u00f8reegenskaper. Arctic Grip Crystals-partikler, som fungerer som innebygde pigger, s\u00f8rger for utmerket ytelse p\u00e5 is. Etter hvert som dekket utvikler seg, kommer partiklene ut og fungerer som en grepsreserve n\u00e5r det trengs.<\/p>\n<p class=\"ewa-rteLine\">PURE CONTROL<\/p>\n<p class=\"ewa-rteLine\">Hakkapeliitta R5 SUV har en sterk karkassestruktur som forbedrer kj\u00f8restabiliteten og holdbarheten og gir f\u00f8reren trygghet under vinterens varierte kj\u00f8reforhold, fra sn\u00f8dekte og isete veier til sprukne og ujevne veier. For ekstra beskyttelse og slitestyrke har dekket Aramid-forsterkede sidevegger. Den sterke og syntetiske Aramid-fiberen som brukes i gummiblandingen, forsterker sideveggene og \u00f8ker dekkets motstandskraft mot st\u00f8t og kutt. Det samme materialet brukes ogs\u00e5 i romfarts- og forsvarsprodukter.<\/p>\n<p class=\"ewa-rteLine\">REN MILJ\u00d8VENNLIGHET<\/p>\n<p class=\"ewa-rteLine\">Hakkapeliitta R5 SUV er designet med utgangspunkt i materialvalg som reduserer dekkets karbonavtrykk. Green Trace-gummiblandingen er utviklet for SUV-er og sikrer at Hakkapeliitta R5 SUV har utmerkede vinteregenskaper, h\u00f8y kj\u00f8relengde og lav rullemotstand, noe som ytterligere forbedrer dekkets stabilitet og holdbarhet. Den stive gummiblandingen, som fungerer over et bredt temperaturomr\u00e5de, sikrer lang levetid, og den lave rullemotstanden sparer drivstoff og reduserer skadelige utslipp.<\/p>\n<p class=\"ewa-rteLine\">USVIKELIG GREP P\u00c5 IS OG OVERLEGNE KJ\u00d8REEGENSKAPER<\/p>\n<p class=\"ewa-rteLine\">De mikroskopiske Arctic Grip-krystallene som er blandet inn i gummioverflaten p\u00e5 Hakkapeliitta R5 SUV, fungerer som innebygde pigger og skaper skarpe og holdbare grepskanter i gummien. Etter hvert som dekket slites, kommer partiklene frem og fungerer som en s\u00e5rt tiltrengt grepsreserve.<\/p>\n<p class=\"ewa-rteLine\">Hakkapeliitta R5s overlegne grep og kj\u00f8reegenskaper er basert p\u00e5 den nye Double Block Grip-designen, som er spesielt tydelig i dekkets skulderomr\u00e5der. Den stive rekken av m\u00f8nstrede blokker starter i midten og fortsetter katha mot skulderomr\u00e5dene. 40% har flere m\u00f8nsterblokker i skulder- og mellomomr\u00e5dene av dekket sammenlignet med forgjengeren, noe som betyr at det er mer gummi i kontakt med veibanen i kontaktomr\u00e5det. Dette betyr at dekkets grep p\u00e5 glatt underlag er forbedret.<\/p>\n<p><strong>Merk.<\/strong><br \/>\nNokia-dekkene kommer direkte fra leverand\u00f8ren til oss, vanligvis dagen etter at bestillingen er lagt inn.<br \/>\nLagersaldoen oppdateres ikke automatisk, s\u00e5 vi kontakter deg umiddelbart hvis dekket av en eller annen grunn ikke er tilgjengelig umiddelbart.<\/p>","protected":false},"featured_media":12573,"comment_status":"open","ping_status":"closed","template":"","meta":[],"product_brand":[],"product_cat":[154,371,128],"product_tag":[301,394,299,300,121,203,321],"class_list":{"0":"post-12544","1":"product","2":"type-product","3":"status-publish","4":"has-post-thumbnail","6":"product_cat-model-y","7":"product_cat-renkaat","8":"product_cat-tesla-tuotteet","9":"product_tag-autonrenkaat","10":"product_tag-nokian-renkaat","11":"product_tag-rengas","12":"product_tag-renkaat","13":"product_tag-tesla","14":"product_tag-tesla-model-y","15":"product_tag-vanteet","16":"product_shipping_class-nouto","18":"first","19":"instock","20":"taxable","21":"shipping-taxable","22":"purchasable","23":"product-type-simple"},"jetpack_sharing_enabled":true,"_links":{"self":[{"href":"https:\/\/www.vempele.fi\/no\/wp-json\/wp\/v2\/product\/12544","targetHints":{"allow":["GET"]}}],"collection":[{"href":"https:\/\/www.vempele.fi\/no\/wp-json\/wp\/v2\/product"}],"about":[{"href":"https:\/\/www.vempele.fi\/no\/wp-json\/wp\/v2\/types\/product"}],"replies":[{"embeddable":true,"href":"https:\/\/www.vempele.fi\/no\/wp-json\/wp\/v2\/comments?post=12544"}],"wp:featuredmedia":[{"embeddable":true,"href":"https:\/\/www.vempele.fi\/no\/wp-json\/wp\/v2\/media\/12573"}],"wp:attachment":[{"href":"https:\/\/www.vempele.fi\/no\/wp-json\/wp\/v2\/media?parent=12544"}],"wp:term":[{"taxonomy":"product_brand","embeddable":true,"href":"https:\/\/www.vempele.fi\/no\/wp-json\/wp\/v2\/product_brand?post=12544"},{"taxonomy":"product_cat","embeddable":true,"href":"https:\/\/www.vempele.fi\/no\/wp-json\/wp\/v2\/product_cat?post=12544"},{"taxonomy":"product_tag","embeddable":true,"href":"https:\/\/www.vempele.fi\/no\/wp-json\/wp\/v2\/product_tag?post=12544"}],"curies":[{"name":"wp","href":"https:\/\/api.w.org\/{rel}","templated":true}]}}