{"id":12553,"date":"2022-08-18T10:13:33","date_gmt":"2022-08-18T07:13:33","guid":{"rendered":"https:\/\/www.vempele.fi\/?post_type=product&#038;p=12553"},"modified":"2025-10-24T10:44:15","modified_gmt":"2025-10-24T07:44:15","slug":"nokia-hakkapeliitta-10-sommer-235-55r18-104t-xl","status":"publish","type":"product","link":"https:\/\/www.vempele.fi\/no\/tuote\/nokia-hakkapeliitta-10-suv-235-55r18-104t-xl\/","title":{"rendered":"Nokian Dekk Hakkapeliitta 10 SUV 235\/55R18 104T XL - Modell Y"},"content":{"rendered":"<p>1 stk Nokian Dekk Hakkapeliitta 10 SUV 235\/55R18 104T XL.<\/p>\n<ul>\n<li class=\"single-product__section-title\">EU-merking av dekk<\/li>\n<li>Type: piggdekk<\/li>\n<li>Tommer: 18<\/li>\n<li>Bredde: 235<\/li>\n<li>Profil: 55<\/li>\n<li class=\"single-product__section-title\">Hastighetskategori: 190 km\/t (T)<\/li>\n<li class=\"single-product__section-title\">Lastekapasitet: 900 kg (104)<\/li>\n<\/ul>","protected":false},"excerpt":{"rendered":"<p class=\"single-product__title\">Nokian Dekk Hakkapeliitta 10 SUV 235\/55R18 104T XL.<\/p>\n<p>Piggdekk. Spesielt anbefalt for Tesla Model Y.<\/p>\n<p><strong>Neste generasjons sikkerhet<\/strong><\/p>\n<p>- Ekstrem sikkerhet - overlegen grep p\u00e5 is og sn\u00f8<br \/>\n- Stabile og presise kj\u00f8reegenskaper, selv p\u00e5 bar vei<br \/>\n- Maksimal kj\u00f8rekomfort, behagelig lydniv\u00e5<br \/>\n- Flere kj\u00f8rte kilometer og lavere drivstofforbruk<\/p>\n<p>Det nye Nokian Hakkapeliitta 10 SUV SUV-dekket gir SUV-f\u00f8rere trygghet i den nordlige vinteren. Nokian Hakkapeliitta 10 SUV bruker Nokian Tyres' dobbeltn\u00e5lsteknologi, med midtn\u00e5lene for bedre akselerasjon og bremsegrep og skuldern\u00e5lene for maksimalt grep i svinger og ved filskift.Nokian Hakkapeliitta 10 SUV har et nytt traksjonsm\u00f8nster for stabilitet og sn\u00f8grep, og optimal plassering av piggene for et jevnt og behagelig lydmilj\u00f8.<\/p>\n<p><strong>Overlegen vintergrep fra en moderne piggfri l\u00f8sning<\/strong><\/p>\n<p>Under utfordrende vinterforhold gj\u00f8r sn\u00f8dekte veier det ofte vanskelig \u00e5 holde kj\u00f8rebanen og svinge. Reaksjonstid og bremselengde er viktige sikkerhetsfaktorer. Nokian Hakkapeliitta 10 SUVs piggl\u00f8sning gir bedre reaksjonstid p\u00e5 vinterf\u00f8re takket v\u00e6re f\u00f8rsteklasses sn\u00f8grep. Alle piggene er plassert ved hjelp av toppmoderne piggteknologi, og de nye stjerneformede piggene er rotert 180 grader i skulderomr\u00e5dene for \u00e5 treffe veibanen i en optimal vinkel.<\/p>\n<p><strong>Mer holdbarhet og balansert grep for SUV-er<\/strong><\/p>\n<p>Vinterens isete, sn\u00f8dekte og glatte veier stiller store krav til SUV-enes vinterdekk og f\u00f8reren. SUV-ene stiller ogs\u00e5 egne krav til vinterdekkene n\u00e5r det gjelder stabilitet og slitestyrke. Det nye Nokia Hakkapeliitta 10 SUV oppfyller disse kravene. Det kraftig laminerte m\u00f8nsteret \u00f8ker stabiliteten under kj\u00f8ring, og Aramid Sidewall-teknologien \u00f8ker dekkets slitestyrke og bidrar til \u00e5 forhindre kostbare og farlige dekkskader.<\/p>\n<p><strong>Ansvarlig sikkerhet<\/strong><\/p>\n<p>Nokias Hakkapeliitta 10 SUV har en ny overflateblanding som holder seg fleksibel i alt fra milde vinterdager til minusgrader. Et lettrullende overflatem\u00f8nster og oppfinnsom bruk av r\u00e5materialer gj\u00f8r Nokian Hakkapeliitta 10 SUV til et mer ansvarlig valg for bilisten. Nokian Hakkapeliitta 10 SUV har lav rullemotstand, noe som gir drivstoffbesparelser og reduserer skadelige utslipp under kj\u00f8ring.<\/p>\n<p><strong>St\u00f8ysvake piggdekk for SUV-er<\/strong><\/p>\n<p>Det jevne og behagelige lydmilj\u00f8et i Nokia Hakkapeliitta 10 SUV \u00f8ker kj\u00f8rekomforten. Piggene er optimalt plassert for \u00e5 minimere forstyrrende lydb\u00f8lger og forhindre at dekkst\u00f8y p\u00e5virker kj\u00f8rekomforten.<\/p>\n<p><strong>Merk.<\/strong><br \/>\nNokia-dekkene kommer direkte fra leverand\u00f8ren til oss, vanligvis dagen etter at bestillingen er lagt inn.<br \/>\nLagersaldoen oppdateres ikke automatisk, s\u00e5 vi kontakter deg umiddelbart hvis dekket av en eller annen grunn ikke er tilgjengelig umiddelbart.<\/p>","protected":false},"featured_media":12572,"comment_status":"open","ping_status":"closed","template":"","meta":[],"product_brand":[],"product_cat":[154,371,128],"product_tag":[301,394,299,300,121,203,321],"class_list":{"0":"post-12553","1":"product","2":"type-product","3":"status-publish","4":"has-post-thumbnail","6":"product_cat-model-y","7":"product_cat-renkaat","8":"product_cat-tesla-tuotteet","9":"product_tag-autonrenkaat","10":"product_tag-nokian-renkaat","11":"product_tag-rengas","12":"product_tag-renkaat","13":"product_tag-tesla","14":"product_tag-tesla-model-y","15":"product_tag-vanteet","16":"product_shipping_class-nouto","18":"first","19":"instock","20":"taxable","21":"shipping-taxable","22":"purchasable","23":"product-type-simple"},"jetpack_sharing_enabled":true,"_links":{"self":[{"href":"https:\/\/www.vempele.fi\/no\/wp-json\/wp\/v2\/product\/12553","targetHints":{"allow":["GET"]}}],"collection":[{"href":"https:\/\/www.vempele.fi\/no\/wp-json\/wp\/v2\/product"}],"about":[{"href":"https:\/\/www.vempele.fi\/no\/wp-json\/wp\/v2\/types\/product"}],"replies":[{"embeddable":true,"href":"https:\/\/www.vempele.fi\/no\/wp-json\/wp\/v2\/comments?post=12553"}],"wp:featuredmedia":[{"embeddable":true,"href":"https:\/\/www.vempele.fi\/no\/wp-json\/wp\/v2\/media\/12572"}],"wp:attachment":[{"href":"https:\/\/www.vempele.fi\/no\/wp-json\/wp\/v2\/media?parent=12553"}],"wp:term":[{"taxonomy":"product_brand","embeddable":true,"href":"https:\/\/www.vempele.fi\/no\/wp-json\/wp\/v2\/product_brand?post=12553"},{"taxonomy":"product_cat","embeddable":true,"href":"https:\/\/www.vempele.fi\/no\/wp-json\/wp\/v2\/product_cat?post=12553"},{"taxonomy":"product_tag","embeddable":true,"href":"https:\/\/www.vempele.fi\/no\/wp-json\/wp\/v2\/product_tag?post=12553"}],"curies":[{"name":"wp","href":"https:\/\/api.w.org\/{rel}","templated":true}]}}