{"id":12556,"date":"2022-08-18T11:08:01","date_gmt":"2022-08-18T08:08:01","guid":{"rendered":"https:\/\/www.vempele.fi\/?post_type=product&#038;p=12556"},"modified":"2026-01-02T14:27:45","modified_gmt":"2026-01-02T12:27:45","slug":"nokia-hakkapeliitta-r5-235-40r19-96t-xl","status":"publish","type":"product","link":"https:\/\/www.vempele.fi\/no\/tuote\/nokia-hakkapeliitta-r5-235-40r19-96t-xl\/","title":{"rendered":"Nokian Dekk Hakkapeliitta R5 235\/40R19 96T XL - Modell 3"},"content":{"rendered":"<p>1 stk Nokian Dekk Hakkapeliitta R5 235\/40R19 96T XL.<\/p>\n<ul>\n<li class=\"single-product__section-title\">EU-merking av dekk<\/li>\n<li>Type: friksjonsdekk<\/li>\n<li>Tommer: 19<\/li>\n<li>Bredde: 235<\/li>\n<li>Profil: 40<\/li>\n<li class=\"single-product__section-title\">Hastighetskategori: 190 km\/t (T)<\/li>\n<li class=\"single-product__section-title\">Lastekapasitet: 710 kg (96)<\/li>\n<\/ul>","protected":false},"excerpt":{"rendered":"<p class=\"single-product__title\">Nokian Dekk Hakkapeliitta R5 235\/40R19 96T XL.<\/p>\n<p>Friksjonsdekk. Spesielt anbefalt for Tesla Model 3.<\/p>\n<p>Hakkapeliitta R5 er et friksjonsdekk for personbiler. Det sikrer kompromissl\u00f8st veigrep og intelligente kj\u00f8reegenskaper hver eneste vinterdag. Hakkapeliitta R5 er sikkerhet i sin reneste form: en innovativ kombinasjon av vintergrep, stillhet og milj\u00f8vennlighet. Dekkets overlegne grep og kj\u00f8reegenskaper er basert p\u00e5 den nye Double Block Grip-designen. De unike Arctic Grip Crystals-partiklene sikrer det beste isgrepet.<\/p>\n<p>- Rent vintervedlikehold og balansert kj\u00f8ring<br \/>\n- Overlegen kj\u00f8rekomfort og stillhet<br \/>\n- Milj\u00f8vennlig mobilitet og drivstoffbesparelser<\/p>\n<p>REN STILLHET<\/p>\n<p>St\u00f8yniv\u00e5et til et dekk er en n\u00f8kkelfaktor for kj\u00f8rekomforten. Det nye Hakkapeliitta R5 er et friksjonsdekk med en stille, komfortabel og stabil lydprofil. Distraherende st\u00f8ytopper som kan oppfattes av det menneskelige \u00f8ret, er eliminert, og det nye Silent Touch-m\u00f8nsteret har en ny fordeling av m\u00f8nsterlapper som gir en komfortabel og behagelig rulleopplevelse.<\/p>\n<p>REN MILJ\u00d8VENNLIGHET<\/p>\n<p>Hakkapeliitta R5 er et slitesterkt, komfortabelt og sv\u00e6rt energieffektivt vinterdekk. Den lettere rulleeffekten sparer drivstoff og forlenger rekkevidden til elektriske kj\u00f8ret\u00f8y. Hakkapeliitta R5 er designet med materialvalg som reduserer dekkets karbonavtrykk. Dekkets utmerkede vinteregenskaper, h\u00f8ye kj\u00f8relengde og lave rullemotstand sikres av den nye Green Trace-blandingen. Hakkapeliitta R5s milj\u00f8vennlige kj\u00f8reegenskaper er basert p\u00e5 r\u00e5materialer som naturgummi, resirkulert st\u00e5l, vegetabilske oljer og furuharpiks. Mer enn en tredjedel av den nye gummiblandingen er laget av fornybare og resirkulerte materialer.<\/p>\n<p>USVIKELIG GREP P\u00c5 IS OG OVERLEGNE KJ\u00d8REEGENSKAPER<\/p>\n<div>\n<p>De mikroskopiske Arctic Grip-krystallene som er blandet inn i gummioverflaten p\u00e5 Hakkapeliitta R5, fungerer som innebygde pigger og skaper skarpe og holdbare grepskanter i gummien. Etter hvert som dekket slites, kommer partiklene frem og fungerer som en s\u00e5rt tiltrengt grepsreserve.<\/p>\n<p>Hakkapeliitta R5s overlegne grep og kj\u00f8reegenskaper er basert p\u00e5 den nye Double Block Grip-designen, som er spesielt tydelig i dekkets skulderomr\u00e5der. Den stive rekken av m\u00f8nstrede blokker starter i midten og fortsetter katha mot skulderomr\u00e5dene. 40% har flere m\u00f8nsterblokker i skulder- og mellomomr\u00e5dene av dekket sammenlignet med forgjengeren, noe som betyr at det er mer gummi i kontakt med veibanen i kontaktomr\u00e5det. Dette betyr at dekkets grep p\u00e5 glatt underlag er forbedret.<\/p>\n<p>PATENTERT SIKKERHET<\/p>\n<p>Den patenterte vintersikkerhetsindikatoren (WSI) p\u00e5 slitebanen p\u00e5 Hakkapeliitta R5 \u00f8ker dekkets sikkerhet ytterligere. Sn\u00f8fnuggsymbolet viser gjenv\u00e6rende slitebane i millimeter. Symbolet forblir synlig til det gjenst\u00e5r fire millimeter av slitebanen. N\u00e5r sn\u00f8fnuggsymbolet er slitt bort, anbefales det \u00e5 kj\u00f8pe nye vinterdekk.<\/p>\n<\/div>\n<p><strong>Merk.<\/strong><br \/>\nNokia-dekkene kommer direkte fra leverand\u00f8ren til oss, vanligvis dagen etter at bestillingen er lagt inn.<br \/>\nLagersaldoen oppdateres ikke automatisk, s\u00e5 vi kontakter deg umiddelbart hvis dekket av en eller annen grunn ikke er tilgjengelig umiddelbart.<\/p>","protected":false},"featured_media":12569,"comment_status":"open","ping_status":"closed","template":"","meta":[],"product_brand":[],"product_cat":[151,371,128],"product_tag":[301,394,299,300,121,120,321],"class_list":{"0":"post-12556","1":"product","2":"type-product","3":"status-publish","4":"has-post-thumbnail","6":"product_cat-model-3","7":"product_cat-renkaat","8":"product_cat-tesla-tuotteet","9":"product_tag-autonrenkaat","10":"product_tag-nokian-renkaat","11":"product_tag-rengas","12":"product_tag-renkaat","13":"product_tag-tesla","14":"product_tag-tesla-model-3","15":"product_tag-vanteet","16":"product_shipping_class-nouto","18":"first","19":"outofstock","20":"sale","21":"taxable","22":"shipping-taxable","23":"purchasable","24":"product-type-simple"},"jetpack_sharing_enabled":true,"_links":{"self":[{"href":"https:\/\/www.vempele.fi\/no\/wp-json\/wp\/v2\/product\/12556","targetHints":{"allow":["GET"]}}],"collection":[{"href":"https:\/\/www.vempele.fi\/no\/wp-json\/wp\/v2\/product"}],"about":[{"href":"https:\/\/www.vempele.fi\/no\/wp-json\/wp\/v2\/types\/product"}],"replies":[{"embeddable":true,"href":"https:\/\/www.vempele.fi\/no\/wp-json\/wp\/v2\/comments?post=12556"}],"wp:featuredmedia":[{"embeddable":true,"href":"https:\/\/www.vempele.fi\/no\/wp-json\/wp\/v2\/media\/12569"}],"wp:attachment":[{"href":"https:\/\/www.vempele.fi\/no\/wp-json\/wp\/v2\/media?parent=12556"}],"wp:term":[{"taxonomy":"product_brand","embeddable":true,"href":"https:\/\/www.vempele.fi\/no\/wp-json\/wp\/v2\/product_brand?post=12556"},{"taxonomy":"product_cat","embeddable":true,"href":"https:\/\/www.vempele.fi\/no\/wp-json\/wp\/v2\/product_cat?post=12556"},{"taxonomy":"product_tag","embeddable":true,"href":"https:\/\/www.vempele.fi\/no\/wp-json\/wp\/v2\/product_tag?post=12556"}],"curies":[{"name":"wp","href":"https:\/\/api.w.org\/{rel}","templated":true}]}}