{"id":12557,"date":"2022-08-18T11:26:10","date_gmt":"2022-08-18T08:26:10","guid":{"rendered":"https:\/\/www.vempele.fi\/?post_type=product&#038;p=12557"},"modified":"2025-11-05T08:37:49","modified_gmt":"2025-11-05T06:37:49","slug":"nokia-hakkapeliitta-10-235-40r19-96t-xl","status":"publish","type":"product","link":"https:\/\/www.vempele.fi\/no\/tuote\/nokia-hakkapeliitta-10-235-40r19-96t-xl\/","title":{"rendered":"Nokian Dekk Hakkapeliitta 10 235\/40R19 96T XL - Modell 3"},"content":{"rendered":"<p>1 stk Nokian Dekk Hakkapeliitta 10 235\/40R19 96T XL.<\/p>\n<ul>\n<li class=\"single-product__section-title\">EU-merking av dekk<\/li>\n<li>Type: piggdekk<\/li>\n<li>Tommer: 19<\/li>\n<li>Bredde: 235<\/li>\n<li>Profil: 40<\/li>\n<li class=\"single-product__section-title\">Hastighetskategori: 190 km\/t (T)<\/li>\n<li class=\"single-product__section-title\">Lastekapasitet: 710 kg (96)<\/li>\n<\/ul>","protected":false},"excerpt":{"rendered":"<p class=\"single-product__title\">Nokian Dekk Hakkapeliitta 10 235\/40R19 96T XL.<\/p>\n<p>Piggdekk. Spesielt anbefalt for Tesla Model 3.<\/p>\n<div>\n<p><strong>Neste generasjons sikkerhet<\/strong><\/p>\n<p>- Ekstrem sikkerhet - overlegen grep p\u00e5 is og sn\u00f8<br \/>\n- Stabile og presise kj\u00f8reegenskaper, selv p\u00e5 bar vei<br \/>\n- Maksimal kj\u00f8rekomfort, behagelig lydniv\u00e5<br \/>\n- Flere kj\u00f8rte kilometer og lavere drivstofforbruk<\/p>\n<p>Det nye Hakkapeliitta 10 piggdekket fra Nokian gir trygghet i den nordlige vinteren. Nokian Hakkapeliitta 10 bruker Nokian Tyres' dobbel-pin-teknologi, med sentrale pinner for forbedret akselerasjon og bremsegrep og skulderpinner for maksimalt grep i svinger og filskift.Nokian Hakkapeliitta 10 har et nytt grepm\u00f8nster for stabilitet og sn\u00f8grep, og optimal plassering av piggene for et jevnt og behagelig lydmilj\u00f8.<\/p>\n<p><strong>Overlegen vintergrep fra en moderne piggfri l\u00f8sning<\/strong><\/p>\n<p>Under utfordrende vinterforhold gj\u00f8r sn\u00f8dekte veier det ofte vanskelig \u00e5 holde kj\u00f8rebanen og svinge. Reaksjonstid og bremselengde er viktige sikkerhetsfaktorer. Nokian Hakkapeliitta 10s piggl\u00f8sning gir bedre reaksjonstid p\u00e5 vinterf\u00f8re takket v\u00e6re det f\u00f8rsteklasses sn\u00f8grepet. Alle piggene er plassert ved hjelp av toppmoderne piggteknologi, og de nye stjerneformede piggene er rotert 180 grader i skulderomr\u00e5dene for \u00e5 treffe veibanen i en optimal vinkel.<\/p>\n<p><strong>Ekstrem stabilitet og h\u00e5ndterbare kj\u00f8reegenskaper<\/strong><\/p>\n<p>Nokian Hakkapeliitta 10 har et kraftig laminert m\u00f8nster som sikrer stabile og allsidige kj\u00f8reegenskaper under varierende v\u00e6rforhold p\u00e5 is, sn\u00f8 og teksturerte veier. Stabiliteten som det kraftig laminerte m\u00f8nsteret gir, \u00f8ker ogs\u00e5 kj\u00f8resikkerheten ved filskifte i sn\u00f8 og slaps.<\/p>\n<p><strong>Lettrullende dekk reduserer skadelige utslipp<\/strong><\/p>\n<p>Nokians nye Hakkapeliitta 10-belegg holder seg fleksibelt p\u00e5 alt fra milde vinterdager til minusgrader. Et lettrullende overflatem\u00f8nster og oppfinnsom bruk av r\u00e5materialer gj\u00f8r Nokian Hakkapeliitta 10 til et mer ansvarlig valg for bilisten. Nokian Hakkapeliitta 10 har lav rullemotstand, noe som gir drivstoffbesparelser og reduserer skadelige utslipp under kj\u00f8ring.<\/p>\n<p><strong>Lydl\u00f8st piggdekk<\/strong><\/p>\n<p>Nokian Hakkapeliitta 10 har et jevnt og behagelig lydmilj\u00f8 som \u00f8ker kj\u00f8rekomforten, og piggene er optimalt plassert for \u00e5 minimere forstyrrende lydb\u00f8lger og irriterende lydfrekvenstopper. Du kan nyte stille kj\u00f8ring.<\/p>\n<\/div>\n<p><strong>Merk.<\/strong><br \/>\nNokia-dekkene kommer direkte fra leverand\u00f8ren til oss, vanligvis dagen etter at bestillingen er lagt inn.<br \/>\nLagersaldoen oppdateres ikke automatisk, s\u00e5 vi kontakter deg umiddelbart hvis dekket av en eller annen grunn ikke er tilgjengelig umiddelbart.<\/p>","protected":false},"featured_media":12568,"comment_status":"open","ping_status":"closed","template":"","meta":[],"product_brand":[],"product_cat":[151,371,128],"product_tag":[301,394,299,300,121,120,321],"class_list":{"0":"post-12557","1":"product","2":"type-product","3":"status-publish","4":"has-post-thumbnail","6":"product_cat-model-3","7":"product_cat-renkaat","8":"product_cat-tesla-tuotteet","9":"product_tag-autonrenkaat","10":"product_tag-nokian-renkaat","11":"product_tag-rengas","12":"product_tag-renkaat","13":"product_tag-tesla","14":"product_tag-tesla-model-3","15":"product_tag-vanteet","16":"product_shipping_class-nouto","18":"first","19":"instock","20":"taxable","21":"shipping-taxable","22":"purchasable","23":"product-type-simple"},"jetpack_sharing_enabled":true,"_links":{"self":[{"href":"https:\/\/www.vempele.fi\/no\/wp-json\/wp\/v2\/product\/12557","targetHints":{"allow":["GET"]}}],"collection":[{"href":"https:\/\/www.vempele.fi\/no\/wp-json\/wp\/v2\/product"}],"about":[{"href":"https:\/\/www.vempele.fi\/no\/wp-json\/wp\/v2\/types\/product"}],"replies":[{"embeddable":true,"href":"https:\/\/www.vempele.fi\/no\/wp-json\/wp\/v2\/comments?post=12557"}],"wp:featuredmedia":[{"embeddable":true,"href":"https:\/\/www.vempele.fi\/no\/wp-json\/wp\/v2\/media\/12568"}],"wp:attachment":[{"href":"https:\/\/www.vempele.fi\/no\/wp-json\/wp\/v2\/media?parent=12557"}],"wp:term":[{"taxonomy":"product_brand","embeddable":true,"href":"https:\/\/www.vempele.fi\/no\/wp-json\/wp\/v2\/product_brand?post=12557"},{"taxonomy":"product_cat","embeddable":true,"href":"https:\/\/www.vempele.fi\/no\/wp-json\/wp\/v2\/product_cat?post=12557"},{"taxonomy":"product_tag","embeddable":true,"href":"https:\/\/www.vempele.fi\/no\/wp-json\/wp\/v2\/product_tag?post=12557"}],"curies":[{"name":"wp","href":"https:\/\/api.w.org\/{rel}","templated":true}]}}