{"id":12558,"date":"2022-08-18T11:38:06","date_gmt":"2022-08-18T08:38:06","guid":{"rendered":"https:\/\/www.vempele.fi\/?post_type=product&#038;p=12558"},"modified":"2024-09-09T13:09:39","modified_gmt":"2024-09-09T10:09:39","slug":"nokia-hakkapeliitta-r5-ev-235-35r20-92t-xl","status":"publish","type":"product","link":"https:\/\/www.vempele.fi\/no\/tuote\/nokia-hakkapeliitta-r5-ev-235-35r20-92t-xl\/","title":{"rendered":"Nokian Dekk Hakkapeliitta R5 EV 235\/35R20 92T XL - Modell 3"},"content":{"rendered":"<p>1 stk Nokian Dekk Hakkapeliitta R5 EV 235\/35R20 92T XL.<\/p>\n<ul>\n<li class=\"single-product__section-title\">EU-merking av dekk<\/li>\n<li>Type: friksjonsdekk<\/li>\n<li>Tommer: 20<\/li>\n<li>Bredde: 235<\/li>\n<li>Profil: 35<\/li>\n<li class=\"single-product__section-title\">Hastighetskategori: 190 km\/t (T)<\/li>\n<li class=\"single-product__section-title\">Lastekapasitet: 630 kg (92)<\/li>\n<\/ul>","protected":false},"excerpt":{"rendered":"<p class=\"single-product__title\">Nokian Dekk Hakkapeliitta R5 EV 235\/35R20 92T XL.<\/p>\n<p>Friksjonsdekk. Spesielt anbefalt for Tesla Model 3.<\/p>\n<div>\n<p>HELT SIKKER<\/p>\n<p class=\"ewa-rteLine\">Det nye Hakkapeliitta R5 EV er et friksjonsdekk for personbiler, crossovere og SUV-er. Hakkapeliitta R5 EV er basert p\u00e5 milj\u00f8vennlig teknologi som gir maksimal sikkerhet og komfort for elbiler og hybrider, i tillegg til \u00f8kt rekkevidde. Unike Arctic Grip Crystals-partikler sikrer klassens beste ytelse p\u00e5 is. SilentDrive\u2122-teknologien s\u00f8rger for h\u00f8y kj\u00f8rekomfort.<\/p>\n<p class=\"ewa-rteLine\">- Rent vintervedlikehold og balansert kj\u00f8ring<br \/>\n- Milj\u00f8vennlig mobilitet og lengre rekkevidde<br \/>\n- Ekstremt lavt st\u00f8yniv\u00e5 takket v\u00e6re SilentDrive\u2122-teknologi<\/p>\n<p class=\"ewa-rteLine\">REN LENGDE<\/p>\n<p class=\"ewa-rteLine\">Vinteren kan v\u00e6re uforutsigbar og farlig, men det b\u00f8r ikke dekkene v\u00e6re. Det nye Hakkapeliitta R5 EV er egnet for alle nordlige vinterforhold. Ytelsen er forutsigbar p\u00e5 bar, v\u00e5t, isete og sn\u00f8dekte veier. Den nye Double Block Grip-designen gir overlegen grep og kj\u00f8reegenskaper. Unike Arctic Grip Crystals-partikler s\u00f8rger for enest\u00e5ende ytelse p\u00e5 is. Mikroskopiske partikler fungerer som innebygde pigger. Etter hvert som dekket slites, kommer partiklene frem og fungerer som en s\u00e5rt tiltrengt grepsreserve.<\/p>\n<p class=\"ewa-rteLine\">REN STILLHET<\/p>\n<p class=\"ewa-rteLine\">Elbiler er mer stilleg\u00e5ende enn konvensjonelle biler, og den lave dekkst\u00f8yen gj\u00f8r kj\u00f8ringen enda mer behagelig. Lavere st\u00f8yniv\u00e5er kan gj\u00f8re kj\u00f8returen mer behagelig og mindre stressende for sj\u00e5f\u00f8ren. Dette er viktig fordi vi \u00f8nsker \u00e5 skape et fredelig milj\u00f8 for f\u00f8reren inne i bilen og holde st\u00f8yen fra omgivelsene p\u00e5 et minimum. SilentDrive\u2122-teknologien maksimerer komforten. Eksepsjonelt lave st\u00f8yniv\u00e5er oppn\u00e5s ved \u00e5 legge et lag med akustisk skum p\u00e5 innsiden av dekket. Det nye Silent Touch-overflatem\u00f8nsteret s\u00f8rger for en s\u00e5 behagelig kj\u00f8reopplevelse som mulig.<\/p>\n<p class=\"ewa-rteLine\">REN MILJ\u00d8VENNLIGHET<\/p>\n<p class=\"ewa-rteLine\">Hakkapeliitta R5 EV er utviklet for \u00e5 redusere klimafotavtrykket, og det begynner med materialvalget. Den nye Green Trace-gummiblandingen sikrer utmerket vinterytelse, h\u00f8yere kj\u00f8relengde og lav rullemotstand. Rullemotstanden er ytterligere redusert ved \u00e5 optimalisere gummiblandingen spesielt for elektriske kj\u00f8ret\u00f8y. Det h\u00f8ye innholdet av naturgummi holder gummiblandingen fleksibel under alle forhold, samtidig som den lave rullemotstanden sparer drivstoff og reduserer skadelige utslipp.<\/p>\n<\/div>\n<p><strong>Merk.<\/strong><br \/>\nNokia-dekkene kommer direkte fra leverand\u00f8ren til oss, vanligvis dagen etter at bestillingen er lagt inn.<br \/>\nLagersaldoen oppdateres ikke automatisk, s\u00e5 vi kontakter deg umiddelbart hvis dekket av en eller annen grunn ikke er tilgjengelig umiddelbart.<\/p>","protected":false},"featured_media":12567,"comment_status":"open","ping_status":"closed","template":"","meta":[],"product_brand":[],"product_cat":[151,371,128],"product_tag":[301,394,299,300,121,120,321],"class_list":{"0":"post-12558","1":"product","2":"type-product","3":"status-publish","4":"has-post-thumbnail","6":"product_cat-model-3","7":"product_cat-renkaat","8":"product_cat-tesla-tuotteet","9":"product_tag-autonrenkaat","10":"product_tag-nokian-renkaat","11":"product_tag-rengas","12":"product_tag-renkaat","13":"product_tag-tesla","14":"product_tag-tesla-model-3","15":"product_tag-vanteet","16":"product_shipping_class-nouto","18":"first","19":"instock","20":"taxable","21":"shipping-taxable","22":"purchasable","23":"product-type-simple"},"jetpack_sharing_enabled":true,"_links":{"self":[{"href":"https:\/\/www.vempele.fi\/no\/wp-json\/wp\/v2\/product\/12558","targetHints":{"allow":["GET"]}}],"collection":[{"href":"https:\/\/www.vempele.fi\/no\/wp-json\/wp\/v2\/product"}],"about":[{"href":"https:\/\/www.vempele.fi\/no\/wp-json\/wp\/v2\/types\/product"}],"replies":[{"embeddable":true,"href":"https:\/\/www.vempele.fi\/no\/wp-json\/wp\/v2\/comments?post=12558"}],"wp:featuredmedia":[{"embeddable":true,"href":"https:\/\/www.vempele.fi\/no\/wp-json\/wp\/v2\/media\/12567"}],"wp:attachment":[{"href":"https:\/\/www.vempele.fi\/no\/wp-json\/wp\/v2\/media?parent=12558"}],"wp:term":[{"taxonomy":"product_brand","embeddable":true,"href":"https:\/\/www.vempele.fi\/no\/wp-json\/wp\/v2\/product_brand?post=12558"},{"taxonomy":"product_cat","embeddable":true,"href":"https:\/\/www.vempele.fi\/no\/wp-json\/wp\/v2\/product_cat?post=12558"},{"taxonomy":"product_tag","embeddable":true,"href":"https:\/\/www.vempele.fi\/no\/wp-json\/wp\/v2\/product_tag?post=12558"}],"curies":[{"name":"wp","href":"https:\/\/api.w.org\/{rel}","templated":true}]}}