{"id":13091,"date":"2022-09-26T08:02:44","date_gmt":"2022-09-26T05:02:44","guid":{"rendered":"https:\/\/www.vempele.fi\/tuote\/nokiahakkapeliitta-r5-ev-255-45r19-104t-xl-copy\/"},"modified":"2023-08-02T15:48:18","modified_gmt":"2023-08-02T12:48:18","slug":"nokiahakkapeliitta-r5-ev-245-50r19-105r-xl","status":"publish","type":"product","link":"https:\/\/www.vempele.fi\/no\/tuote\/nokiahakkapeliitta-r5-ev-245-50r19-105r-xl\/","title":{"rendered":"Nokian Dekk Hakkapeliitta R5 EV 245\/50R19 105R XL - Modell Y"},"content":{"rendered":"<p>1 stk Nokian Dekk Hakkapeliitta R5 EV: 245\/50R19 105R XL.<\/p>\n<ul>\n<li class=\"single-product__section-title\">EU-merking av dekk<\/li>\n<li>Type: friksjonsring<\/li>\n<li>Tommer: 19<\/li>\n<li>Bredde: 245<\/li>\n<li>Profil: 50<\/li>\n<li class=\"single-product__section-title\">Hastighetskategori: 170 km\/t (R)<\/li>\n<li class=\"single-product__section-title\">Lastekapasitet: 850 kg (105)<\/li>\n<\/ul>","protected":false},"excerpt":{"rendered":"<p class=\"single-product__title\">Nokian-dekk Hakkapeliitta R5 EV: 255\/45R19 104T XL.<\/p>\n<p>Friksjonsdekk.<\/p>\n<p class=\"ewa-rteLine\">Hakkapeliitta R5 EV er et friksjonsdekk for personbiler, crossovere og SUV-er. Dekkene er godt egnet for Tesla Model Y. Hakkapeliitta R5 EV, med sin milj\u00f8vennlige teknologi, s\u00f8rger for maksimal sikkerhet og komfort for elbiler og hybrider, i tillegg til lengre rekkevidde. Unike Arctic Grip Crystals s\u00f8rger for klassens beste ytelse p\u00e5 is. SilentDrive\u2122-teknologien s\u00f8rger for h\u00f8y kj\u00f8rekomfort.<\/p>\n<p class=\"ewa-rteLine\">- Rent vintervedlikehold og balansert kj\u00f8ring<br \/>\n- Milj\u00f8vennlig mobilitet og lengre rekkevidde<br \/>\n- Ekstremt lavt st\u00f8yniv\u00e5 takket v\u00e6re SilentDrive\u2122-teknologi<\/p>\n<p><strong>Merk.<\/strong><br \/>\nNokia-dekkene kommer direkte fra leverand\u00f8ren til oss, vanligvis dagen etter at bestillingen er lagt inn.<br \/>\nLagersaldoen oppdateres ikke automatisk, s\u00e5 vi kontakter deg umiddelbart hvis dekket av en eller annen grunn ikke er tilgjengelig umiddelbart.<\/p>","protected":false},"featured_media":12576,"comment_status":"open","ping_status":"closed","template":"","meta":[],"product_brand":[],"product_cat":[154,371,128],"product_tag":[301,394,299,300,121,203,321],"class_list":{"0":"post-13091","1":"product","2":"type-product","3":"status-publish","4":"has-post-thumbnail","6":"product_cat-model-y","7":"product_cat-renkaat","8":"product_cat-tesla-tuotteet","9":"product_tag-autonrenkaat","10":"product_tag-nokian-renkaat","11":"product_tag-rengas","12":"product_tag-renkaat","13":"product_tag-tesla","14":"product_tag-tesla-model-y","15":"product_tag-vanteet","16":"product_shipping_class-nouto","18":"first","19":"instock","20":"taxable","21":"shipping-taxable","22":"purchasable","23":"product-type-simple"},"jetpack_sharing_enabled":true,"_links":{"self":[{"href":"https:\/\/www.vempele.fi\/no\/wp-json\/wp\/v2\/product\/13091","targetHints":{"allow":["GET"]}}],"collection":[{"href":"https:\/\/www.vempele.fi\/no\/wp-json\/wp\/v2\/product"}],"about":[{"href":"https:\/\/www.vempele.fi\/no\/wp-json\/wp\/v2\/types\/product"}],"replies":[{"embeddable":true,"href":"https:\/\/www.vempele.fi\/no\/wp-json\/wp\/v2\/comments?post=13091"}],"wp:featuredmedia":[{"embeddable":true,"href":"https:\/\/www.vempele.fi\/no\/wp-json\/wp\/v2\/media\/12576"}],"wp:attachment":[{"href":"https:\/\/www.vempele.fi\/no\/wp-json\/wp\/v2\/media?parent=13091"}],"wp:term":[{"taxonomy":"product_brand","embeddable":true,"href":"https:\/\/www.vempele.fi\/no\/wp-json\/wp\/v2\/product_brand?post=13091"},{"taxonomy":"product_cat","embeddable":true,"href":"https:\/\/www.vempele.fi\/no\/wp-json\/wp\/v2\/product_cat?post=13091"},{"taxonomy":"product_tag","embeddable":true,"href":"https:\/\/www.vempele.fi\/no\/wp-json\/wp\/v2\/product_tag?post=13091"}],"curies":[{"name":"wp","href":"https:\/\/api.w.org\/{rel}","templated":true}]}}