{"id":13195,"date":"2022-09-30T07:19:16","date_gmt":"2022-09-30T04:19:16","guid":{"rendered":"https:\/\/www.vempele.fi\/?post_type=product&#038;p=13195"},"modified":"2023-06-14T15:16:51","modified_gmt":"2023-06-14T12:16:51","slug":"montering-og-balansering-av-felger-og-montering-av-sensorer","status":"publish","type":"product","link":"https:\/\/www.vempele.fi\/no\/tuote\/vanteille-asennus-ja-tasapainotus-seka-antureiden-asennus\/","title":{"rendered":"Montering og balansering av hjul og montering av sensorer"},"content":{"rendered":"<p>Vi monterer trykksensorer p\u00e5 felgene og dekkene p\u00e5 felgene og balanserer dem.<\/p>\n<p><strong>NB! Hvis du kj\u00f8per b\u00e5de dekk og felger fra oss, monterer og balanserer vi dem gratis for deg. I dette tilfellet trenger du ikke \u00e5 kj\u00f8pe tjenesten separat.<\/strong><\/p>","protected":false},"excerpt":{"rendered":"<p>Vi monterer trykksensorer p\u00e5 felgene og dekkene p\u00e5 felgene og balanserer dem.<\/p>\n<p><strong>NB! Hvis du kj\u00f8per b\u00e5de dekk og felger fra oss, monterer og balanserer vi dem gratis for deg. I dette tilfellet trenger du ikke \u00e5 kj\u00f8pe tjenesten separat.<\/strong><\/p>","protected":false},"featured_media":15671,"comment_status":"open","ping_status":"closed","template":"","meta":[],"product_brand":[],"product_cat":[371,372],"product_tag":[],"class_list":{"0":"post-13195","1":"product","2":"type-product","3":"status-publish","4":"has-post-thumbnail","6":"product_cat-renkaat","7":"product_cat-vanteet","9":"first","10":"instock","11":"taxable","12":"shipping-taxable","13":"purchasable","14":"product-type-simple"},"jetpack_sharing_enabled":true,"_links":{"self":[{"href":"https:\/\/www.vempele.fi\/no\/wp-json\/wp\/v2\/product\/13195","targetHints":{"allow":["GET"]}}],"collection":[{"href":"https:\/\/www.vempele.fi\/no\/wp-json\/wp\/v2\/product"}],"about":[{"href":"https:\/\/www.vempele.fi\/no\/wp-json\/wp\/v2\/types\/product"}],"replies":[{"embeddable":true,"href":"https:\/\/www.vempele.fi\/no\/wp-json\/wp\/v2\/comments?post=13195"}],"wp:featuredmedia":[{"embeddable":true,"href":"https:\/\/www.vempele.fi\/no\/wp-json\/wp\/v2\/media\/15671"}],"wp:attachment":[{"href":"https:\/\/www.vempele.fi\/no\/wp-json\/wp\/v2\/media?parent=13195"}],"wp:term":[{"taxonomy":"product_brand","embeddable":true,"href":"https:\/\/www.vempele.fi\/no\/wp-json\/wp\/v2\/product_brand?post=13195"},{"taxonomy":"product_cat","embeddable":true,"href":"https:\/\/www.vempele.fi\/no\/wp-json\/wp\/v2\/product_cat?post=13195"},{"taxonomy":"product_tag","embeddable":true,"href":"https:\/\/www.vempele.fi\/no\/wp-json\/wp\/v2\/product_tag?post=13195"}],"curies":[{"name":"wp","href":"https:\/\/api.w.org\/{rel}","templated":true}]}}