{"id":13242,"date":"2022-10-04T13:49:43","date_gmt":"2022-10-04T10:49:43","guid":{"rendered":"https:\/\/www.vempele.fi\/?post_type=product&#038;p=13242"},"modified":"2026-04-13T22:41:03","modified_gmt":"2026-04-13T19:41:03","slug":"modell-s-reparasjonssett-for-viskerblad","status":"publish","type":"product","link":"https:\/\/www.vempele.fi\/no\/tuote\/model-s-pyyhkijanvivuston-korjaussetti\/","title":{"rendered":"Reparasjonssett for vindusviskerblad - Tesla Model S"},"content":{"rendered":"<p>Reparasjonssett for vindusviskerblad<\/p>\n<p>Detaljerte installasjonsinstruksjoner finner du p\u00e5 YouTube: <a href=\"https:\/\/youtu.be\/vzVVdpPBwjc\">https:\/\/youtu.be\/vzVVdpPBwjc<\/a><\/p>\n<ul>\n<li style=\"list-style-type: none;\">\n<ul>\n<li>Produsent: nekko Oy<\/li>\n<li>Designet for: Tesla Model S<\/li>\n<li>Enkel installasjon<\/li>\n<li>Materialer: slitesterke aluminiumsbronseb\u00f8ssinger av h\u00f8y kvalitet og monteringsverkt\u00f8y av jern<\/li>\n<li>Laget i Finland!<\/li>\n<\/ul>\n<\/li>\n<\/ul>","protected":false},"excerpt":{"rendered":"<p>Nettstedet for Tesla Model S viskerblad er av d\u00e5rlig kvalitet. Delene er utsatt for slitasje, slik at viskerbladet l\u00f8sner og i verste fall begynner \u00e5 gnisse mot panseret.<\/p>\n<p>Med dette reparasjonssettet fra Nekko Oy kan du reparere et allerede l\u00f8st viskerblad bedre enn nytt. Det er lurt \u00e5 kj\u00f8pe og bytte ut vindusviskerbladreparasjonssettet f\u00f8r symptomene utvikler seg for \u00e5 unng\u00e5 kostbare konsekvenser.<\/p>","protected":false},"featured_media":13265,"comment_status":"open","ping_status":"closed","template":"","meta":[],"product_brand":[],"product_cat":[152,453,484,374,128,473],"product_tag":[83,406,405,195,122],"class_list":{"0":"post-13242","1":"product","2":"type-product","3":"status-publish","4":"has-post-thumbnail","6":"product_cat-model-s","7":"product_cat-ms-tarvikkeet","8":"product_cat-tarvikkeet-ulkopuolelle-model-s","9":"product_cat-tesla-tarvikkeet","10":"product_cat-tesla-tuotteet","11":"product_cat-varaosat-model-s","12":"product_tag-autotarvikkeet","13":"product_tag-korjaus","14":"product_tag-pyyhkijanvivusto","15":"product_tag-pyyhkijat","16":"product_tag-tesla-model-s","18":"first","19":"instock","20":"taxable","21":"shipping-taxable","22":"purchasable","23":"product-type-variable"},"jetpack_sharing_enabled":true,"_links":{"self":[{"href":"https:\/\/www.vempele.fi\/no\/wp-json\/wp\/v2\/product\/13242","targetHints":{"allow":["GET"]}}],"collection":[{"href":"https:\/\/www.vempele.fi\/no\/wp-json\/wp\/v2\/product"}],"about":[{"href":"https:\/\/www.vempele.fi\/no\/wp-json\/wp\/v2\/types\/product"}],"replies":[{"embeddable":true,"href":"https:\/\/www.vempele.fi\/no\/wp-json\/wp\/v2\/comments?post=13242"}],"wp:featuredmedia":[{"embeddable":true,"href":"https:\/\/www.vempele.fi\/no\/wp-json\/wp\/v2\/media\/13265"}],"wp:attachment":[{"href":"https:\/\/www.vempele.fi\/no\/wp-json\/wp\/v2\/media?parent=13242"}],"wp:term":[{"taxonomy":"product_brand","embeddable":true,"href":"https:\/\/www.vempele.fi\/no\/wp-json\/wp\/v2\/product_brand?post=13242"},{"taxonomy":"product_cat","embeddable":true,"href":"https:\/\/www.vempele.fi\/no\/wp-json\/wp\/v2\/product_cat?post=13242"},{"taxonomy":"product_tag","embeddable":true,"href":"https:\/\/www.vempele.fi\/no\/wp-json\/wp\/v2\/product_tag?post=13242"}],"curies":[{"name":"wp","href":"https:\/\/api.w.org\/{rel}","templated":true}]}}